{"id":18432,"date":"2020-10-29T10:03:14","date_gmt":"2020-10-29T13:03:14","guid":{"rendered":"https:\/\/www.ifbaiano.edu.br\/unidades\/catu\/?page_id=18432"},"modified":"2020-10-29T10:03:14","modified_gmt":"2020-10-29T13:03:14","slug":"licitacoes","status":"publish","type":"page","link":"https:\/\/www.ifbaiano.edu.br\/unidades\/catu\/licitacoes\/","title":{"rendered":"Licita\u00e7\u00f5es"},"content":{"rendered":"\n<p>Seguem informa\u00e7\u00f5es sobre as licita\u00e7\u00f5es e contratos em vigor no campus Catu:<\/p>\n\n\n\n<p><a rel=\"noreferrer noopener\" href=\"https:\/\/www.ifbaiano.edu.br\/unidades\/catu\/licitacoes-e-contratos\/pregao\/\" data-type=\"URL\" data-id=\"https:\/\/www.ifbaiano.edu.br\/unidades\/catu\/licitacoes-e-contratos\/pregao\/\" target=\"_blank\">Preg\u00e3o<\/a><\/p>\n\n\n\n<p><a href=\"https:\/\/www.ifbaiano.edu.br\/unidades\/catu\/licitacoes-e-contratos\/dispensa\/\" data-type=\"URL\" data-id=\"https:\/\/www.ifbaiano.edu.br\/unidades\/catu\/licitacoes-e-contratos\/dispensa\/\" target=\"_blank\" rel=\"noreferrer noopener\">Dispensa de Licita\u00e7\u00e3o<\/a><\/p>\n\n\n\n<p><a href=\"https:\/\/www.ifbaiano.edu.br\/unidades\/catu\/licitacoes-e-contratos\/inexigibilidade\/\" data-type=\"URL\" data-id=\"https:\/\/www.ifbaiano.edu.br\/unidades\/catu\/licitacoes-e-contratos\/inexigibilidade\/\" target=\"_blank\" rel=\"noreferrer noopener\">Inexigibilidade<\/a><\/p>\n\n\n\n<p><a rel=\"noreferrer noopener\" href=\"https:\/\/www.ifbaiano.edu.br\/unidades\/catu\/licitacoes-e-contratos\/adesao\/\" data-type=\"URL\" data-id=\"https:\/\/www.ifbaiano.edu.br\/unidades\/catu\/licitacoes-e-contratos\/adesao\/\" target=\"_blank\">Ades\u00e3o<\/a><\/p>\n\n\n\n<p><a href=\"https:\/\/www.ifbaiano.edu.br\/unidades\/catu\/licitacoes-e-contratos\/contratos\/\" data-type=\"URL\" data-id=\"https:\/\/www.ifbaiano.edu.br\/unidades\/catu\/licitacoes-e-contratos\/contratos\/\" target=\"_blank\" rel=\"noreferrer noopener\">Contratos<\/a><\/p>\n\n\n\n<p><\/p>\n","protected":false},"excerpt":{"rendered":"<p>Seguem informa\u00e7\u00f5es sobre as licita\u00e7\u00f5es e contratos em vigor no campus Catu: Preg\u00e3o Dispensa de Licita\u00e7\u00e3o Inexigibilidade Ades\u00e3o Contratos<\/p>\n","protected":false},"author":64,"featured_media":0,"parent":0,"menu_order":0,"comment_status":"closed","ping_status":"closed","template":"","meta":[],"_links":{"self":[{"href":"https:\/\/www.ifbaiano.edu.br\/unidades\/catu\/wp-json\/wp\/v2\/pages\/18432"}],"collection":[{"href":"https:\/\/www.ifbaiano.edu.br\/unidades\/catu\/wp-json\/wp\/v2\/pages"}],"about":[{"href":"https:\/\/www.ifbaiano.edu.br\/unidades\/catu\/wp-json\/wp\/v2\/types\/page"}],"author":[{"embeddable":true,"href":"https:\/\/www.ifbaiano.edu.br\/unidades\/catu\/wp-json\/wp\/v2\/users\/64"}],"replies":[{"embeddable":true,"href":"https:\/\/www.ifbaiano.edu.br\/unidades\/catu\/wp-json\/wp\/v2\/comments?post=18432"}],"version-history":[{"count":2,"href":"https:\/\/www.ifbaiano.edu.br\/unidades\/catu\/wp-json\/wp\/v2\/pages\/18432\/revisions"}],"predecessor-version":[{"id":18434,"href":"https:\/\/www.ifbaiano.edu.br\/unidades\/catu\/wp-json\/wp\/v2\/pages\/18432\/revisions\/18434"}],"wp:attachment":[{"href":"https:\/\/www.ifbaiano.edu.br\/unidades\/catu\/wp-json\/wp\/v2\/media?parent=18432"}],"curies":[{"name":"wp","href":"https:\/\/api.w.org\/{rel}","templated":true}]}}