{"id":18645,"date":"2021-03-17T12:50:44","date_gmt":"2021-03-17T15:50:44","guid":{"rendered":"https:\/\/www.ifbaiano.edu.br\/unidades\/catu\/?page_id=18645"},"modified":"2021-03-17T12:51:42","modified_gmt":"2021-03-17T15:51:42","slug":"boletins-informativos","status":"publish","type":"page","link":"https:\/\/www.ifbaiano.edu.br\/unidades\/catu\/licitacoes-e-contratos\/boletins-informativos\/","title":{"rendered":"Boletins Informativos"},"content":{"rendered":"\n<p><strong>Acompanhamento dos Processos de Compras e Licita\u00e7\u00f5es<\/strong><\/p>\n\n\n\n<p>A Diretoria de Administra\u00e7\u00e3o e Planejamento (DAP), atrav\u00e9s do N\u00facleo de Compras e Licita\u00e7\u00f5es, disponibiliza&nbsp;informa\u00e7\u00f5es correspondente ao Plano Anual de Contrata\u00e7\u00f5es do Campus Catu. Na planilha disponibilizada&nbsp;no link a seguir \u00e9 poss\u00edvel verificar:<\/p>\n\n\n\n<ul><li>os processos de compras e licita\u00e7\u00f5es que foram conclu\u00eddos em 2020;<\/li><li>a rela\u00e7\u00e3o dos itens lan\u00e7ados no PAC 2021;<\/li><li>o status&nbsp;dos processos correspondentes ao PAC 2021 que est\u00e3o no N\u00facleo de Compras e Licita\u00e7\u00f5es.<\/li><\/ul>\n\n\n\n<p class=\"has-text-align-left\">Em tempo, informamos que d\u00favidas&nbsp; poder\u00e3o ser esclarecidas&nbsp; pelo N\u00facleo de Compras e Licita\u00e7\u00f5es, atrav\u00e9s do email:&nbsp;<a rel=\"noreferrer noopener\" href=\"mailto:licitacoes@catu.ifbaiano.edu.br\" target=\"_blank\">licitacoes@catu.ifbaiano.edu.br<\/a>.<br><br><a href=\"https:\/\/meudrive.ifbaiano.edu.br\/owncloud\/index.php\/s\/rFaKslLc430Mzv2\" target=\"_blank\" rel=\"noreferrer noopener\">Clique aqui para acessar a planilha de acompanhamento<\/a>.<\/p>\n","protected":false},"excerpt":{"rendered":"<p>Acompanhamento dos Processos de Compras e Licita\u00e7\u00f5es A Diretoria de Administra\u00e7\u00e3o e Planejamento (DAP), atrav\u00e9s do N\u00facleo de Compras e Licita\u00e7\u00f5es, disponibiliza&nbsp;informa\u00e7\u00f5es correspondente ao Plano Anual de Contrata\u00e7\u00f5es do Campus Catu. Na planilha disponibilizada&nbsp;no link a seguir \u00e9 poss\u00edvel verificar: os processos de compras e licita\u00e7\u00f5es que foram conclu\u00eddos em 2020; a rela\u00e7\u00e3o dos itens [&hellip;]<\/p>\n","protected":false},"author":74,"featured_media":0,"parent":14607,"menu_order":0,"comment_status":"closed","ping_status":"closed","template":"","meta":[],"_links":{"self":[{"href":"https:\/\/www.ifbaiano.edu.br\/unidades\/catu\/wp-json\/wp\/v2\/pages\/18645"}],"collection":[{"href":"https:\/\/www.ifbaiano.edu.br\/unidades\/catu\/wp-json\/wp\/v2\/pages"}],"about":[{"href":"https:\/\/www.ifbaiano.edu.br\/unidades\/catu\/wp-json\/wp\/v2\/types\/page"}],"author":[{"embeddable":true,"href":"https:\/\/www.ifbaiano.edu.br\/unidades\/catu\/wp-json\/wp\/v2\/users\/74"}],"replies":[{"embeddable":true,"href":"https:\/\/www.ifbaiano.edu.br\/unidades\/catu\/wp-json\/wp\/v2\/comments?post=18645"}],"version-history":[{"count":2,"href":"https:\/\/www.ifbaiano.edu.br\/unidades\/catu\/wp-json\/wp\/v2\/pages\/18645\/revisions"}],"predecessor-version":[{"id":18648,"href":"https:\/\/www.ifbaiano.edu.br\/unidades\/catu\/wp-json\/wp\/v2\/pages\/18645\/revisions\/18648"}],"up":[{"embeddable":true,"href":"https:\/\/www.ifbaiano.edu.br\/unidades\/catu\/wp-json\/wp\/v2\/pages\/14607"}],"wp:attachment":[{"href":"https:\/\/www.ifbaiano.edu.br\/unidades\/catu\/wp-json\/wp\/v2\/media?parent=18645"}],"curies":[{"name":"wp","href":"https:\/\/api.w.org\/{rel}","templated":true}]}}