{"id":20299,"date":"2025-05-12T09:18:32","date_gmt":"2025-05-12T12:18:32","guid":{"rendered":"https:\/\/www.ifbaiano.edu.br\/unidades\/catu\/?page_id=20299"},"modified":"2025-06-30T10:48:30","modified_gmt":"2025-06-30T13:48:30","slug":"secretaria","status":"publish","type":"page","link":"https:\/\/www.ifbaiano.edu.br\/unidades\/catu\/secretaria\/","title":{"rendered":"SECRETARIA"},"content":{"rendered":"<div class=\"wp-block-image\">\n<figure class=\"aligncenter size-large\"><img decoding=\"async\" loading=\"lazy\" width=\"1024\" height=\"576\" src=\"https:\/\/www.ifbaiano.edu.br\/unidades\/catu\/files\/2025\/05\/2295-sra-imagem-1024x576.webp\" alt=\"\" class=\"wp-image-25931\" srcset=\"https:\/\/www.ifbaiano.edu.br\/unidades\/catu\/files\/2025\/05\/2295-sra-imagem-1024x576.webp 1024w, https:\/\/www.ifbaiano.edu.br\/unidades\/catu\/files\/2025\/05\/2295-sra-imagem-300x169.webp 300w, https:\/\/www.ifbaiano.edu.br\/unidades\/catu\/files\/2025\/05\/2295-sra-imagem-768x432.webp 768w, https:\/\/www.ifbaiano.edu.br\/unidades\/catu\/files\/2025\/05\/2295-sra-imagem-1536x864.webp 1536w, https:\/\/www.ifbaiano.edu.br\/unidades\/catu\/files\/2025\/05\/2295-sra-imagem-100x56.webp 100w, https:\/\/www.ifbaiano.edu.br\/unidades\/catu\/files\/2025\/05\/2295-sra-imagem.webp 1920w\" sizes=\"(max-width: 1024px) 100vw, 1024px\" \/><\/figure><\/div>\n\n\n<p><\/p>\n\n\n\n<p><\/p>\n\n\n\n<p><strong>Documentos Importantes<\/strong><\/p>\n\n\n\n<p><a rel=\"noreferrer noopener\" href=\"https:\/\/www.ifbaiano.edu.br\/unidades\/catu\/files\/2022\/04\/REQUERIMENTO-SRA-NOVO.pdf\" target=\"_blank\">NOVO MODELO DE RE<\/a><a href=\"https:\/\/www.ifbaiano.edu.br\/unidades\/catu\/files\/2022\/04\/REQUERIMENTO-SRA-NOVO.pdf\" target=\"_blank\" rel=\"noreferrer noopener\">QUERIMENTO PDF<\/a><\/p>\n\n\n\n<p><a rel=\"noreferrer noopener\" href=\"https:\/\/www.ifbaiano.edu.br\/unidades\/catu\/files\/2022\/04\/REQUERIMENTO-SRA-EDITAVEL.docx\" target=\"_blank\">NOVO MODELO DE REQUERIMENTO EDIT\u00c1VEL<\/a><\/p>\n\n\n\n<hr class=\"wp-block-separator has-text-color has-vivid-purple-color has-css-opacity has-vivid-purple-background-color has-background is-style-wide\" \/>\n\n\n\n<p><strong>Concluintes de cursos t\u00e9cnicos (integrado e subsequente)<\/strong>:<\/p>\n\n\n\n<p>EXPEDI\u00c7\u00c3O E REGISTRO DE DIPLOMA:<br>Para solicitar a emiss\u00e3o do diploma, os concluintes dever\u00e3o preencher o formul\u00e1rio e entregar na secretaria junto com os documentos correspondentes aos itens de cada curso listado abaixo:<\/p>\n\n\n\n<p><strong>Integrado:<\/strong> itens&nbsp;1, 2, 3, 5, 6, 8<\/p>\n\n\n\n<p><strong>Subsequente:<\/strong> itens&nbsp;1, 2, 3, 5, 6, 9<br><br><strong>*O item 6 \u00e9 exigido apenas para os concluintes do sexo masculino e maiores de 18 anos.<\/strong><\/p>\n\n\n\n<p><a rel=\"noreferrer noopener\" href=\"https:\/\/www.ifbaiano.edu.br\/unidades\/catu\/files\/2023\/07\/REQUERIMENTO-PARA-CERTICACAO-TECNICA-COLACAO-DE-GRAU-E-EXPEDICAO-E-REGISTRO-DE-DIPLOMA.pdf\" target=\"_blank\">REQUERIMENTO PARA CERTIFICA\u00c7\u00c3O T\u00c9CNICA &#8211; COLA\u00c7\u00c3O DE GRAU E EXPEDI\u00c7\u00c3O E REGISTRO DE DIPLOMA<\/a><\/p>\n\n\n\n<hr class=\"wp-block-separator has-text-color has-vivid-green-cyan-color has-css-opacity has-vivid-green-cyan-background-color has-background is-style-wide\" \/>\n\n\n\n<p><strong>Para os concluintes de cursos de gradua\u00e7\u00e3o e p\u00f3s-gradua\u00e7\u00e3o (especializa\u00e7\u00e3o e mestrado):<\/strong><\/p>\n\n\n\n<p>EXPEDI\u00c7\u00c3O E REGISTRO DE DIPLOMA:<br>Para solicitar a emiss\u00e3o do diploma, os concluintes dever\u00e3o preencher o formul\u00e1rio e entregar na secretaria junto com os documentos correspondentes aos itens de cada curso listado abaixo:<\/p>\n\n\n\n<p><strong>Superior:<\/strong> itens&nbsp;1, 2, 3, 5, 6, 9<\/p>\n\n\n\n<p><strong>P\u00f3s-Gradua\u00e7\u00e3o<\/strong>: itens&nbsp;1, 2, 3, 5, 6, 10<br><br><strong>*O item 6 \u00e9 exigido apenas para os concluintes do sexo masculino e maiores de 18 anos.<\/strong><\/p>\n\n\n\n<p><a rel=\"noreferrer noopener\" href=\"https:\/\/www.ifbaiano.edu.br\/unidades\/catu\/files\/2023\/07\/REQUERIMENTO-PARA-CERTICACAO-TECNICA-COLACAO-DE-GRAU-E-EXPEDICAO-E-REGISTRO-DE-DIPLOMA.pdf\" target=\"_blank\">REQUERIMENTO PARA CERTIFICA\u00c7\u00c3O T\u00c9CNICA &#8211; COLA\u00c7\u00c3O DE GRAU E EXPEDI\u00c7\u00c3O E REGISTRO DE DIPLOMA<\/a><\/p>\n\n\n\n<hr class=\"wp-block-separator has-text-color has-vivid-green-cyan-color has-alpha-channel-opacity has-vivid-green-cyan-background-color has-background\" \/>\n","protected":false},"excerpt":{"rendered":"<p>Documentos Importantes NOVO MODELO DE REQUERIMENTO PDF NOVO MODELO DE REQUERIMENTO EDIT\u00c1VEL Concluintes de cursos t\u00e9cnicos (integrado e subsequente): EXPEDI\u00c7\u00c3O E REGISTRO DE DIPLOMA:Para solicitar a emiss\u00e3o do diploma, os concluintes dever\u00e3o preencher o formul\u00e1rio e entregar na secretaria junto com os documentos correspondentes aos itens de cada curso listado abaixo: Integrado: itens&nbsp;1, 2, 3, [&hellip;]<\/p>\n","protected":false},"author":141,"featured_media":0,"parent":0,"menu_order":0,"comment_status":"closed","ping_status":"closed","template":"","meta":[],"_links":{"self":[{"href":"https:\/\/www.ifbaiano.edu.br\/unidades\/catu\/wp-json\/wp\/v2\/pages\/20299"}],"collection":[{"href":"https:\/\/www.ifbaiano.edu.br\/unidades\/catu\/wp-json\/wp\/v2\/pages"}],"about":[{"href":"https:\/\/www.ifbaiano.edu.br\/unidades\/catu\/wp-json\/wp\/v2\/types\/page"}],"author":[{"embeddable":true,"href":"https:\/\/www.ifbaiano.edu.br\/unidades\/catu\/wp-json\/wp\/v2\/users\/141"}],"replies":[{"embeddable":true,"href":"https:\/\/www.ifbaiano.edu.br\/unidades\/catu\/wp-json\/wp\/v2\/comments?post=20299"}],"version-history":[{"count":13,"href":"https:\/\/www.ifbaiano.edu.br\/unidades\/catu\/wp-json\/wp\/v2\/pages\/20299\/revisions"}],"predecessor-version":[{"id":26226,"href":"https:\/\/www.ifbaiano.edu.br\/unidades\/catu\/wp-json\/wp\/v2\/pages\/20299\/revisions\/26226"}],"wp:attachment":[{"href":"https:\/\/www.ifbaiano.edu.br\/unidades\/catu\/wp-json\/wp\/v2\/media?parent=20299"}],"curies":[{"name":"wp","href":"https:\/\/api.w.org\/{rel}","templated":true}]}}