{"id":21351,"date":"2022-09-15T10:28:30","date_gmt":"2022-09-15T13:28:30","guid":{"rendered":"https:\/\/www.ifbaiano.edu.br\/unidades\/catu\/?page_id=21351"},"modified":"2022-09-15T10:28:31","modified_gmt":"2022-09-15T13:28:31","slug":"tutoriais-de-servicos","status":"publish","type":"page","link":"https:\/\/www.ifbaiano.edu.br\/unidades\/catu\/tutoriais-de-servicos\/","title":{"rendered":"Tutoriais de Servi\u00e7os"},"content":{"rendered":"\n<p><strong>Servi\u00e7os oferecidos remotamente pela Biblioteca &#8211; Tutoriais:<\/strong><\/p>\n\n\n\n<hr class=\"wp-block-separator has-text-color has-background has-vivid-green-cyan-background-color has-vivid-green-cyan-color is-style-wide\" \/>\n\n\n\n<p><em>Recupera\u00e7\u00e3o de senha de acesso ao Pergamum<\/em><br><a rel=\"noreferrer noopener\" href=\"\/\/bit.ly\/SenhaPergamum\" target=\"_blank\"><strong>Clique aqui<\/strong><\/a><\/p>\n\n\n\n<p><em>Altera\u00e7\u00e3o de senha do Pergamum<\/em><br><strong><a href=\"\/\/bit.ly\/SenhaAltera\u00e7\u00e3o\" target=\"_blank\" rel=\"noreferrer noopener\">Clique aqui<\/a><\/strong><\/p>\n\n\n\n<p><em>Primeiro acesso \u00e0 Biblioteca Virtual<\/em><br><a href=\"\/\/bit.ly\/TutorialAcessoBVPearson\" target=\"_blank\" rel=\"noreferrer noopener\"><strong>Clique aqui<\/strong><\/a><\/p>\n\n\n\n<p><em>Solicita\u00e7\u00e3o de empr\u00e9stimo pelo<\/em> Pergamum<br><strong><a href=\"\/\/bit.ly\/EmprestimoPergamum\" target=\"_blank\" rel=\"noreferrer noopener\">Clique aqui<\/a><\/strong><\/p>\n\n\n\n<p><em>Acesso ao Portal de Peri\u00f3dicos pela CAFe<\/em><br><a href=\"\/\/bit.ly\/TutorialPortalPeriodicos\" target=\"_blank\" rel=\"noreferrer noopener\"><strong>Clique aqui<\/strong><\/a><\/p>\n\n\n\n<p><\/p>\n\n\n\n<p><\/p>\n\n\n\n<p><\/p>\n","protected":false},"excerpt":{"rendered":"<p>Servi\u00e7os oferecidos remotamente pela Biblioteca &#8211; Tutoriais: Recupera\u00e7\u00e3o de senha de acesso ao PergamumClique aqui Altera\u00e7\u00e3o de senha do PergamumClique aqui Primeiro acesso \u00e0 Biblioteca VirtualClique aqui Solicita\u00e7\u00e3o de empr\u00e9stimo pelo PergamumClique aqui Acesso ao Portal de Peri\u00f3dicos pela CAFeClique aqui<\/p>\n","protected":false},"author":141,"featured_media":0,"parent":0,"menu_order":0,"comment_status":"closed","ping_status":"closed","template":"","meta":[],"_links":{"self":[{"href":"https:\/\/www.ifbaiano.edu.br\/unidades\/catu\/wp-json\/wp\/v2\/pages\/21351"}],"collection":[{"href":"https:\/\/www.ifbaiano.edu.br\/unidades\/catu\/wp-json\/wp\/v2\/pages"}],"about":[{"href":"https:\/\/www.ifbaiano.edu.br\/unidades\/catu\/wp-json\/wp\/v2\/types\/page"}],"author":[{"embeddable":true,"href":"https:\/\/www.ifbaiano.edu.br\/unidades\/catu\/wp-json\/wp\/v2\/users\/141"}],"replies":[{"embeddable":true,"href":"https:\/\/www.ifbaiano.edu.br\/unidades\/catu\/wp-json\/wp\/v2\/comments?post=21351"}],"version-history":[{"count":8,"href":"https:\/\/www.ifbaiano.edu.br\/unidades\/catu\/wp-json\/wp\/v2\/pages\/21351\/revisions"}],"predecessor-version":[{"id":21513,"href":"https:\/\/www.ifbaiano.edu.br\/unidades\/catu\/wp-json\/wp\/v2\/pages\/21351\/revisions\/21513"}],"wp:attachment":[{"href":"https:\/\/www.ifbaiano.edu.br\/unidades\/catu\/wp-json\/wp\/v2\/media?parent=21351"}],"curies":[{"name":"wp","href":"https:\/\/api.w.org\/{rel}","templated":true}]}}