{"id":23620,"date":"2024-09-16T15:06:14","date_gmt":"2024-09-16T18:06:14","guid":{"rendered":"https:\/\/www.ifbaiano.edu.br\/unidades\/catu\/?page_id=23620"},"modified":"2024-09-16T15:08:27","modified_gmt":"2024-09-16T18:08:27","slug":"docentes-do-campus-catu","status":"publish","type":"page","link":"https:\/\/www.ifbaiano.edu.br\/unidades\/catu\/docentes-do-campus-catu\/","title":{"rendered":"Docentes do Campus Catu"},"content":{"rendered":"\n<figure class=\"wp-block-table\"><table><tbody><tr><td><strong>DOCENTES EFETIVOS<\/strong><\/td><td class=\"has-text-align-center\" data-align=\"center\"><strong>LATTES<\/strong><\/td><\/tr><tr><td>Acimar Ribeiro de Freitas<\/td><td class=\"has-text-align-center\" data-align=\"center\"><a href=\"http:\/\/lattes.cnpq.br\/2206818294825812\" target=\"_blank\" rel=\"noreferrer noopener\">Acesse aqui<\/a><\/td><\/tr><tr><td>Adriana Andrade Arnaut<\/td><td class=\"has-text-align-center\" data-align=\"center\"><a href=\"http:\/\/lattes.cnpq.br\/9985958174693458\" target=\"_blank\" rel=\"noreferrer noopener\">Acesse aqui<\/a><\/td><\/tr><tr><td>Alexandra Souza de Carvalho<\/td><td class=\"has-text-align-center\" data-align=\"center\"><a href=\"http:\/\/lattes.cnpq.br\/3478114592554532\" target=\"_blank\" rel=\"noreferrer noopener\">Acesse aqui<\/a><\/td><\/tr><tr><td>Aline da Cruz Porto Silva<\/td><td class=\"has-text-align-center\" data-align=\"center\"><a href=\"http:\/\/lattes.cnpq.br\/1186823610275745\" target=\"_blank\" rel=\"noreferrer noopener\">Acesse aqui<\/a><\/td><\/tr><tr><td>Aline Mascarenhas Oliveira de Medeiros<\/td><td class=\"has-text-align-center\" data-align=\"center\"><a href=\"http:\/\/lattes.cnpq.br\/3026298754018184\" target=\"_blank\" rel=\"noreferrer noopener\">Acesse aqui<\/a><\/td><\/tr><tr><td>Andr\u00e9 Luiz Andrade Rezende<\/td><td class=\"has-text-align-center\" data-align=\"center\"><a href=\"http:\/\/lattes.cnpq.br\/7031235791316163\" target=\"_blank\" rel=\"noreferrer noopener\">Acesse aqui<\/a><\/td><\/tr><tr><td>Andr\u00e9 Marc\u00edlio Carvalho de Azevedo<\/td><td class=\"has-text-align-center\" data-align=\"center\"><a href=\"http:\/\/lattes.cnpq.br\/3538851958609697\" target=\"_blank\" rel=\"noreferrer noopener\">Acesse aqui<\/a><\/td><\/tr><tr><td>Anisia Gon\u00e7alves Dias Neta<\/td><td class=\"has-text-align-center\" data-align=\"center\"><a href=\"http:\/\/lattes.cnpq.br\/4449234119195798\" target=\"_blank\" rel=\"noreferrer noopener\">Acesse aqui<\/a><\/td><\/tr><tr><td>Ant\u00f4nio Jorge Tourinho Braga<\/td><td class=\"has-text-align-center\" data-align=\"center\"><a href=\"http:\/\/lattes.cnpq.br\/9367473305997569\" target=\"_blank\" rel=\"noreferrer noopener\">Acesse aqui<\/a><\/td><\/tr><tr><td>Ant\u00f4nio Jos\u00e9 Prado Martins Santos<\/td><td class=\"has-text-align-center\" data-align=\"center\"><a href=\"http:\/\/lattes.cnpq.br\/8401124570209593\" target=\"_blank\" rel=\"noreferrer noopener\">Acesse aqui<\/a><\/td><\/tr><tr><td>Ant\u00f4nio Leonan Alves Ferreira<\/td><td class=\"has-text-align-center\" data-align=\"center\"><a href=\"http:\/\/lattes.cnpq.br\/5841520139494548\" target=\"_blank\" rel=\"noreferrer noopener\">Acesse aqui<\/a><\/td><\/tr><tr><td>Ariadene Ferreira Jambeiro<\/td><td class=\"has-text-align-center\" data-align=\"center\"><a href=\"http:\/\/lattes.cnpq.br\/7897713190916798\" target=\"_blank\" rel=\"noreferrer noopener\">Acesse aqui<\/a><\/td><\/tr><tr><td>Camila Pontes Pena<\/td><td class=\"has-text-align-center\" data-align=\"center\"><a href=\"http:\/\/lattes.cnpq.br\/2119516341922273\" target=\"_blank\" rel=\"noreferrer noopener\">Acesse aqui<\/a><\/td><\/tr><tr><td>Carlos Ailton da Concei\u00e7\u00e3o Silva<\/td><td class=\"has-text-align-center\" data-align=\"center\"><a href=\"http:\/\/lattes.cnpq.br\/0759490396562715\" target=\"_blank\" rel=\"noreferrer noopener\">Acesse aqui<\/a><\/td><\/tr><tr><td>Carlos Robson Matos Lima<\/td><td class=\"has-text-align-center\" data-align=\"center\"><a href=\"http:\/\/lattes.cnpq.br\/8958110802827362\" target=\"_blank\" rel=\"noreferrer noopener\">Acesse aqui<\/a><\/td><\/tr><tr><td>Carolina de Brito Oliveira<\/td><td class=\"has-text-align-center\" data-align=\"center\"><a href=\"http:\/\/lattes.cnpq.br\/7943831674933050\" target=\"_blank\" rel=\"noreferrer noopener\">Acesse aqui<\/a><\/td><\/tr><tr><td>Cassiane da Silva Oliveira Nunes<\/td><td class=\"has-text-align-center\" data-align=\"center\"><a href=\"http:\/\/lattes.cnpq.br\/1120918410879461\" target=\"_blank\" rel=\"noreferrer noopener\">Acesse aqui<\/a><\/td><\/tr><tr><td>Cayo Pabllo Santana de Jesus<\/td><td class=\"has-text-align-center\" data-align=\"center\"><a href=\"http:\/\/lattes.cnpq.br\/1199754955332203\" target=\"_blank\" rel=\"noreferrer noopener\">Acesse aqui<\/a><\/td><\/tr><tr><td>Celio Jose dos Santos<\/td><td class=\"has-text-align-center\" data-align=\"center\"><a href=\"http:\/\/lattes.cnpq.br\/5597161457555225\" target=\"_blank\" rel=\"noreferrer noopener\">Acesse aqui<\/a><\/td><\/tr><tr><td>Cesar Marques Borges Querino<\/td><td class=\"has-text-align-center\" data-align=\"center\"><a href=\"http:\/\/lattes.cnpq.br\/0924195221806591\" target=\"_blank\" rel=\"noreferrer noopener\">Acesse aqui<\/a><\/td><\/tr><tr><td>Christian Pereira Lopes dos Santos<\/td><td class=\"has-text-align-center\" data-align=\"center\"><a href=\"http:\/\/lattes.cnpq.br\/2118973240927791\" target=\"_blank\" rel=\"noreferrer noopener\">Acesse aqui<\/a><\/td><\/tr><tr><td>Cristiane Brito Machado<\/td><td class=\"has-text-align-center\" data-align=\"center\"><a href=\"http:\/\/lattes.cnpq.br\/8900177927669355\" target=\"_blank\" rel=\"noreferrer noopener\">Acesse aqui<\/a><\/td><\/tr><tr><td>Dalila dos Santos Monteiro<\/td><td class=\"has-text-align-center\" data-align=\"center\"><a href=\"http:\/\/lattes.cnpq.br\/2495932698445932\" target=\"_blank\" rel=\"noreferrer noopener\">Acesse aqui<\/a><\/td><\/tr><tr><td>Denilson Santana Sodr\u00e9 dos Santos<\/td><td class=\"has-text-align-center\" data-align=\"center\"><a href=\"http:\/\/lattes.cnpq.br\/6863366385581224\" target=\"_blank\" rel=\"noreferrer noopener\">Acesse aqui<\/a><\/td><\/tr><tr><td>Eduardo Batista Guimar\u00e3es Nunes dos Santos<\/td><td class=\"has-text-align-center\" data-align=\"center\"><a href=\"http:\/\/lattes.cnpq.br\/5038094561506253\" target=\"_blank\" rel=\"noreferrer noopener\">Acesse aqui<\/a><\/td><\/tr><tr><td>Elizete Leal Candeias Freitas<\/td><td class=\"has-text-align-center\" data-align=\"center\"><a href=\"http:\/\/lattes.cnpq.br\/0305191941806133\" target=\"_blank\" rel=\"noreferrer noopener\">Acesse aqui<\/a><\/td><\/tr><tr><td>Eneida Alves Rios<\/td><td class=\"has-text-align-center\" data-align=\"center\"><a href=\"http:\/\/lattes.cnpq.br\/7837478355822540\" target=\"_blank\" rel=\"noreferrer noopener\">Acesse aqui<\/a><\/td><\/tr><tr><td>Evanildes Costa Santos<\/td><td class=\"has-text-align-center\" data-align=\"center\"><a href=\"http:\/\/lattes.cnpq.br\/8535052090409840\" target=\"_blank\" rel=\"noreferrer noopener\">Acesse aqui<\/a><\/td><\/tr><tr><td>Fabr\u00edcio dos Santos Brand\u00e3o<\/td><td class=\"has-text-align-center\" data-align=\"center\"><a href=\"http:\/\/lattes.cnpq.br\/3319011159217214\" target=\"_blank\" rel=\"noreferrer noopener\">Acesse aqui<\/a><\/td><\/tr><tr><td>Fernanda Caroline Cerqueira Palmeira<\/td><td class=\"has-text-align-center\" data-align=\"center\"><a href=\"http:\/\/lattes.cnpq.br\/2997684055661266\" target=\"_blank\" rel=\"noreferrer noopener\">Acesse aqui<\/a><\/td><\/tr><tr><td>Fernanda Meneses de Miranda Castro<\/td><td class=\"has-text-align-center\" data-align=\"center\"><a href=\"http:\/\/lattes.cnpq.br\/5579921599621295\" target=\"_blank\" rel=\"noreferrer noopener\">Acesse aqui<\/a><\/td><\/tr><tr><td>Fernando Martins de Oliveira Neto<\/td><td class=\"has-text-align-center\" data-align=\"center\"><a href=\"http:\/\/lattes.cnpq.br\/5121596827548278\" target=\"_blank\" rel=\"noreferrer noopener\">Acesse aqui<\/a><\/td><\/tr><tr><td>Francisco Augusto da Silva Neto<\/td><td class=\"has-text-align-center\" data-align=\"center\"><a href=\"http:\/\/lattes.cnpq.br\/7199809610596925\" target=\"_blank\" rel=\"noreferrer noopener\">Acesse aqui<\/a><\/td><\/tr><tr><td>F\u00falvio Viegas Santos Teixeira de Melo<\/td><td class=\"has-text-align-center\" data-align=\"center\"><a href=\"http:\/\/lattes.cnpq.br\/9424950769724817\" target=\"_blank\" rel=\"noreferrer noopener\">Acesse aqui<\/a><\/td><\/tr><tr><td>Ge\u00f3rgia Silva Xavier<\/td><td class=\"has-text-align-center\" data-align=\"center\"><a href=\"http:\/\/lattes.cnpq.br\/5702794746614923\" target=\"_blank\" rel=\"noreferrer noopener\">Acesse aqui<\/a><\/td><\/tr><tr><td>Gilvan Martins Duraes<\/td><td class=\"has-text-align-center\" data-align=\"center\"><a href=\"http:\/\/lattes.cnpq.br\/2100862803602149\" target=\"_blank\" rel=\"noreferrer noopener\">Acesse aqui<\/a><\/td><\/tr><tr><td>Gracy Karla da Rocha Cortes Souza<\/td><td class=\"has-text-align-center\" data-align=\"center\"><a href=\"http:\/\/lattes.cnpq.br\/7948955727598159\" target=\"_blank\" rel=\"noreferrer noopener\">Acesse aqui<\/a><\/td><\/tr><tr><td>Hildemar Lacerda da Concei\u00e7\u00e3o<\/td><td class=\"has-text-align-center\" data-align=\"center\"><a href=\"http:\/\/lattes.cnpq.br\/7821642976685054\" target=\"_blank\" rel=\"noreferrer noopener\">Acesse aqui<\/a><\/td><\/tr><tr><td>Hilma Concei\u00e7\u00e3o Fonseca Santos<\/td><td class=\"has-text-align-center\" data-align=\"center\"><a href=\"http:\/\/lattes.cnpq.br\/8367020189590800\" target=\"_blank\" rel=\"noreferrer noopener\">Acesse aqui<\/a><\/td><\/tr><tr><td>Igor Micael Alves Uch\u00f4a<\/td><td class=\"has-text-align-center\" data-align=\"center\"><a href=\"http:\/\/lattes.cnpq.br\/0018519190023144\" target=\"_blank\" rel=\"noreferrer noopener\">Acesse aqui<\/a><\/td><\/tr><tr><td>Jacson de Jesus dos Santos<\/td><td class=\"has-text-align-center\" data-align=\"center\"><a href=\"http:\/\/lattes.cnpq.br\/5255234154180605\" target=\"_blank\" rel=\"noreferrer noopener\">Acesse aqui<\/a><\/td><\/tr><tr><td>Jana\u00edna dos Reis Rosado<\/td><td class=\"has-text-align-center\" data-align=\"center\"><a href=\"http:\/\/lattes.cnpq.br\/9963453541925715\" target=\"_blank\" rel=\"noreferrer noopener\">Acesse aqui<\/a><\/td><\/tr><tr><td>J\u00e2nio Paim de Jesus<\/td><td class=\"has-text-align-center\" data-align=\"center\"><a href=\"http:\/\/lattes.cnpq.br\/4091903136204352\" target=\"_blank\" rel=\"noreferrer noopener\">Acesse aqui<\/a><\/td><\/tr><tr><td>Joana Fidelis da Paix\u00e3o<\/td><td class=\"has-text-align-center\" data-align=\"center\"><a href=\"http:\/\/lattes.cnpq.br\/0081363280303977\" target=\"_blank\" rel=\"noreferrer noopener\">Acesse aqui<\/a><\/td><\/tr><tr><td>Joanna Mendon\u00e7a Carvalho<\/td><td class=\"has-text-align-center\" data-align=\"center\"><a href=\"http:\/\/lattes.cnpq.br\/8201721423170721\" target=\"_blank\" rel=\"noreferrer noopener\">Acesse aqui<\/a><\/td><\/tr><tr><td>Jos\u00e9 Augusto Monteiro de Castro Lima<\/td><td class=\"has-text-align-center\" data-align=\"center\"><a href=\"http:\/\/lattes.cnpq.br\/7797371036962227\" target=\"_blank\" rel=\"noreferrer noopener\">Acesse aqui<\/a><\/td><\/tr><tr><td>Jos\u00e9 Rodrigues de Souza Filho<\/td><td class=\"has-text-align-center\" data-align=\"center\"><a href=\"http:\/\/lattes.cnpq.br\/5586188246689514\" target=\"_blank\" rel=\"noreferrer noopener\">Acesse aqui<\/a><\/td><\/tr><tr><td>Jos\u00e9 Tiago Pereira Barbosa<\/td><td class=\"has-text-align-center\" data-align=\"center\"><a href=\"http:\/\/lattes.cnpq.br\/2804046746063215\" target=\"_blank\" rel=\"noreferrer noopener\">Acesse aqui<\/a><\/td><\/tr><tr><td>Jussimara Lopes de Jesus Sim\u00f5es<\/td><td class=\"has-text-align-center\" data-align=\"center\"><a href=\"http:\/\/lattes.cnpq.br\/2830781627793670\" target=\"_blank\" rel=\"noreferrer noopener\">Acesse aqui<\/a><\/td><\/tr><tr><td>Karina Lav\u00ednia Pitta do Carmo Regis de Souza<\/td><td class=\"has-text-align-center\" data-align=\"center\"><a href=\"http:\/\/lattes.cnpq.br\/5509064106334996\" target=\"_blank\" rel=\"noreferrer noopener\">Acesse aqui<\/a><\/td><\/tr><tr><td>Kelly Cristina Oliveira da Silva<\/td><td class=\"has-text-align-center\" data-align=\"center\"><a href=\"http:\/\/lattes.cnpq.br\/7398773858572272\" target=\"_blank\" rel=\"noreferrer noopener\">Acesse aqui<\/a><\/td><\/tr><tr><td>Lais Moreira Cavalcanti<\/td><td class=\"has-text-align-center\" data-align=\"center\"><a href=\"http:\/\/lattes.cnpq.br\/2866746998820023\" target=\"_blank\" rel=\"noreferrer noopener\">Acesse aqui<\/a><\/td><\/tr><tr><td>Leandro Silva Teixeira<\/td><td class=\"has-text-align-center\" data-align=\"center\"><a href=\"http:\/\/lattes.cnpq.br\/6598570867877715\" target=\"_blank\" rel=\"noreferrer noopener\">Acesse aqui<\/a><\/td><\/tr><tr><td>Lilian do Socorro Ferreira Feio<\/td><td class=\"has-text-align-center\" data-align=\"center\"><a href=\"http:\/\/lattes.cnpq.br\/9166489765253827\" target=\"_blank\" rel=\"noreferrer noopener\">Acesse aqui<\/a><\/td><\/tr><tr><td>Livia Piccolo Ramos Rossi<\/td><td class=\"has-text-align-center\" data-align=\"center\"><a href=\"http:\/\/lattes.cnpq.br\/4289800455441549\" target=\"_blank\" rel=\"noreferrer noopener\">Acesse aqui<\/a><\/td><\/tr><tr><td>Luana T\u00e1ssia dos Santos Ramos<\/td><td class=\"has-text-align-center\" data-align=\"center\"><a href=\"http:\/\/lattes.cnpq.br\/4695097759526141\" target=\"_blank\" rel=\"noreferrer noopener\">Acesse aqui<\/a><\/td><\/tr><tr><td>Luciane Brito Oliveira<\/td><td class=\"has-text-align-center\" data-align=\"center\"><a href=\"http:\/\/lattes.cnpq.br\/3796983080430145\" target=\"_blank\" rel=\"noreferrer noopener\">Acesse aqui<\/a><\/td><\/tr><tr><td>Luis Geraldo Teixeira Soria<\/td><td class=\"has-text-align-center\" data-align=\"center\"><a href=\"http:\/\/lattes.cnpq.br\/2194763845483286\" target=\"_blank\" rel=\"noreferrer noopener\">Acesse aqui<\/a><\/td><\/tr><tr><td>Marcelo Souza Oliveira<\/td><td class=\"has-text-align-center\" data-align=\"center\"><a href=\"http:\/\/lattes.cnpq.br\/9785106564500431\" target=\"_blank\" rel=\"noreferrer noopener\">Acesse aqui<\/a><\/td><\/tr><tr><td>M\u00e1rcio Rodrigo Bomfim<\/td><td class=\"has-text-align-center\" data-align=\"center\"><a href=\"http:\/\/lattes.cnpq.br\/2679305715421187\" target=\"_blank\" rel=\"noreferrer noopener\">Acesse aqui<\/a><\/td><\/tr><tr><td>Marcos Caja\u00edba Mendon\u00e7a<\/td><td class=\"has-text-align-center\" data-align=\"center\"><a href=\"http:\/\/lattes.cnpq.br\/8720568349960254\" target=\"_blank\" rel=\"noreferrer noopener\">Acesse aqui<\/a><\/td><\/tr><tr><td>Marcos Yuzuru de Oliveira Camada<\/td><td class=\"has-text-align-center\" data-align=\"center\"><a href=\"http:\/\/lattes.cnpq.br\/0730800968861279\" target=\"_blank\" rel=\"noreferrer noopener\">Acesse aqui<\/a><\/td><\/tr><tr><td>Maria Amelia Teixeira Blanco<\/td><td class=\"has-text-align-center\" data-align=\"center\"><a href=\"http:\/\/lattes.cnpq.br\/6217445512066098\" target=\"_blank\" rel=\"noreferrer noopener\">Acesse aqui<\/a><\/td><\/tr><tr><td>Maria Cristina Ferreira Alfaya<\/td><td class=\"has-text-align-center\" data-align=\"center\"><a href=\"http:\/\/lattes.cnpq.br\/2170191416402198\" target=\"_blank\" rel=\"noreferrer noopener\">Acesse aqui<\/a><\/td><\/tr><tr><td>Maria Matilde Nascimento de Almeida<\/td><td class=\"has-text-align-center\" data-align=\"center\"><a href=\"http:\/\/lattes.cnpq.br\/3499815983401925\" target=\"_blank\" rel=\"noreferrer noopener\">Acesse aqui<\/a><\/td><\/tr><tr><td>Maria Nazar\u00e9 Guimar\u00e3es Marchi<\/td><td class=\"has-text-align-center\" data-align=\"center\"><a href=\"http:\/\/lattes.cnpq.br\/9931350516476603\" target=\"_blank\" rel=\"noreferrer noopener\">Acesse aqui<\/a><\/td><\/tr><tr><td>Maur\u00edcio de Almeida Pereira<\/td><td class=\"has-text-align-center\" data-align=\"center\"><a href=\"http:\/\/lattes.cnpq.br\/8717985739883324\" target=\"_blank\" rel=\"noreferrer noopener\">Acesse aqui<\/a><\/td><\/tr><tr><td>Mirna Ribeiro Lima da Silva<\/td><td class=\"has-text-align-center\" data-align=\"center\"><a href=\"http:\/\/lattes.cnpq.br\/5506010971493309\" target=\"_blank\" rel=\"noreferrer noopener\">Acesse aqui<\/a><\/td><\/tr><tr><td>Misonete Gueidneli Cavalcanti Costa<\/td><td class=\"has-text-align-center\" data-align=\"center\"><a href=\"http:\/\/lattes.cnpq.br\/3520264931773611\" target=\"_blank\" rel=\"noreferrer noopener\">Acesse aqui<\/a><\/td><\/tr><tr><td>Mois\u00e9s da Cruz Silva<\/td><td class=\"has-text-align-center\" data-align=\"center\"><a href=\"http:\/\/lattes.cnpq.br\/7575942834920971\" target=\"_blank\" rel=\"noreferrer noopener\">Acesse aqui<\/a><\/td><\/tr><tr><td>Mois\u00e9s Leal Morais<\/td><td class=\"has-text-align-center\" data-align=\"center\"><a href=\"http:\/\/lattes.cnpq.br\/9298525424349642\" target=\"_blank\" rel=\"noreferrer noopener\">Acesse aqui<\/a><\/td><\/tr><tr><td>Morgana Cardoso Brasileiro Borges Bastos<\/td><td class=\"has-text-align-center\" data-align=\"center\"><a href=\"http:\/\/lattes.cnpq.br\/6971289920220403\" target=\"_blank\" rel=\"noreferrer noopener\">Acesse aqui<\/a><\/td><\/tr><tr><td>Osvaldo Santos de Brito<\/td><td class=\"has-text-align-center\" data-align=\"center\"><a href=\"http:\/\/lattes.cnpq.br\/3048941154392485\" target=\"_blank\" rel=\"noreferrer noopener\">Acesse aqui<\/a><\/td><\/tr><tr><td>Patricia de Oliveira<\/td><td class=\"has-text-align-center\" data-align=\"center\"><a href=\"https:\/\/lattes.cnpq.br\/5398970138115860\" target=\"_blank\" rel=\"noreferrer noopener\">Acesse aqui<\/a><\/td><\/tr><tr><td>Paula Bacelar Leite<\/td><td class=\"has-text-align-center\" data-align=\"center\"><a href=\"http:\/\/lattes.cnpq.br\/5421988105982633\" target=\"_blank\" rel=\"noreferrer noopener\">Acesse aqui<\/a><\/td><\/tr><tr><td>Pedro Menezes Franca<\/td><td class=\"has-text-align-center\" data-align=\"center\"><a href=\"http:\/\/lattes.cnpq.br\/7209485745895230\" target=\"_blank\" rel=\"noreferrer noopener\">Acesse aqui<\/a><\/td><\/tr><tr><td>Petry Rocha Lordelo<\/td><td class=\"has-text-align-center\" data-align=\"center\"><a href=\"http:\/\/lattes.cnpq.br\/6688903787059626\" target=\"_blank\" rel=\"noreferrer noopener\">Acesse aqui<\/a><\/td><\/tr><tr><td>Romero Mendes Freire de Moura J\u00fanior<\/td><td class=\"has-text-align-center\" data-align=\"center\"><a href=\"http:\/\/lattes.cnpq.br\/5231549546320188\" target=\"_blank\" rel=\"noreferrer noopener\">Acesse aqui<\/a><\/td><\/tr><tr><td>Ronaldo Pedreira dos Santos<\/td><td class=\"has-text-align-center\" data-align=\"center\"><a href=\"http:\/\/lattes.cnpq.br\/3151624085855665\" target=\"_blank\" rel=\"noreferrer noopener\">Acesse aqui<\/a><\/td><\/tr><tr><td>Rosali Amaral de Matos<\/td><td class=\"has-text-align-center\" data-align=\"center\"><a href=\"http:\/\/lattes.cnpq.br\/8228242225952218\" target=\"_blank\" rel=\"noreferrer noopener\">Acesse aqui<\/a><\/td><\/tr><tr><td>Rosemeire Oliveira Nascimento<\/td><td class=\"has-text-align-center\" data-align=\"center\"><a href=\"http:\/\/lattes.cnpq.br\/8763286448182975\" target=\"_blank\" rel=\"noreferrer noopener\">Acesse aqui<\/a><\/td><\/tr><tr><td>Rosemeire Silva Bara\u00fana<\/td><td class=\"has-text-align-center\" data-align=\"center\"><a href=\"http:\/\/lattes.cnpq.br\/7470134396941426\" target=\"_blank\" rel=\"noreferrer noopener\">Acesse aqui<\/a><\/td><\/tr><tr><td>Saulo Luis Capim<\/td><td class=\"has-text-align-center\" data-align=\"center\"><a href=\"http:\/\/lattes.cnpq.br\/0034925996120563\" target=\"_blank\" rel=\"noreferrer noopener\">Acesse aqui<\/a><\/td><\/tr><tr><td>Tabata Tormena<\/td><td class=\"has-text-align-center\" data-align=\"center\"><a href=\"http:\/\/lattes.cnpq.br\/9454400006610744\" target=\"_blank\" rel=\"noreferrer noopener\">Acesse aqui<\/a><\/td><\/tr><tr><td>T\u00e1rsio Ribeiro Cavalcante<\/td><td class=\"has-text-align-center\" data-align=\"center\"><a href=\"http:\/\/lattes.cnpq.br\/3269862453251314\" target=\"_blank\" rel=\"noreferrer noopener\">Acesse aqui<\/a><\/td><\/tr><tr><td>Ubiraneila Capinan Barbosa<\/td><td class=\"has-text-align-center\" data-align=\"center\"><a href=\"http:\/\/lattes.cnpq.br\/2455313555099055\" target=\"_blank\" rel=\"noreferrer noopener\">Acesse aqui<\/a><\/td><\/tr><tr><td>Valdir Jose de Almeida Fonseca<\/td><td class=\"has-text-align-center\" data-align=\"center\"><a href=\"http:\/\/lattes.cnpq.br\/4947022119930016\" target=\"_blank\" rel=\"noreferrer noopener\">Acesse aqui<\/a><\/td><\/tr><tr><td>Vaniele Souza Ribeiro<\/td><td class=\"has-text-align-center\" data-align=\"center\"><a href=\"http:\/\/lattes.cnpq.br\/1319157125348950\" target=\"_blank\" rel=\"noreferrer noopener\">Acesse aqui<\/a><\/td><\/tr><tr><td>Victor Ernesto Silveira Silva<\/td><td class=\"has-text-align-center\" data-align=\"center\"><a href=\"http:\/\/lattes.cnpq.br\/7187032138523851\" target=\"_blank\" rel=\"noreferrer noopener\">Acesse aqui<\/a><\/td><\/tr><tr><td>Wanderson Farias da Silva Alves<\/td><td class=\"has-text-align-center\" data-align=\"center\"><a href=\"http:\/\/lattes.cnpq.br\/7981080253106112\" target=\"_blank\" rel=\"noreferrer noopener\">Acesse aqui<\/a><\/td><\/tr><tr><td>Wilson F\u00e1bio de Oliveira Bispo<\/td><td class=\"has-text-align-center\" data-align=\"center\"><a href=\"http:\/\/lattes.cnpq.br\/9369267567219068\" target=\"_blank\" rel=\"noreferrer noopener\">Acesse aqui<\/a><\/td><\/tr><tr><td>Yone Carneiro de Santana Gon\u00e7alves<\/td><td class=\"has-text-align-center\" data-align=\"center\"><a href=\"http:\/\/lattes.cnpq.br\/7895198478293433\" target=\"_blank\" rel=\"noreferrer noopener\">Acesse aqui<\/a><\/td><\/tr><\/tbody><\/table><\/figure>\n\n\n\n<p><strong>Servidores Docentes substituto no <em>Campus<\/em> Catu \u2013 Bahia<\/strong><\/p>\n\n\n\n<figure class=\"wp-block-table\"><table><tbody><tr><td><strong>DOCENTES<\/strong><\/td><td class=\"has-text-align-center\" data-align=\"center\"><strong>LATTES<\/strong><\/td><\/tr><tr><td>Carlos Messias Alves de Jesus<\/td><td class=\"has-text-align-center\" data-align=\"center\"><a href=\"http:\/\/lattes.cnpq.br\/2221850158839688\" target=\"_blank\" rel=\"noreferrer noopener\">Acesse aqui<\/a><\/td><\/tr><tr><td>Joseane Pereira de Souza<\/td><td class=\"has-text-align-center\" data-align=\"center\"><a href=\"http:\/\/lattes.cnpq.br\/5589251320874575\" target=\"_blank\" rel=\"noreferrer noopener\">Acesse aqui<\/a><\/td><\/tr><tr><td>Larissa de Lima Cardoso<\/td><td class=\"has-text-align-center\" data-align=\"center\"><a href=\"http:\/\/lattes.cnpq.br\/5065146952964549\" target=\"_blank\" rel=\"noreferrer noopener\">Acesse aqui<\/a><\/td><\/tr><tr><td>Michelle Larissa Luciano Carvalho<\/td><td class=\"has-text-align-center\" data-align=\"center\"><a href=\"http:\/\/lattes.cnpq.br\/1374389984062396\" target=\"_blank\" rel=\"noreferrer noopener\">Acesse aqui<\/a><\/td><\/tr><tr><td>Pedro Luiz Silva de S\u00e1 J\u00fanior<\/td><td class=\"has-text-align-center\" data-align=\"center\"><a href=\"http:\/\/lattes.cnpq.br\/3928616955867551\" target=\"_blank\" rel=\"noreferrer noopener\">Acesse aqui<\/a><\/td><\/tr><tr><td>Quelli Larissa Oliveira de Santana<\/td><td class=\"has-text-align-center\" data-align=\"center\"><a href=\"http:\/\/lattes.cnpq.br\/5428279130937129\" target=\"_blank\" rel=\"noreferrer noopener\">Acesse aqui<\/a><\/td><\/tr><tr><td>Thalia de Jesus Santos<\/td><td class=\"has-text-align-center\" data-align=\"center\"><a href=\"http:\/\/lattes.cnpq.br\/4257654121865228\" target=\"_blank\" rel=\"noreferrer noopener\">Acesse aqui<\/a><\/td><\/tr><\/tbody><\/table><\/figure>\n","protected":false},"excerpt":{"rendered":"<p>DOCENTES EFETIVOS LATTES Acimar Ribeiro de Freitas Acesse aqui Adriana Andrade Arnaut Acesse aqui Alexandra Souza de Carvalho Acesse aqui Aline da Cruz Porto Silva Acesse aqui Aline Mascarenhas Oliveira de Medeiros Acesse aqui Andr\u00e9 Luiz Andrade Rezende Acesse aqui Andr\u00e9 Marc\u00edlio Carvalho de Azevedo Acesse aqui Anisia Gon\u00e7alves Dias Neta Acesse aqui Ant\u00f4nio Jorge [&hellip;]<\/p>\n","protected":false},"author":141,"featured_media":0,"parent":0,"menu_order":0,"comment_status":"closed","ping_status":"closed","template":"","meta":[],"_links":{"self":[{"href":"https:\/\/www.ifbaiano.edu.br\/unidades\/catu\/wp-json\/wp\/v2\/pages\/23620"}],"collection":[{"href":"https:\/\/www.ifbaiano.edu.br\/unidades\/catu\/wp-json\/wp\/v2\/pages"}],"about":[{"href":"https:\/\/www.ifbaiano.edu.br\/unidades\/catu\/wp-json\/wp\/v2\/types\/page"}],"author":[{"embeddable":true,"href":"https:\/\/www.ifbaiano.edu.br\/unidades\/catu\/wp-json\/wp\/v2\/users\/141"}],"replies":[{"embeddable":true,"href":"https:\/\/www.ifbaiano.edu.br\/unidades\/catu\/wp-json\/wp\/v2\/comments?post=23620"}],"version-history":[{"count":2,"href":"https:\/\/www.ifbaiano.edu.br\/unidades\/catu\/wp-json\/wp\/v2\/pages\/23620\/revisions"}],"predecessor-version":[{"id":24457,"href":"https:\/\/www.ifbaiano.edu.br\/unidades\/catu\/wp-json\/wp\/v2\/pages\/23620\/revisions\/24457"}],"wp:attachment":[{"href":"https:\/\/www.ifbaiano.edu.br\/unidades\/catu\/wp-json\/wp\/v2\/media?parent=23620"}],"curies":[{"name":"wp","href":"https:\/\/api.w.org\/{rel}","templated":true}]}}