{"id":23924,"date":"2025-06-30T09:18:01","date_gmt":"2025-06-30T12:18:01","guid":{"rendered":"https:\/\/www.ifbaiano.edu.br\/unidades\/catu\/?page_id=23924"},"modified":"2025-06-30T09:18:01","modified_gmt":"2025-06-30T12:18:01","slug":"o-nagp","status":"publish","type":"page","link":"https:\/\/www.ifbaiano.edu.br\/unidades\/catu\/o-nagp\/","title":{"rendered":"O Nagp"},"content":{"rendered":"\n<p>O&nbsp;<strong>N\u00facleo de Apoio \u00e0 Gest\u00e3o de Pessoas (NAGP)<\/strong>&nbsp;\u00e9 um setor estrat\u00e9gico vinculado \u00e0 Dire\u00e7\u00e3o-Geral do Campus Catu e atua em conformidade com as pol\u00edticas e diretrizes da&nbsp;<strong>Diretoria de Gest\u00e3o de Pessoas (DGP)<\/strong>&nbsp;do IF Baiano.<\/p>\n\n\n\n<p>Sua miss\u00e3o \u00e9 executar, supervisionar e avaliar a pol\u00edtica de gest\u00e3o de pessoas no \u00e2mbito do campus, contribuindo diretamente para o desenvolvimento institucional e o bem-estar dos servidores.<\/p>\n\n\n\n<h3 class=\"wp-block-heading\">Principais atribui\u00e7\u00f5es:<\/h3>\n\n\n\n<ul>\n<li>Executar as pol\u00edticas e diretrizes estabelecidas pela DGP do IF Baiano;<\/li>\n\n\n\n<li>Assessorar a Dire\u00e7\u00e3o-Geral em assuntos relacionados \u00e0 gest\u00e3o de pessoas;<\/li>\n\n\n\n<li>Representar o NAGP interna e externamente ao campus;<\/li>\n\n\n\n<li>Gerir os processos de recrutamento e sele\u00e7\u00e3o, desenvolvimento de pessoal e administra\u00e7\u00e3o de pessoal;<\/li>\n\n\n\n<li>Promover a\u00e7\u00f5es voltadas \u00e0 sa\u00fade, qualidade de vida e valoriza\u00e7\u00e3o dos servidores;<\/li>\n\n\n\n<li>Implementar programas de gest\u00e3o de pessoas com participa\u00e7\u00e3o coletiva;<\/li>\n\n\n\n<li>Aplicar corretamente os dispositivos legais emitidos pela DGP;<\/li>\n\n\n\n<li>Propor a aloca\u00e7\u00e3o de recursos or\u00e7ament\u00e1rios e financeiros para a\u00e7\u00f5es de gest\u00e3o de pessoas;<\/li>\n\n\n\n<li>Fornecer subs\u00eddios \u00e0 Procuradoria Federal do IF Baiano em a\u00e7\u00f5es judiciais;<\/li>\n\n\n\n<li>Participar ativamente das atividades programadas pela Reitoria.<\/li>\n<\/ul>\n\n\n\n<h3 class=\"wp-block-heading\">Acesso ao Painel do Servidor<\/h3>\n\n\n\n<p>O Portal do Servidor \u00e9 uma ferramenta online que permite ao servidor consultar informa\u00e7\u00f5es e servi\u00e7os relacionados \u00e0 sua vida funcional, como contracheques, f\u00e9rias, licen\u00e7as, hist\u00f3rico de lota\u00e7\u00e3o, entre outros.<\/p>\n\n\n\n<p>Acesse: <a rel=\"noreferrer noopener\" href=\"https:\/\/ifbaiano.edu.br\/portal\/servidor\/\" target=\"_blank\">https:\/\/ifbaiano.edu.br\/portal\/servidor\/<\/a><\/p>\n\n\n\n<h3 class=\"wp-block-heading\">Equipe NAGP \u2013 Campus Catu<\/h3>\n\n\n\n<p><strong>Chefe do Setor:<\/strong>&nbsp;Jonas da Costa Oliveira<\/p>\n\n\n\n<p>E-mail:&nbsp;nagp@catu.ifbaiano.edu.br<\/p>\n","protected":false},"excerpt":{"rendered":"<p>O&nbsp;N\u00facleo de Apoio \u00e0 Gest\u00e3o de Pessoas (NAGP)&nbsp;\u00e9 um setor estrat\u00e9gico vinculado \u00e0 Dire\u00e7\u00e3o-Geral do Campus Catu e atua em conformidade com as pol\u00edticas e diretrizes da&nbsp;Diretoria de Gest\u00e3o de Pessoas (DGP)&nbsp;do IF Baiano. Sua miss\u00e3o \u00e9 executar, supervisionar e avaliar a pol\u00edtica de gest\u00e3o de pessoas no \u00e2mbito do campus, contribuindo diretamente para o [&hellip;]<\/p>\n","protected":false},"author":141,"featured_media":0,"parent":0,"menu_order":0,"comment_status":"closed","ping_status":"closed","template":"","meta":[],"_links":{"self":[{"href":"https:\/\/www.ifbaiano.edu.br\/unidades\/catu\/wp-json\/wp\/v2\/pages\/23924"}],"collection":[{"href":"https:\/\/www.ifbaiano.edu.br\/unidades\/catu\/wp-json\/wp\/v2\/pages"}],"about":[{"href":"https:\/\/www.ifbaiano.edu.br\/unidades\/catu\/wp-json\/wp\/v2\/types\/page"}],"author":[{"embeddable":true,"href":"https:\/\/www.ifbaiano.edu.br\/unidades\/catu\/wp-json\/wp\/v2\/users\/141"}],"replies":[{"embeddable":true,"href":"https:\/\/www.ifbaiano.edu.br\/unidades\/catu\/wp-json\/wp\/v2\/comments?post=23924"}],"version-history":[{"count":2,"href":"https:\/\/www.ifbaiano.edu.br\/unidades\/catu\/wp-json\/wp\/v2\/pages\/23924\/revisions"}],"predecessor-version":[{"id":26211,"href":"https:\/\/www.ifbaiano.edu.br\/unidades\/catu\/wp-json\/wp\/v2\/pages\/23924\/revisions\/26211"}],"wp:attachment":[{"href":"https:\/\/www.ifbaiano.edu.br\/unidades\/catu\/wp-json\/wp\/v2\/media?parent=23924"}],"curies":[{"name":"wp","href":"https:\/\/api.w.org\/{rel}","templated":true}]}}