{"id":23989,"date":"2025-03-06T11:59:48","date_gmt":"2025-03-06T14:59:48","guid":{"rendered":"https:\/\/www.ifbaiano.edu.br\/unidades\/catu\/?page_id=23989"},"modified":"2025-03-06T11:59:48","modified_gmt":"2025-03-06T14:59:48","slug":"agrimensura","status":"publish","type":"page","link":"https:\/\/www.ifbaiano.edu.br\/unidades\/catu\/agrimensura\/","title":{"rendered":"Agrimensura"},"content":{"rendered":"\n<p><strong>Informa\u00e7\u00e3o do curso<\/strong><\/p>\n\n\n\n<hr class=\"wp-block-separator has-alpha-channel-opacity\" \/>\n\n\n\n<p><strong>Objetivo<\/strong>: <\/p>\n\n\n\n<p>Formar profissionais de n\u00edvel T\u00e9cnico em Agrimensura capazes de realizar, atrav\u00e9s da aplica\u00e7\u00e3o de m\u00e9todos e t\u00e9cnicas de mensura\u00e7\u00e3o e automa\u00e7\u00e3o, levantamentos e implanta\u00e7\u00f5es topogr\u00e1ficas e geod\u00e9sicas.<\/p>\n\n\n\n<p><strong>Perfil de Egresso(a)<\/strong><\/p>\n\n\n\n<p>Conforme legisla\u00e7\u00e3o vigente do Conselho Federal dos T\u00e9cnicos Industriais (CFT), o T\u00e9cnico em Agrimensura dever\u00e1 ser capaz de: coletar dados para o georreferenciamento de im\u00f3veis; interpretar fotografias a\u00e9reas ou imagens de sat\u00e9lites; elaborar plantas, cartas e mapas georreferenciados; organizar e supervisionar equipes de trabalhos topogr\u00e1ficos e participar do planejamento de projetos de loteamentos, desmembramentos e obras de engenharia e loca\u00e7\u00e3o.<\/p>\n\n\n\n<p><a href=\"https:\/\/www.ifbaiano.edu.br\/unidades\/catu\/files\/2025\/03\/PPC-Tecnico-em-Agrimensura-Subsequente-vigente-2020.pdf\" target=\"_blank\" rel=\"noreferrer noopener\">PPC \u2013 Curso T\u00e9cnico em Agrimensura<\/a> (link)<\/p>\n\n\n\n<p><strong>Coordena\u00e7\u00e3o de Curso<\/strong><\/p>\n\n\n\n<p>Prof. Antonio Jos\u00e9 Prado Martins Santos (Coordenador)<br>Prof. Christian Pereira Lopes dos Santos (Vice-Coordenador)<br>e-mail: subsequente.agrimensura@catu.i\u0129aiano.edu.br<\/p>\n\n\n\n<p><strong>Conselho de Curso<\/strong><\/p>\n\n\n\n<p>Prof. Antonio Jos\u00e9 Prado Martins Santos (Presidente)<br>Prof. Christian Pereira Lopes dos Santos<br>Profa. Adriana Andrade Arnaut<br>Portaria: <\/p>\n\n\n\n<p><strong>N\u00facleo de Assessoramento Pedag\u00f3gico (NAP)<\/strong><\/p>\n\n\n\n<p>Prof. Antonio Jos\u00e9 Prado Martins Santos (Presidente)<br>Prof. Christian Pereira Lopes dos Santos (Membro)<br>Profa. Adriana Andrade Arnaut (Membro)<br>T\u00e9cnico em Assuntos Educacionais Cassiano Ferreira Nascimento (Membro)<br>Portaria n\u00ba 146\/2023 \u2013 CAT-GAB\/CAT-DG\/RET\/IFBAIANO, de 31 de outubro de 2023.<\/p>\n\n\n\n<p><strong>Corpo Docentes<\/strong><\/p>\n\n\n\n<p>Adriana Andrade Arnaut<br>Antonio Jos\u00e9 Prado Martins Santos<br>Christian Pereira Lopes dos Santos<br>Davi Silva da Costa<br>Jacson de Jesus dos Santos<br>Kelly Cristina Oliveira da Silva<br>Marcos Yuzuru de Oliveira Camada<br>Maria Matilde Nascimento de Almeida<\/p>\n\n\n\n<p><strong>Componentes Curriculares<\/strong><\/p>\n\n\n\n<p><em><strong>M\u00d3DULO I<\/strong><\/em><br>Desenho T\u00e9cnico Topogr\u00e1fico<br>Inform\u00e1tica B\u00e1sica<br>Matem\u00e1tica Aplicada I<br>Ingl\u00eas T\u00e9cnico<br>Comunica\u00e7\u00e3o e Produ\u00e7\u00e3o de trabalhos acad\u00eamicos<br>Legisla\u00e7\u00e3o Aplicada \u00e0 Agrimensura<br><br><strong><em>M\u00d3DULO II<\/em><\/strong><br>Matem\u00e1tica Aplicada II<br>Cartografia<br>Fundamentos de Geod\u00e9sia<br>Introdu\u00e7\u00e3o \u00e0 Hidrologia<br>Inform\u00e1tica Aplicada \u00e0 Agrimensura<br>Projeto Integrador<br><br><strong><em>M\u00d3DULO III<\/em><\/strong><br>Georreferenciamento de Im\u00f3veis Rurais<br>Sensoriamento Remoto<br>Planejamento Urbano<br>M\u00e9todos de Posicionamento por Sat\u00e9lites<br>Projeto Geom\u00e9trico de Estradas<br>Sistema de Informa\u00e7\u00f5es Geogr\u00e1ficas<br>Gest\u00e3o Organizacional e Empreendedorismo<\/p>\n","protected":false},"excerpt":{"rendered":"<p>Informa\u00e7\u00e3o do curso Objetivo: Formar profissionais de n\u00edvel T\u00e9cnico em Agrimensura capazes de realizar, atrav\u00e9s da aplica\u00e7\u00e3o de m\u00e9todos e t\u00e9cnicas de mensura\u00e7\u00e3o e automa\u00e7\u00e3o, levantamentos e implanta\u00e7\u00f5es topogr\u00e1ficas e geod\u00e9sicas. Perfil de Egresso(a) Conforme legisla\u00e7\u00e3o vigente do Conselho Federal dos T\u00e9cnicos Industriais (CFT), o T\u00e9cnico em Agrimensura dever\u00e1 ser capaz de: coletar dados para [&hellip;]<\/p>\n","protected":false},"author":141,"featured_media":0,"parent":0,"menu_order":0,"comment_status":"closed","ping_status":"closed","template":"","meta":[],"_links":{"self":[{"href":"https:\/\/www.ifbaiano.edu.br\/unidades\/catu\/wp-json\/wp\/v2\/pages\/23989"}],"collection":[{"href":"https:\/\/www.ifbaiano.edu.br\/unidades\/catu\/wp-json\/wp\/v2\/pages"}],"about":[{"href":"https:\/\/www.ifbaiano.edu.br\/unidades\/catu\/wp-json\/wp\/v2\/types\/page"}],"author":[{"embeddable":true,"href":"https:\/\/www.ifbaiano.edu.br\/unidades\/catu\/wp-json\/wp\/v2\/users\/141"}],"replies":[{"embeddable":true,"href":"https:\/\/www.ifbaiano.edu.br\/unidades\/catu\/wp-json\/wp\/v2\/comments?post=23989"}],"version-history":[{"count":4,"href":"https:\/\/www.ifbaiano.edu.br\/unidades\/catu\/wp-json\/wp\/v2\/pages\/23989\/revisions"}],"predecessor-version":[{"id":25596,"href":"https:\/\/www.ifbaiano.edu.br\/unidades\/catu\/wp-json\/wp\/v2\/pages\/23989\/revisions\/25596"}],"wp:attachment":[{"href":"https:\/\/www.ifbaiano.edu.br\/unidades\/catu\/wp-json\/wp\/v2\/media?parent=23989"}],"curies":[{"name":"wp","href":"https:\/\/api.w.org\/{rel}","templated":true}]}}