{"id":3271,"date":"2021-10-21T16:56:05","date_gmt":"2021-10-21T19:56:05","guid":{"rendered":"http:\/\/www.ifbaiano.edu.br\/unidades\/catu\/?page_id=3271"},"modified":"2021-10-21T16:59:49","modified_gmt":"2021-10-21T19:59:49","slug":"boletim-de-servico","status":"publish","type":"page","link":"https:\/\/www.ifbaiano.edu.br\/unidades\/catu\/boletim-de-servico\/","title":{"rendered":"Boletim de Servi\u00e7o"},"content":{"rendered":"<p>A Dire\u00e7\u00e3o Geral \u00a0publica o Boletim de Servi\u00e7o Interno (BSI), visando dar publicidade e transpar\u00eancia aos atos internos do Instituto, conforme reza os princ\u00edpios da Administra\u00e7\u00e3o P\u00fablica:<\/p>\n<p>\u00a0<\/p>\n<p style=\"text-align: left\"><a href=\"https:\/\/www.ifbaiano.edu.br\/unidades\/catu\/files\/2020\/10\/PORTARIA-88_2020-CAT-GAB_CAT-DG_RET_IFBAIANO.pdf\" target=\"_blank\" rel=\"noopener noreferrer\">Portaria n.\u00ba 88\/2020 CAT-GAB\/CAT-DG\/RET\/IFBAIANO &#8211; Comiss\u00e3o de Designa\u00e7\u00e3o<\/a><\/p>\n<p style=\"text-align: left\"><a href=\"https:\/\/www.ifbaiano.edu.br\/unidades\/catu\/files\/2020\/09\/PORTARIA-86_2020-CAT-GAB_CAT-DG_RET_IFBAIANO.pdf\" target=\"_blank\" rel=\"noopener noreferrer\">Disp\u00f5e sobre a publica\u00e7\u00e3o da listagem completa dos atos normativos inferiores a decreto vigentes do IFBAIANO\/Campus Catu.<\/a><\/p>\n<p>\u00a0<\/p>\n<p><a href=\"https:\/\/www.ifbaiano.edu.br\/unidades\/catu\/?page_id=18214\">ANO 2011<\/a>\u00a0 \u00a0<a href=\"https:\/\/www.ifbaiano.edu.br\/unidades\/catu\/?page_id=18223\">ANO 2013<\/a>\u00a0 \u00a0<a href=\"https:\/\/www.ifbaiano.edu.br\/unidades\/catu\/?page_id=18227\">ANO 2015<\/a>\u00a0 \u00a0<a href=\"https:\/\/www.ifbaiano.edu.br\/unidades\/catu\/?page_id=18231\">ANO 2017<\/a>\u00a0 \u00a0<a href=\"https:\/\/www.ifbaiano.edu.br\/unidades\/catu\/?page_id=18235\" target=\"_blank\" rel=\"noopener\">ANO 2019<\/a>\u00a0 <a href=\"https:\/\/www.ifbaiano.edu.br\/unidades\/catu\/boletim-de-servico-interno-2021\/\" target=\"_blank\" rel=\"noopener\">ANO 2021<\/a><\/p>\n<p><a href=\"https:\/\/www.ifbaiano.edu.br\/unidades\/catu\/?page_id=18221\">ANO 2012<\/a>\u00a0 \u00a0<a href=\"https:\/\/www.ifbaiano.edu.br\/unidades\/catu\/?page_id=18225\">ANO 2014<\/a>\u00a0 \u00a0<a href=\"https:\/\/www.ifbaiano.edu.br\/unidades\/catu\/?page_id=18229\">ANO 2016<\/a>\u00a0 \u00a0<a href=\"https:\/\/www.ifbaiano.edu.br\/unidades\/catu\/?page_id=18233\">ANO 2018<\/a>\u00a0 \u00a0<a href=\"https:\/\/www.ifbaiano.edu.br\/unidades\/catu\/?page_id=18237\">ANO 2020<\/a><\/p>\n\n\n<p><\/p>\n","protected":false},"excerpt":{"rendered":"<p>A Dire\u00e7\u00e3o Geral \u00a0publica o Boletim de Servi\u00e7o Interno (BSI), visando dar publicidade e transpar\u00eancia aos atos internos do Instituto, conforme reza os princ\u00edpios da Administra\u00e7\u00e3o P\u00fablica: \u00a0 Portaria n.\u00ba 88\/2020 CAT-GAB\/CAT-DG\/RET\/IFBAIANO &#8211; Comiss\u00e3o de Designa\u00e7\u00e3o Disp\u00f5e sobre a publica\u00e7\u00e3o da listagem completa dos atos normativos inferiores a decreto vigentes do IFBAIANO\/Campus Catu. \u00a0 ANO [&hellip;]<\/p>\n","protected":false},"author":27,"featured_media":0,"parent":0,"menu_order":0,"comment_status":"open","ping_status":"open","template":"","meta":[],"_links":{"self":[{"href":"https:\/\/www.ifbaiano.edu.br\/unidades\/catu\/wp-json\/wp\/v2\/pages\/3271"}],"collection":[{"href":"https:\/\/www.ifbaiano.edu.br\/unidades\/catu\/wp-json\/wp\/v2\/pages"}],"about":[{"href":"https:\/\/www.ifbaiano.edu.br\/unidades\/catu\/wp-json\/wp\/v2\/types\/page"}],"author":[{"embeddable":true,"href":"https:\/\/www.ifbaiano.edu.br\/unidades\/catu\/wp-json\/wp\/v2\/users\/27"}],"replies":[{"embeddable":true,"href":"https:\/\/www.ifbaiano.edu.br\/unidades\/catu\/wp-json\/wp\/v2\/comments?post=3271"}],"version-history":[{"count":21,"href":"https:\/\/www.ifbaiano.edu.br\/unidades\/catu\/wp-json\/wp\/v2\/pages\/3271\/revisions"}],"predecessor-version":[{"id":19844,"href":"https:\/\/www.ifbaiano.edu.br\/unidades\/catu\/wp-json\/wp\/v2\/pages\/3271\/revisions\/19844"}],"wp:attachment":[{"href":"https:\/\/www.ifbaiano.edu.br\/unidades\/catu\/wp-json\/wp\/v2\/media?parent=3271"}],"curies":[{"name":"wp","href":"https:\/\/api.w.org\/{rel}","templated":true}]}}