{"id":4437,"date":"2022-07-28T16:05:25","date_gmt":"2022-07-28T19:05:25","guid":{"rendered":"http:\/\/www.ifbaiano.edu.br\/unidades\/catu\/?page_id=4437"},"modified":"2022-07-28T16:05:38","modified_gmt":"2022-07-28T19:05:38","slug":"servidores","status":"publish","type":"page","link":"https:\/\/www.ifbaiano.edu.br\/unidades\/catu\/servidores\/","title":{"rendered":"Servidores"},"content":{"rendered":"<p>Acesse o <span style=\"color: #0000ff\"><a style=\"color: #0000ff\" href=\"http:\/\/www.portaltransparencia.gov.br\/servidores\/OrgaoLotacao-ListaServidores.asp?CodOS=15000&amp;DescOS=MINISTERIO%20DA%20EDUCACAO&amp;CodOrg=26404&amp;DescOrg=INSTITUTO%20FEDERAL%20BAIANO\" target=\"_blank\" rel=\"noopener\">Portal da Transpar\u00eancia<\/a><\/span> e veja os dados sobre os (as) servidores (as).<\/p>\n<p>Clique <span style=\"color: #0000ff\"><a style=\"color: #0000ff\" href=\"http:\/\/ifbaiano.edu.br\/portal\/servidor\/\" target=\"_blank\" rel=\"noopener\">aqui<\/a><\/span> e acesse, de forma pr\u00e1tica e simples, as informa\u00e7\u00f5es mais relevantes no seu dia a dia.<\/p>\n<p>Sistema de Gest\u00e3o de Acesso (<span style=\"color: #0000ff\"><a style=\"color: #0000ff\" href=\"https:\/\/sso.gestaodeacesso.planejamento.gov.br\/cassso\/login?service=https%3A%2F%2Fgestaodeacesso.planejamento.gov.br%2Fgerid%2Fpages%2Frestrict%2Findex.xhtml\" target=\"_blank\" rel=\"noopener\">Sigac<\/a><\/span>)<\/p>\n<p>\u00a0<\/p>\n\n\n<p><\/p>\n","protected":false},"excerpt":{"rendered":"<p>Acesse o Portal da Transpar\u00eancia e veja os dados sobre os (as) servidores (as). Clique aqui e acesse, de forma pr\u00e1tica e simples, as informa\u00e7\u00f5es mais relevantes no seu dia a dia. Sistema de Gest\u00e3o de Acesso (Sigac) \u00a0<\/p>\n","protected":false},"author":27,"featured_media":0,"parent":0,"menu_order":0,"comment_status":"open","ping_status":"open","template":"","meta":[],"_links":{"self":[{"href":"https:\/\/www.ifbaiano.edu.br\/unidades\/catu\/wp-json\/wp\/v2\/pages\/4437"}],"collection":[{"href":"https:\/\/www.ifbaiano.edu.br\/unidades\/catu\/wp-json\/wp\/v2\/pages"}],"about":[{"href":"https:\/\/www.ifbaiano.edu.br\/unidades\/catu\/wp-json\/wp\/v2\/types\/page"}],"author":[{"embeddable":true,"href":"https:\/\/www.ifbaiano.edu.br\/unidades\/catu\/wp-json\/wp\/v2\/users\/27"}],"replies":[{"embeddable":true,"href":"https:\/\/www.ifbaiano.edu.br\/unidades\/catu\/wp-json\/wp\/v2\/comments?post=4437"}],"version-history":[{"count":10,"href":"https:\/\/www.ifbaiano.edu.br\/unidades\/catu\/wp-json\/wp\/v2\/pages\/4437\/revisions"}],"predecessor-version":[{"id":21264,"href":"https:\/\/www.ifbaiano.edu.br\/unidades\/catu\/wp-json\/wp\/v2\/pages\/4437\/revisions\/21264"}],"wp:attachment":[{"href":"https:\/\/www.ifbaiano.edu.br\/unidades\/catu\/wp-json\/wp\/v2\/media?parent=4437"}],"curies":[{"name":"wp","href":"https:\/\/api.w.org\/{rel}","templated":true}]}}