{"id":9282,"date":"2015-02-27T21:33:55","date_gmt":"2015-02-27T21:33:55","guid":{"rendered":"http:\/\/www.ifbaiano.edu.br\/unidades\/catu\/?page_id=9282"},"modified":"2024-07-17T12:15:24","modified_gmt":"2024-07-17T15:15:24","slug":"guia-academico","status":"publish","type":"page","link":"https:\/\/www.ifbaiano.edu.br\/unidades\/catu\/tecnologo\/guia-academico\/","title":{"rendered":"Guia acad\u00eamico ADS"},"content":{"rendered":"\n<script>\r\nwindow.location.href = \"https:\/\/ifbaiano.edu.br\/portal\/ads-catu\/\";\r\n<\/script>\n\n\n\n<p>O Guia Acad\u00eamico \u00e9 uma publica\u00e7\u00e3o do colegiado do curso de ADS, disponibilizado no primeiro dia de aula e especialmente dirigido ao estudante do curso de ADS, onde voc\u00ea encontrar\u00e1 informa\u00e7\u00f5es iniciais sobre a estrutura e o funcionamento do seu Curso. Acesse <a href=\"http:\/\/www.ifbaiano.edu.br\/unidades\/catu\/files\/2017\/05\/Guia_Academico_2017.pdf\"><strong>aqui<\/strong> <\/a>o Guia Acad\u00eamico 2017 e tenha-o sempre \u00e0 m\u00e3o.<\/p>\n\n\n\n<p class=\"has-text-align-right\">P\u00e1gina atualizada em 04\/05\/2017.<\/p>\n","protected":false},"excerpt":{"rendered":"<p>O Guia Acad\u00eamico \u00e9 uma publica\u00e7\u00e3o do colegiado do curso de ADS, disponibilizado no primeiro dia de aula e especialmente dirigido ao estudante do curso de ADS, onde voc\u00ea encontrar\u00e1 informa\u00e7\u00f5es iniciais sobre a estrutura e o funcionamento do seu Curso. Acesse aqui o Guia Acad\u00eamico 2017 e tenha-o sempre \u00e0 m\u00e3o. P\u00e1gina atualizada em [&hellip;]<\/p>\n","protected":false},"author":61,"featured_media":0,"parent":71,"menu_order":2,"comment_status":"closed","ping_status":"closed","template":"","meta":[],"_links":{"self":[{"href":"https:\/\/www.ifbaiano.edu.br\/unidades\/catu\/wp-json\/wp\/v2\/pages\/9282"}],"collection":[{"href":"https:\/\/www.ifbaiano.edu.br\/unidades\/catu\/wp-json\/wp\/v2\/pages"}],"about":[{"href":"https:\/\/www.ifbaiano.edu.br\/unidades\/catu\/wp-json\/wp\/v2\/types\/page"}],"author":[{"embeddable":true,"href":"https:\/\/www.ifbaiano.edu.br\/unidades\/catu\/wp-json\/wp\/v2\/users\/61"}],"replies":[{"embeddable":true,"href":"https:\/\/www.ifbaiano.edu.br\/unidades\/catu\/wp-json\/wp\/v2\/comments?post=9282"}],"version-history":[{"count":9,"href":"https:\/\/www.ifbaiano.edu.br\/unidades\/catu\/wp-json\/wp\/v2\/pages\/9282\/revisions"}],"predecessor-version":[{"id":24192,"href":"https:\/\/www.ifbaiano.edu.br\/unidades\/catu\/wp-json\/wp\/v2\/pages\/9282\/revisions\/24192"}],"up":[{"embeddable":true,"href":"https:\/\/www.ifbaiano.edu.br\/unidades\/catu\/wp-json\/wp\/v2\/pages\/71"}],"wp:attachment":[{"href":"https:\/\/www.ifbaiano.edu.br\/unidades\/catu\/wp-json\/wp\/v2\/media?parent=9282"}],"curies":[{"name":"wp","href":"https:\/\/api.w.org\/{rel}","templated":true}]}}