{"id":10007,"date":"2024-09-23T10:52:19","date_gmt":"2024-09-23T13:52:19","guid":{"rendered":"https:\/\/www.ifbaiano.edu.br\/unidades\/gmb\/?page_id=10007"},"modified":"2025-04-25T08:51:05","modified_gmt":"2025-04-25T11:51:05","slug":"cursos-tecnicos-na-modalidade-integrada-ao-ensino-medio-2","status":"publish","type":"page","link":"https:\/\/www.ifbaiano.edu.br\/unidades\/gmb\/cursos-tecnicos-na-modalidade-integrada-ao-ensino-medio-2\/","title":{"rendered":"CURSOS T\u00c9CNICOS INTEGRADOS AO ENSINO M\u00c9DIO"},"content":{"rendered":"\n<figure class=\"wp-block-image size-full\"><a href=\"https:\/\/www.ifbaiano.edu.br\/unidades\/gmb\/files\/2024\/09\/faixa-5x1m-mangabeira-ingresso-2025.pdf.jpg\"><img decoding=\"async\" loading=\"lazy\" width=\"7993\" height=\"1599\" src=\"https:\/\/www.ifbaiano.edu.br\/unidades\/gmb\/files\/2024\/09\/faixa-5x1m-mangabeira-ingresso-2025.pdf.jpg\" alt=\"\" class=\"wp-image-10101\" \/><\/a><\/figure>\n\n\n<figure class=\"wp-block-table is-style-stripes\">\n<table class=\"has-text-color has-background\" style=\"color: #136346;background: linear-gradient(135deg,#caf880 61%,#71ce7e 100%)\">\n<thead>\n<tr>\n<th class=\"has-text-align-left\" data-align=\"left\">APRESENTA\u00c7\u00c3O<\/th>\n<\/tr>\n<\/thead>\n<\/table>\n<\/figure>\n<figure class=\"wp-block-table is-style-stripes\"><\/figure>\n\n\n<p>O DIRETOR-GERAL DO INSTITUTO FEDERAL DE EDUCA\u00c7\u00c3O, CI\u00caNCIA E TECNOLOGIA BAIANO<br>(IF BAIANO) CAMPUS Governador Mangabeira, no uso de suas atribui\u00e7\u00f5es delegadas pela Portaria n\u00ba 277  de 18 de mar\u00e7o de 2022 publicada no Di\u00e1rio Oficial da Uni\u00e3o do dia 21 de mar\u00e7o de 2022, Se\u00e7\u00e3o 2, p\u00e1gina 26, e de acordo com as disposi\u00e7\u00f5es contidas na Lei N\u00ba 11.892, de 29 de dezembro de 2008, e na Lei N\u00ba 8.112, de 11 de dezembro de 1990, em conformidade com a Lei N\u00b0 9.394, de 20 de dezembro de 1996, e suas altera\u00e7\u00f5es e, ainda, considerando a Resolu\u00e7\u00e3o do Conselho Pleno do Conselho Nacional de Educa\u00e7\u00e3o (CNE\/CP) N\u00ba 04, de 17 de dezembro de 2018; o Decreto n\u00ba 11.016, de 29 de mar\u00e7o de 2022; a Lei n\u00ba 8.666, de 21 de junho de 1993; o Decreto N\u00ba 3.298, de 20 de dezembro de 1999; a Lei N\u00ba 12.764, de 27 de dezembro de 2012; a Lei N\u00ba 12.711, de 29 de agosto de 2012, e suas regulamenta\u00e7\u00f5es; a Lei N\u00ba 10.741, de 1\u00ba de outubro de 2003; a Lei N\u00ba 13.409, de 28 de dezembro de 2016; o Decreto N\u00ba 7.824, de 11 de outubro de 2012; a Portaria do Minist\u00e9rio da Educa\u00e7\u00e3o (MEC) N\u00ba 18, de 11 de outubro de 2012, e suas altera\u00e7\u00f5es, observando o disposto na Resolu\u00e7\u00e3o N\u00ba 153\/2021 &#8211; OS-CONSUP\/IFBAIANO, de 18 de agosto de 2021, na Instru\u00e7\u00e3o Normativa 67\/2023 &#8211; RETGAB\/ RET\/IFBAIANO, de 13 de setembro de 2023, na Portaria Normativa 19\/2023 &#8211; RETGAB\/ RET\/IFBAIANO, de 21 de setembro de 2023 e na legisla\u00e7\u00e3o concernente, torna p\u00fablica a abertura de inscri\u00e7\u00f5es para o Processo de ingresso de estudantes de 2025, dos cursos da Educa\u00e7\u00e3o Profissional T\u00e9cnica de N\u00edvel M\u00e9dio (EPTNM), na FORMA INTEGRADA ao ensino m\u00e9dio.<\/p>\n\n\n<figure class=\"wp-block-table is-style-stripes\">\n<table class=\"has-text-color has-background\" style=\"color: #136346;background: linear-gradient(135deg,#caf880 61%,#71ce7e 100%)\">\n<thead>\n<tr>\n<th class=\"has-text-align-left\" data-align=\"left\">VAGAS OFERTADAS<\/th>\n<\/tr>\n<\/thead>\n<\/table>\n<\/figure>\n\n\n<p>T\u00e9cnico em Agropecu\u00e1ria &#8211; 35 Vagas<\/p>\n\n\n\n<p>T\u00e9cnico em Agroind\u00fastria &#8211; 35 Vagas<\/p>\n\n\n\n<p>T\u00e9cnico em Inform\u00e1tica &#8211;  70 Vagas<\/p>\n\n\n<figure class=\"wp-block-table is-style-stripes\">\n<table class=\"has-text-color has-background\" style=\"color: #136346;background: linear-gradient(135deg,#caf880 61%,#71ce7e 100%)\">\n<thead>\n<tr>\n<th class=\"has-text-align-left\" data-align=\"left\">EDITAL E ANEXOS<\/th>\n<\/tr>\n<\/thead>\n<\/table>\n<\/figure>\n\n\n<p><a href=\"https:\/\/www.ifbaiano.edu.br\/unidades\/gmb\/files\/2024\/09\/Edital-No-11-Prosel-Cursos-Integrados_2025-1.pdf\">EDITAL 11 &#8211; CURSOS T\u00c9CNICOS INTEGRADOS AO ENSINO M\u00c9DIO ANO &#8211; LETIVO 2025<\/a><\/p>\n\n\n\n<p><a href=\"https:\/\/www.ifbaiano.edu.br\/unidades\/gmb\/files\/2024\/09\/ANEXO-II.docx.pdf\">ANEXO II DECLARA\u00c7\u00c3O ESCOLAR DE ENSINO FUNDAMENTAL<\/a><\/p>\n\n\n\n<p><a href=\"https:\/\/www.ifbaiano.edu.br\/unidades\/gmb\/files\/2024\/09\/ANEXO-III.docx.pdf\">ANEXO III AUTODECLARA\u00c7\u00c3O DE RENDA<\/a><\/p>\n\n\n\n<p><a href=\"https:\/\/www.ifbaiano.edu.br\/unidades\/gmb\/files\/2024\/09\/ANEXO-IV.docx-1.pdf\">ANEXO IV FORMUL\u00c1RIO PARA RECURSO<\/a><\/p>\n\n\n\n<p><a href=\"https:\/\/www.ifbaiano.edu.br\/unidades\/gmb\/files\/2024\/09\/ANEXO-V.docx-2.pdf\">ANEXO V DECLARA\u00c7\u00c3O DE RECONHECIMENTO DE PERTENCIMENTO E DE V\u00cdNCULO COM COMUNIDADE QUILOMBOLA<\/a><\/p>\n\n\n<p><a href=\"https:\/\/www.ifbaiano.edu.br\/unidades\/gmb\/files\/2024\/09\/Resultado-Impugnacao-Edital-No-11-Prosel-Cursos-Integrados.pdf\">RESULTADO IMPUGNA\u00c7\u00c3O EDITAL N\u00ba 11 &#8211; PROCESSO SELETIVO CURSOS INTEGRADOS.\u00a0<\/a><\/p>\n<div class=\"wp-block-buttons\">\n<p><a href=\"https:\/\/www.ifbaiano.edu.br\/unidades\/gmb\/files\/2024\/11\/1a-Retificacao-do-Edital-No-11-Prosel-Cursos-Integrados_2025-1.pdf\"> 1\u00aa RETIFICA\u00c7\u00c3O DO EDITAL N\u00ba 11- PROCESSO SELETIVO CURSOS INTEGRADOS<\/a>\u00a0<\/p>\n<div class=\"page\" title=\"Page 1\">\n<div class=\"section\">\n<div class=\"layoutArea\">\n<div class=\"column\">\n<p><a href=\"https:\/\/www.ifbaiano.edu.br\/unidades\/gmb\/files\/2024\/11\/Lista_Preliminar_Homologacao_Inscricoes_assinado.pdf\">PUBLICAC\u0327A\u0303O DA LISTA PRELIMINAR DE INSCRIC\u0327O\u0303ES HOMOLOGADAS<\/a>\u00a0<\/p>\n<p><a href=\"https:\/\/www.ifbaiano.edu.br\/unidades\/gmb\/files\/2024\/11\/2a-Retificacao-do-Edital-No-11-Prosel-Cursos-Integrados_2025.pdf\">2\u00aa RETIFICA\u00c7\u00c3O DO EDITAL N\u00ba 11 &#8211; PROCESSO SELETIVO CURSOS INTEGRADOS<\/a>\u00a0<\/p>\n<div class=\"page\" title=\"Page 1\">\n<div class=\"section\">\n<div class=\"layoutArea\">\n<div class=\"column\">\n<p><a href=\"https:\/\/www.ifbaiano.edu.br\/unidades\/gmb\/files\/2024\/11\/Planilha-Prosel-2025-Integrado-Homologacao.pdf\">PUBLICAC\u0327A\u0303O DO RESULTADO DOS RECURSOS LISTA PRELIMINAR DE INSCRIC\u0327O\u0303ES HOMOLOGADAS<\/a>\u00a0<\/p>\n<div class=\"page\" title=\"Page 1\">\n<div class=\"section\">\n<div class=\"layoutArea\">\n<div class=\"column\">\n<div class=\"page\" title=\"Page 1\">\n<div class=\"section\">\n<div class=\"layoutArea\">\n<div class=\"column\">\n<p><a href=\"https:\/\/www.ifbaiano.edu.br\/unidades\/gmb\/files\/2024\/11\/Planilha_Prosel_2025_Integrado_-_Historico_-_Resultado_Parcial_-_Analise_do_Historico-1_assinado.pdf\">RESULTADO PRELIMINAR DA ANA\u0301LISE DO HISTO\u0301RICO ESCOLAR<\/a>\u00a0<\/p>\n<div class=\"page\" title=\"Page 1\">\n<div class=\"section\">\n<div class=\"layoutArea\">\n<div class=\"column\">\n<p><a href=\"https:\/\/www.ifbaiano.edu.br\/unidades\/gmb\/files\/2024\/11\/Planilha_Prosel_2025_Integrado_Homologacao_-_Resultado_Final_-_Inscricoes_Homologadas-2_assinado.pdf\">PUBLICAC\u0327A\u0303O DA LISTA FINAL DE INSCRIC\u0327O\u0303ES HOMOLOGADAS<\/a>\u00a0<\/p>\n<p><a href=\"https:\/\/www.ifbaiano.edu.br\/unidades\/gmb\/files\/2024\/12\/Planilha-Prosel-2025-Integrado-Recurso_Historico_assinado.pdf\">RESULTADO DOS RECURSOS CONTRA A LISTA PRELIMINAR DA AN\u00c1LISE DO HIST\u00d3RICO ESCOLAR<\/a>\u00a0<\/p>\n<p><a href=\"https:\/\/www.ifbaiano.edu.br\/unidades\/gmb\/files\/2024\/12\/Planilha-Prosel-2025-Integrado-Historico-Resultado-Final-Analise-do-Historico_assinado.pdf\">RESULTADO FINAL DA AN\u00c1LISE DO HIST\u00d3RICO ESCOLAR<\/a>\u00a0<\/p>\n<div class=\"page\" title=\"Page 1\">\n<div class=\"section\">\n<div class=\"layoutArea\">\n<div class=\"column\">\n<p><a href=\"https:\/\/www.ifbaiano.edu.br\/unidades\/gmb\/files\/2024\/12\/Planilha-Prosel-2025-Integrado-Historico-Convocacao-Banca-de-Heteroidentificacao_assinado.pdf\">CONVOCAC\u0327A\u0303O DE CANDIDATOS PARA A BANCA DE HETEROIDENTIFICAC\u0327A\u0303O<\/a>\u00a0<\/p>\n<p><a href=\"https:\/\/www.ifbaiano.edu.br\/unidades\/gmb\/files\/2024\/12\/Planilha_Prosel_2025_Integrado_-_Classificacao_-_R_241213_161226.pdf\">RESULTADO PRELIMINAR DA VERIFICA\u00c7\u00c3O DE AUTODECLARA\u00c7\u00c3O \u00c9TNICO-RACIAL DOS(AS) CANDIDATOS(AS) AUTODECLARADOS(AS) PRETOS(AS) E PARDOS(AS)<\/a>\u00a0<\/p>\n<p><a href=\"https:\/\/www.ifbaiano.edu.br\/unidades\/gmb\/files\/2024\/12\/Integrado_-_Resultado_Final_-_Geral_241219_183443_assinado.pdf\">PUBLICA\u00c7\u00c3O DO <span style=\"font-size: revert\">RESULTADO FINAL \u00a0<\/span><\/a><\/p>\n<p><a href=\"https:\/\/www.ifbaiano.edu.br\/unidades\/gmb\/files\/2025\/01\/Documento-17_250120_174503-1.pdf\">CONVOCA\u00c7\u00d5ES PARA 2\u00aa CHAMADA CURSOS T\u00c9CNICOS INTEGRADOS AO ENSINO M\u00c9DIO<\/a><\/p>\n<p><span style=\"font-family: AppleSystemUIFont, serif;font-size: medium\"><a href=\"https:\/\/www.ifbaiano.edu.br\/unidades\/gmb\/files\/2025\/01\/Publicacao.pdf\">CONVOCA\u00c7\u00c3O PARA 3\u00aa CHAMADA CURSOS T\u00c9CNICO INTEGRADOS AO ENSINO M\u00c9DIO<\/a>\u00a0<\/span><\/p>\n<p><span style=\"font-family: AppleSystemUIFont, serif;font-size: medium\"><a href=\"https:\/\/www.ifbaiano.edu.br\/unidades\/gmb\/files\/2025\/01\/Documento-20_250129_170538.pdf\">CONVOCA\u00c7\u00c3O PARA 4\u00aa CHAMADA CURSOS T\u00c9CNICO INTEGRADOS AO ENSINO M\u00c9DIO<\/a> <\/span><\/p>\n<p><span style=\"font-family: AppleSystemUIFont, serif;font-size: medium\"><a href=\"https:\/\/www.ifbaiano.edu.br\/unidades\/gmb\/files\/2025\/02\/QUINTA-CONVOCACAO.pdf\">CONVOCA\u00c7\u00c3O PARA 5\u00aa CHAMADA CURSOS T\u00c9CNICO INTEGRADOS AO ENSINO M\u00c9DIO<\/a> <\/span><\/p>\n<p><span style=\"font-family: AppleSystemUIFont, serif;font-size: medium\"><a href=\"https:\/\/www.ifbaiano.edu.br\/unidades\/gmb\/files\/2025\/03\/EDITAL-DE-CONVOCACAO-PARA-MATRICULA-AGROINDUSTRIA-INTEGRADO-2025.pdf\">CONVOCA\u00c7\u00c3O PARA 6\u00aa CHAMADA CURSOS T\u00c9CNICO INTEGRADOS AO ENSINO M\u00c9DIO<\/a> <\/span><\/p>\n<p><span style=\"font-family: AppleSystemUIFont, serif;font-size: medium\"><a href=\"https:\/\/www.ifbaiano.edu.br\/unidades\/gmb\/files\/2025\/03\/EDITAL-DE-CONVOCACAO-LISTA-DE-ESPERA-AGROINDUSTRIA.pdf\">CONVOCA\u00c7\u00c3O PARA 7\u00aa CHAMADA CURSOS T\u00c9CNICO INTEGRADOS AO ENSINO M\u00c9DIO<\/a> <\/span><\/p>\n<p><a href=\"https:\/\/www.ifbaiano.edu.br\/unidades\/gmb\/files\/2025\/04\/CONVOCACAO-PARA-8a-CHAMADA-CURSOS-TECNICO-INTEGRADOS-AO-ENSINO-MEDIO-AGROINDUSTRIA.pdf\"><span style=\"font-family: AppleSystemUIFont, serif;font-size: medium\">CONVOCA\u00c7\u00c3O PARA 8\u00aa CHAMADA CURSOS T\u00c9CNICO INTEGRADOS AO ENSINO M\u00c9DIO <mark class=\"has-inline-color\" style=\"background-color: #fcb900\"><\/mark><mark class=\"has-inline-color\" style=\"background-color: #fcb900\"><\/mark><\/span><\/a><\/p>\n<p><a href=\"https:\/\/www.ifbaiano.edu.br\/unidades\/gmb\/files\/2025\/04\/Lista-de-espera-Agroindustria-9o-Chamada.pdf\"><span style=\"font-family: AppleSystemUIFont, serif;font-size: medium\">CONVOCA\u00c7\u00c3O PARA 9\u00aa CHAMADA CURSOS T\u00c9CNICO INTEGRADOS AO ENSINO M\u00c9DIO <mark class=\"has-inline-color\" style=\"background-color: #fcb900\"><\/mark><mark class=\"has-inline-color\" style=\"background-color: #fcb900\"><\/mark><\/span><\/a><\/p>\n<p><a href=\"https:\/\/www.ifbaiano.edu.br\/unidades\/gmb\/files\/2025\/04\/CONVOCACAO-PARA-10a-CHAMADA-CURSOS-TECNICO-INTEGRADOS-AO-ENSINO-MEDIO.pdf\"><span style=\"font-family: AppleSystemUIFont, serif;font-size: medium\">CONVOCA\u00c7\u00c3O PARA 10\u00aa CHAMADA CURSOS T\u00c9CNICO INTEGRADOS AO ENSINO M\u00c9DIO <mark class=\"has-inline-color\" style=\"background-color: #fcb900\"><\/mark><mark class=\"has-inline-color\" style=\"background-color: #fcb900\"><\/mark><\/span><\/a><\/p>\n<p><a href=\"https:\/\/www.ifbaiano.edu.br\/unidades\/gmb\/files\/2025\/04\/CONVOCACAO-PARA-11a-CHAMADA-CURSOS-TECNICO-INTEGRADOS-AO-ENSINO-MEDIO.pdf\"><span style=\"font-family: AppleSystemUIFont, serif;font-size: medium\">CONVOCA\u00c7\u00c3O PARA 11\u00aa CHAMADA CURSOS T\u00c9CNICO INTEGRADOS AO ENSINO M\u00c9DIO <mark class=\"has-inline-color\" style=\"background-color: #fcb900\"><\/mark><mark class=\"has-inline-color\" style=\"background-color: #fcb900\"><\/mark><\/span><\/a><\/p>\n<p><a href=\"https:\/\/www.ifbaiano.edu.br\/unidades\/gmb\/files\/2025\/04\/CONVOCACAO-PARA-12a-CHAMADA-CURSOS-TECNICO-INTEGRADOS-AO-ENSINO-MEDIO.pdf\"><span style=\"font-family: AppleSystemUIFont, serif;font-size: medium\">CONVOCA\u00c7\u00c3O PARA 12\u00aa CHAMADA CURSOS T\u00c9CNICO INTEGRADOS AO ENSINO M\u00c9DIO <span style=\"font-size: revert\"><mark class=\"has-inline-color\" style=\"background-color: #fcb900\">(N<\/mark><\/span><span style=\"font-size: revert\"><mark class=\"has-inline-color\" style=\"background-color: #fcb900\">OVO)<\/mark><\/span>\u00a0<\/span><\/a><\/p>\n<\/div>\n<\/div>\n<\/div>\n<\/div>\n<\/div>\n<\/div>\n<\/div>\n<\/div>\n<\/div>\n<\/div>\n<\/div>\n<\/div>\n<\/div>\n<\/div>\n<\/div>\n<\/div>\n<\/div>\n<\/div>\n<\/div>\n<\/div>\n<\/div>\n<\/div>\n<\/div>\n<\/div>\n<\/div>\n<p><!-- \/wp:paragraph --><\/p>\n<p><!-- wp:paragraph --><\/p>\n<p><!-- \/wp:paragraph --><\/p>\n<p><!-- wp:paragraph --><\/p>\n<p><!-- \/wp:paragraph --><\/p>\n<figure class=\"wp-block-table is-style-stripes\">\n<table class=\"has-text-color has-background\" style=\"color: #136346;background: linear-gradient(135deg,#caf880 61%,#71ce7e 100%)\">\n<thead>\n<tr>\n<th class=\"has-text-align-left\" data-align=\"left\"><a href=\"https:\/\/www.ifbaiano.edu.br\/unidades\/gmb\/files\/2024\/12\/Edial-de-matricula-integral.pdf\">EDITAL DE MATRICULA ACESSE AQUI\u00a0 <\/a><\/th>\n<\/tr>\n<\/thead>\n<\/table>\n<\/figure>\n<p><!-- wp:paragraph {\"fontSize\":\"medium\"} --><\/p>\n<p class=\"has-medium-font-size\">DO PER\u00cdODO E LOCAL DE MATR\u00cdCULA DA 1\u00aa CHAMADA\u00a0<\/p>\n<p><!-- \/wp:paragraph --><\/p>\n<p><!-- wp:list --><\/p>\n<ul>\n<li style=\"list-style-type: none\">\n<ul><!-- wp:list-item --><\/ul>\n<\/li>\n<\/ul>\n<p><strong>Per\u00edodo: 06 de janeiro a 17 de janeiro de 2025 <span style=\"font-size: revert\"><mark class=\"has-inline-color\" style=\"background-color: #fcb900\">(FINALIZADA)<\/mark><\/span><\/strong><\/p>\n<p><!-- \/wp:list-item --><\/p>\n<p><!-- wp:list-item --><\/p>\n<p><!-- \/wp:list-item --><\/p>\n<p><!-- wp:list-item --><\/p>\n<p><!-- \/wp:list-item --><\/p>\n<p><!-- wp:list-item --><\/p>\n<ul>\n<li style=\"list-style-type: none\">\n<ul>\n<li>Curso t\u00e9cnico em Inform\u00e1tica: De 06\/01\/2025 a 10\/01\/2025;<\/li>\n<li>Curso t\u00e9cnico em Agropecu\u00e1ria: De 13\/01\/2024 a 17\/01\/2025;<\/li>\n<li>Curso t\u00e9cnico em Agroind\u00fastria: De 13\/01\/2025 a 17\/01\/2025;<\/li>\n<li>Hor\u00e1rio: das 8:00 h \u00e0s 12:00 h (atendimento por ordem de chegada);<\/li>\n<li>Local: SRA &#8211; Secretaria de Registros Acad\u00eamicos no IF Baiano, Campus Governador Mangabeira, localizada na Rua Waldemar Mascarenhas, s\/n \u2013 Port\u00e3o (Estrada Velha da Chesf).<\/li>\n<\/ul>\n<\/li>\n<\/ul>\n<p><!-- \/wp:list-item --><\/p>\n<p><!-- wp:list-item --><\/p>\n<p><!-- \/wp:list-item --><\/p>\n<p><!-- wp:list-item --><\/p>\n<p><!-- \/wp:list-item --><\/p>\n<p><!-- \/wp:list --><\/p>\n<p><!-- wp:paragraph --><\/p>\n<p><!-- \/wp:paragraph --><\/p>\n<figure class=\"wp-block-table is-style-stripes\">\n<table class=\"has-text-color has-background\" style=\"color: #136346;background: linear-gradient(135deg,#caf880 61%,#71ce7e 100%)\">\n<thead>\n<tr>\n<th class=\"has-text-align-left\" data-align=\"left\">DOCUMENTOS NECESS\u00c1RIOS PARA MATR\u00cdCULA<\/th>\n<\/tr>\n<\/thead>\n<\/table>\n<\/figure>\n<p><!-- wp:paragraph --><\/p>\n<p>I &#8211; Documento de identifica\u00e7\u00e3o oficial com foto: Registro Geral de Identifica\u00e7\u00e3o Civil (Carteira de identidade, RG) expedidas pelas Secretarias de Seguran\u00e7a P\u00fablica, pelas For\u00e7as Armadas, pela Pol\u00edcia Militar ou pela Pol\u00edcia Federal; Identidade expedida pelo Minist\u00e9rio da Justi\u00e7a para estrangeiros; Identifica\u00e7\u00e3o fornecida por Ordens ou Conselhos de Classes que por lei tenham validade como documento de identidade; Carteira de Trabalho e Previd\u00eancia Social (CTPS), emitida ap\u00f3s 27 de janeiro de 1997; Passaporte; Carteira Nacional de Habilita\u00e7\u00e3o (CNH) com fotografia, na forma da Lei n\u00ba 9.503, de 23 de setembro de 1997;<br \/>II &#8211; Cadastro de Pessoa F\u00edsica (CPF) caso n\u00e3o conste o n\u00famero no RG;<br \/>III &#8211; Hist\u00f3rico escolar ou certificado de Conclus\u00e3o do ensino Fundamental (Para os cursos Integrados);<br \/>IV &#8211; Comprovante de resid\u00eancia ou declara\u00e7\u00e3o de domic\u00edlio;<br \/>V &#8211; Comprovante de regulariza\u00e7\u00e3o com o Servi\u00e7o Militar (para candidatos do g\u00eanero masculino maiores de 18 anos);<br \/>VI &#8211; Comprovante de Quita\u00e7\u00e3o da Justi\u00e7a Eleitoral (para candidatos(as) maiores de 18 anos) &#8211; dispon\u00edvel<br \/>em: https:\/\/www.tse.jus.br\/eleitor\/certidoes\/;<br \/>VII &#8211; RG e CPF do(a) respons\u00e1vel (se o(a) candidato(a) for menor de 18 anos);<br \/>VIII &#8211; 01 foto 3&#215;4 colorida recente;<\/p>\n<p><!-- \/wp:paragraph --><\/p>","protected":false},"excerpt":{"rendered":"<p>APRESENTA\u00c7\u00c3O O DIRETOR-GERAL DO INSTITUTO FEDERAL DE EDUCA\u00c7\u00c3O, CI\u00caNCIA E TECNOLOGIA BAIANO(IF BAIANO) CAMPUS Governador Mangabeira, no uso de suas atribui\u00e7\u00f5es delegadas pela Portaria n\u00ba 277 de 18 de mar\u00e7o de 2022 publicada no Di\u00e1rio Oficial da Uni\u00e3o do dia 21 de mar\u00e7o de 2022, Se\u00e7\u00e3o 2, p\u00e1gina 26, e de acordo com as disposi\u00e7\u00f5es [&hellip;]<\/p>\n","protected":false},"author":155,"featured_media":0,"parent":0,"menu_order":0,"comment_status":"closed","ping_status":"closed","template":"","meta":[],"_links":{"self":[{"href":"https:\/\/www.ifbaiano.edu.br\/unidades\/gmb\/wp-json\/wp\/v2\/pages\/10007"}],"collection":[{"href":"https:\/\/www.ifbaiano.edu.br\/unidades\/gmb\/wp-json\/wp\/v2\/pages"}],"about":[{"href":"https:\/\/www.ifbaiano.edu.br\/unidades\/gmb\/wp-json\/wp\/v2\/types\/page"}],"author":[{"embeddable":true,"href":"https:\/\/www.ifbaiano.edu.br\/unidades\/gmb\/wp-json\/wp\/v2\/users\/155"}],"replies":[{"embeddable":true,"href":"https:\/\/www.ifbaiano.edu.br\/unidades\/gmb\/wp-json\/wp\/v2\/comments?post=10007"}],"version-history":[{"count":85,"href":"https:\/\/www.ifbaiano.edu.br\/unidades\/gmb\/wp-json\/wp\/v2\/pages\/10007\/revisions"}],"predecessor-version":[{"id":10814,"href":"https:\/\/www.ifbaiano.edu.br\/unidades\/gmb\/wp-json\/wp\/v2\/pages\/10007\/revisions\/10814"}],"wp:attachment":[{"href":"https:\/\/www.ifbaiano.edu.br\/unidades\/gmb\/wp-json\/wp\/v2\/media?parent=10007"}],"curies":[{"name":"wp","href":"https:\/\/api.w.org\/{rel}","templated":true}]}}