{"id":10011,"date":"2024-09-23T10:55:50","date_gmt":"2024-09-23T13:55:50","guid":{"rendered":"https:\/\/www.ifbaiano.edu.br\/unidades\/gmb\/?page_id=10011"},"modified":"2025-01-28T21:40:03","modified_gmt":"2025-01-29T00:40:03","slug":"curso-tecnico-na-modalidade-subsequente-2","status":"publish","type":"page","link":"https:\/\/www.ifbaiano.edu.br\/unidades\/gmb\/curso-tecnico-na-modalidade-subsequente-2\/","title":{"rendered":"Cursos T\u00e9cnicos Subsequentes na Modalidade Presencial"},"content":{"rendered":"<figure class=\"wp-block-table is-style-stripes\">\n<table class=\"has-text-color has-background\" style=\"color: #136346;background: linear-gradient(135deg,#caf880 61%,#71ce7e 100%)\">\n<thead>\n<tr>\n<th class=\"has-text-align-left\" data-align=\"left\">APRESENTA\u00c7\u00c3O<\/th>\n<\/tr>\n<\/thead>\n<\/table>\n<p>\u00a0<\/p>\n<\/figure>\n<figure class=\"wp-block-table is-style-stripes\"><\/figure>\n\n\n<p>O DIRETOR-GERAL DO INSTITUTO FEDERAL DE EDUCA\u00c7\u00c3O, CI\u00caNCIA E TECNOLOGIA BAIANO (IF BAIANO)&nbsp;<em>CAMPUS&nbsp;<\/em>Governador Mangabeira, no uso de suas atribui\u00e7\u00f5es delegadas pela&nbsp;<strong>Portaria no 277 de 18 de mar\u00e7o de 2022 publicada no Di\u00e1rio Oficial da Uni\u00e3o do dia 21 de mar\u00e7o de 2022, Se\u00e7\u00e3o 2, p\u00e1gina 26<\/strong>, e de acordo com as disposi\u00e7\u00f5es contidas na&nbsp;Lei No 11.892, de 29 de dezembro de 2008, e na&nbsp;Lei No 8.112, de 11 de dezembro de 1990, em conformidade com a&nbsp;Lei N\u00b0 9.394, de 20 de dezembro de 1996, e suas altera\u00e7\u00f5es e, ainda, considerando a&nbsp;Resolu\u00e7\u00e3o do Conselho Pleno do Conselho Nacional de Educa\u00e7\u00e3o (CNE\/CP) No 04, de 17 de dezembro de 2018; o&nbsp;Decreto no 11.016, de 29 de mar\u00e7o de 2022; a&nbsp;Lei no 8.666, de 21 de junho de 1993; o&nbsp;Decreto No 3.298, de 20 de dezembro de 1999; a&nbsp;Lei No 12.764, de 27 de dezembro de 2012; a&nbsp;Lei No 12.711, de 29 de agosto de 2012, e suas regulamenta\u00e7\u00f5es; a&nbsp;Lei No 10.741, de 1o de outubro de 2003; a&nbsp;Lei No 13.409, de 28 de dezembro de 2016; o&nbsp;Decreto No 7.824, de 11 de outubro de 2012; a&nbsp;Portaria do Minist\u00e9rio da Educa\u00e7\u00e3o (MEC) No 18, de 11 de outubro de 2012, e suas altera\u00e7\u00f5es, observando o disposto na&nbsp;Resolu\u00e7\u00e3o No 153\/2021&nbsp;-OS-CONSUP\/IFBAIANO, de 18 de agosto de 2021, na&nbsp;Instru\u00e7\u00e3o Normativa 67\/2023 &#8211; RET-GAB\/RET\/IFBAIANO, de 13 de setembro de 2023, na&nbsp;Portaria Normativa 19\/2023 &#8211; RET-GAB\/RET\/IFBAIANO, de 21 de setembro de 2023 e na legisla\u00e7\u00e3o concernente, torna p\u00fablica a abertura de inscri\u00e7\u00f5es para o&nbsp;<strong>processo de ingresso de estudantes de 2025, nos cursos da Educa\u00e7\u00e3o Profissional T\u00e9cnica de N\u00edvel M\u00e9dio (EPTNM), na forma subsequente ao ensino m\u00e9dio, modalidade Presencial&nbsp;<\/strong><\/p>\n\n\n<figure class=\"wp-block-table is-style-stripes\">\n<table class=\"has-text-color has-background\" style=\"color: #136346;background: linear-gradient(135deg,#caf880 61%,#71ce7e 100%)\">\n<thead>\n<tr>\n<th class=\"has-text-align-left\" data-align=\"left\">VAGAS OFERTADAS<\/th>\n<\/tr>\n<\/thead>\n<\/table>\n<\/figure>\n\n\n<p>T\u00e9cnico em Agropecu\u00e1ria &#8211; 35 Vagas<\/p>\n\n\n\n<p>T\u00e9cnico em alimentos &#8211; 70 Vagas<\/p>\n\n\n\n<p>T\u00e9cnico em Manuten\u00e7\u00e3o em Suporte em Inform\u00e1tica &#8211;  70 Vagas<\/p>\n\n\n<figure class=\"wp-block-table is-style-stripes\">\n<table class=\"has-text-color has-background\" style=\"color: #136346;background: linear-gradient(135deg,#caf880 61%,#71ce7e 100%)\">\n<thead>\n<tr>\n<th class=\"has-text-align-left\" data-align=\"left\">EDITAL E ANEXOS<\/th>\n<\/tr>\n<\/thead>\n<\/table>\n<\/figure>\n\n\n<p><a href=\"https:\/\/www.ifbaiano.edu.br\/unidades\/gmb\/files\/2024\/09\/Edital-N\u00b0-12_Prosel-Cursos-Subsequentes-Presenciais_2025-1.pdf\">EDITAL N\u00ba 12 &#8211; CURSOS TECNICOS SUBSEQUENTES NA MODALIDADE PRESENCIAL<\/a> <\/p>\n\n\n\n<p><a href=\"https:\/\/www.ifbaiano.edu.br\/unidades\/gmb\/files\/2024\/09\/Anexo-I-Edital-No-12_2024-1.pdf\">ANEXO I DECLARA\u00c7\u00c3O D<\/a><strong><a href=\"https:\/\/www.ifbaiano.edu.br\/unidades\/gmb\/files\/2024\/09\/Anexo-I-Edital-No-12_2024-1.pdf\">E ESCOLA P\u00daBLICA<\/a><\/strong><\/p>\n\n\n\n<p><a href=\"https:\/\/www.ifbaiano.edu.br\/unidades\/gmb\/files\/2024\/09\/Anexo-II-Edital-No-12_2024-1.pdf\">ANEXO II AUTODECLARA\u00c7\u00c3O DE RENDA<\/a><\/p>\n\n\n\n<p><a href=\"https:\/\/www.ifbaiano.edu.br\/unidades\/gmb\/files\/2024\/09\/Anexo-III-Edital-No-12_2024-1.pdf\">ANEXO III FORMUL\u00c1RIO PARA RECURSO<\/a><\/p>\n\n\n\n<p><a href=\"https:\/\/www.ifbaiano.edu.br\/unidades\/gmb\/files\/2024\/09\/Anexo-IV-Edital-No-12_2024-1.pdf\">ANEXO IV DECLARA\u00c7\u00c3O DE RECONHECIMENTO DE PERTENCIMENTO E DE V\u00cdNCULO COM COMUNIDADE QUILOMBOLA<\/a><\/p>\n\n\n\n<p><a href=\"https:\/\/www.ifbaiano.edu.br\/unidades\/gmb\/files\/2024\/09\/Resultado-Impugnacao-Edital-No-12-Prosel-Cursos-Subsequentes-Presenciais.pdf\">RESULTADO  IMPUGNA\u00c7\u00c3O EDITAL N\u00ba 12  &#8211; PROCESSO SELETIVO CURSOS SUBSEQUENTES PRESENCIAIS.<\/a> <\/p>\n\n\n\n<p><a href=\"https:\/\/www.ifbaiano.edu.br\/unidades\/gmb\/files\/2024\/09\/Documento-8-1-1.pdf\">RETIFICA\u00c7\u00c3O EDITAL N\u00b0 12 &#8211; CURSOS SUBSEQUENTES PRESENCIAIS<\/a> <\/p>\n\n\n\n<p><a href=\"https:\/\/www.ifbaiano.edu.br\/unidades\/gmb\/files\/2024\/11\/2a-Retificacao_Edital-N\u00b0-12_Prosel-Cursos-Subsequentes-Presenciais_2025.pdf\">2\u00aa RETIFICA\u00c7\u00c3O DO EDITAL N\u00ba 12 &#8211; CURSOS SUBSEQUENTES PRESENCIAIS<\/a> <\/p>\n\n\n\n<p><a href=\"https:\/\/www.ifbaiano.edu.br\/unidades\/gmb\/files\/2024\/11\/SUBSEQUENTE.pdf\">PUBLICA\u00c7\u00c3O DA LISTA PRELIMINAR DE INSCRI\u00c7\u00d5ES HOMOLOGADAS<\/a> <\/p>\n\n\n\n<p><strong><a href=\"https:\/\/www.ifbaiano.edu.br\/unidades\/gmb\/files\/2024\/11\/Documento-3.pdf\">PUBLICA\u00c7\u00c3O DO RESULTADO DOS RECURSOS DA LISTA PRELIMINAR DE INSCRI\u00c7\u00d5ES HOMOLOGADAS<\/a> <\/strong><\/p>\n\n\n\n<p><a href=\"https:\/\/www.ifbaiano.edu.br\/unidades\/gmb\/files\/2024\/12\/RESULTADO-FINAL-DAS-INSCRICOES-HOMOLOGADAS-SUBSEQUENTE.pdf\">RESULTADO FINAL DAS INSCRI\u00c7\u00d5ES HOMOLOGADAS<\/a> &#8211; <\/p>\n\n\n\n<p><a href=\"https:\/\/www.ifbaiano.edu.br\/unidades\/gmb\/files\/2024\/12\/Documento-4.pdf\">CONVOCA\u00c7\u00c3O DE CANDIDATOS PARA A BANCA DE HETEROIDENTIFICA\u00c7\u00c3O<\/a> <\/p>\n\n\n\n<p><a href=\"https:\/\/www.ifbaiano.edu.br\/unidades\/gmb\/files\/2024\/12\/Presencial.pdf\">RESULTADO PRELIMINAR DA VERIFICA\u00c7\u00c3O DE AUTODECLARA\u00c7\u00c3O \u00c9TNICO-RACIAL DOS(AS) CANDIDATOS(AS)AUTODECLARADOS(AS) PRETOS(AS) E PARDOS(AS)<\/a> <\/p>\n\n\n\n<p><a href=\"https:\/\/www.ifbaiano.edu.br\/unidades\/gmb\/files\/2024\/12\/PUBLICACAO-DO-RESULTADO-FINAL-subsequente-1.pdf\">PUBLICA\u00c7\u00c3O DO RESULTADO FINAL<\/a> <mark>(NOVO<\/mark>)<\/p>\n\n\n\n<p><a href=\"https:\/\/www.ifbaiano.edu.br\/unidades\/gmb\/files\/2024\/12\/Edital-de-Matricula-Subsequente.pdf\">PUBLICA\u00c7\u00c3O DO EDITAL DE MATR\u00cdCULA<\/a>  <mark>(NOVO<\/mark>)<\/p>\n\n\n\n<p><a href=\"https:\/\/www.ifbaiano.edu.br\/unidades\/gmb\/files\/2025\/01\/Edital_Vagas_Remanescentes_Subsequente_2025.pdf\">EDITAL N\u00ba 03 DE 2025 &#8211; VAGAS REMANESCENTES &#8211; CURSOS TECNICOS SUBSEQUENTES NA MODALIDADE PRESENCIAL<\/a><\/p>\n","protected":false},"excerpt":{"rendered":"<p>APRESENTA\u00c7\u00c3O \u00a0 O DIRETOR-GERAL DO INSTITUTO FEDERAL DE EDUCA\u00c7\u00c3O, CI\u00caNCIA E TECNOLOGIA BAIANO (IF BAIANO)&nbsp;CAMPUS&nbsp;Governador Mangabeira, no uso de suas atribui\u00e7\u00f5es delegadas pela&nbsp;Portaria no 277 de 18 de mar\u00e7o de 2022 publicada no Di\u00e1rio Oficial da Uni\u00e3o do dia 21 de mar\u00e7o de 2022, Se\u00e7\u00e3o 2, p\u00e1gina 26, e de acordo com as disposi\u00e7\u00f5es contidas [&hellip;]<\/p>\n","protected":false},"author":155,"featured_media":0,"parent":0,"menu_order":0,"comment_status":"closed","ping_status":"closed","template":"","meta":[],"_links":{"self":[{"href":"https:\/\/www.ifbaiano.edu.br\/unidades\/gmb\/wp-json\/wp\/v2\/pages\/10011"}],"collection":[{"href":"https:\/\/www.ifbaiano.edu.br\/unidades\/gmb\/wp-json\/wp\/v2\/pages"}],"about":[{"href":"https:\/\/www.ifbaiano.edu.br\/unidades\/gmb\/wp-json\/wp\/v2\/types\/page"}],"author":[{"embeddable":true,"href":"https:\/\/www.ifbaiano.edu.br\/unidades\/gmb\/wp-json\/wp\/v2\/users\/155"}],"replies":[{"embeddable":true,"href":"https:\/\/www.ifbaiano.edu.br\/unidades\/gmb\/wp-json\/wp\/v2\/comments?post=10011"}],"version-history":[{"count":38,"href":"https:\/\/www.ifbaiano.edu.br\/unidades\/gmb\/wp-json\/wp\/v2\/pages\/10011\/revisions"}],"predecessor-version":[{"id":10651,"href":"https:\/\/www.ifbaiano.edu.br\/unidades\/gmb\/wp-json\/wp\/v2\/pages\/10011\/revisions\/10651"}],"wp:attachment":[{"href":"https:\/\/www.ifbaiano.edu.br\/unidades\/gmb\/wp-json\/wp\/v2\/media?parent=10011"}],"curies":[{"name":"wp","href":"https:\/\/api.w.org\/{rel}","templated":true}]}}