{"id":10014,"date":"2024-09-23T10:58:16","date_gmt":"2024-09-23T13:58:16","guid":{"rendered":"https:\/\/www.ifbaiano.edu.br\/unidades\/gmb\/?page_id=10014"},"modified":"2025-03-14T19:58:28","modified_gmt":"2025-03-14T22:58:28","slug":"curso-tecnico-na-modalidade-ead-educacao-a-distancia","status":"publish","type":"page","link":"https:\/\/www.ifbaiano.edu.br\/unidades\/gmb\/curso-tecnico-na-modalidade-ead-educacao-a-distancia\/","title":{"rendered":"Cursos T\u00e9cnicos Subsequentes na Modalidade EaD"},"content":{"rendered":"<figure class=\"wp-block-table is-style-stripes\">\n<table class=\"has-text-color has-background\" style=\"color: #136346;background: linear-gradient(135deg,#caf880 61%,#71ce7e 100%)\">\n<thead>\n<tr>\n<th class=\"has-text-align-left\" data-align=\"left\">APRESENTA\u00c7\u00c3O<\/th>\n<\/tr>\n<\/thead>\n<\/table>\n<\/figure>\n<figure class=\"wp-block-table is-style-stripes\"><\/figure>\n\n\n<p>O DIRETOR-GERAL DO INSTITUTO FEDERAL DE EDUCA\u00c7\u00c3O, CI\u00caNCIA E TECNOLOGIA BAIANO<br>(IF BAIANO) CAMPUS Governador Mangabeira, no uso de suas atribui\u00e7\u00f5es delegadas pela Portaria n\u00ba 277 de 18 de mar\u00e7o de 2022 publicada no Di\u00e1rio Oficial da Uni\u00e3o do dia 21 de mar\u00e7o de 2022, Se\u00e7\u00e3o 2, p\u00e1gina 26, e de acordo com as disposi\u00e7\u00f5es contidas na Lei N\u00ba 11.892, de 29 de dezembro de 2008, e na Lei N\u00ba 8.112, de 11 de dezembro de 1990, em conformidade com a Lei N\u00b0 9.394, de 20 de dezembro de 1996, e suas altera\u00e7\u00f5es e, ainda, considerando a Resolu\u00e7\u00e3o do Conselho Pleno do Conselho Nacional de Educa\u00e7\u00e3o (CNE\/CP) N\u00ba 04, de 17 de dezembro de 2018; o Decreto n\u00ba 11.016, de 29 de mar\u00e7o de 2022; a Lei n\u00ba 8.666, de 21 de junho de 1993; o Decreto N\u00ba 3.298, de 20 de dezembro de 1999; a Lei N\u00ba 12.764, de 27 de dezembro de 2012; a Lei N\u00ba 12.711, de 29 de agosto de 2012, e suas regulamenta\u00e7\u00f5es; a Lei N\u00ba 10.741, de 1\u00ba de outubro de 2003; a Lei N\u00ba 13.409, de 28 de dezembro de 2016; o Decreto N\u00ba 7.824, de 11 de outubro de 2012; a Portaria do Minist\u00e9rio da Educa\u00e7\u00e3o (MEC) N\u00ba 18, de 11 de outubro de 2012, e suas altera\u00e7\u00f5es, observando o disposto na Resolu\u00e7\u00e3o N\u00ba 153\/2021 -OS-CONSUP\/IFBAIANO, de 18 de agosto de 2021, na Instru\u00e7\u00e3o Normativa 67\/2023 &#8211; RET-GAB\/RET\/IFBAIANO, de 13 de setembro de 2023, na Portaria Normativa 19\/2023 &#8211; RET-GAB\/RET\/IFBAIANO, de 21 de setembro de 2023 e na legisla\u00e7\u00e3o concernente, torna p\u00fablica a abertura de inscri\u00e7\u00f5es para o processo de ingresso de estudantes de 2025, nos cursos da Educa\u00e7\u00e3o Profissional T\u00e9cnica de N\u00edvel M\u00e9dio (EPTNM), na forma subsequente ao ensino m\u00e9dio, modalidade EaD.<\/p>\n\n\n<figure class=\"wp-block-table is-style-stripes\">\n<table class=\"has-text-color has-background\" style=\"color: #136346;background: linear-gradient(135deg,#caf880 61%,#71ce7e 100%)\">\n<thead>\n<tr>\n<th class=\"has-text-align-left\" data-align=\"left\">VAGAS OFERTADAS<\/th>\n<\/tr>\n<\/thead>\n<\/table>\n<\/figure>\n\n\n<ul>\n<li>T\u00e9cnico em Multimeios Did\u00e1ticos -Polo Am\u00e9lia Rodrigues: 40 vagas<\/li>\n\n\n\n<li>T\u00e9cnico em Vendas &#8211; Polo Am\u00e9lia Rodrigues: 40 vagas<\/li>\n\n\n\n<li>T\u00e9cnico em Secretaria Escolar &#8211; Polo Am\u00e9lia Rodrigues: 40 vagas<\/li>\n\n\n\n<li>T\u00e9cnico em Inform\u00e1tica &#8211; Polo Am\u00e9lia Rodrigues: 40 vagas<\/li>\n\n\n\n<li>T\u00e9cnico em Redes de Computadores &#8211; Polo Am\u00e9lia Rodrigues: 40 vagas<\/li>\n\n\n\n<li>T\u00e9cnico em Vendas &#8211; Polo Cabaceiras do Paragua\u00e7u: 40 vagas<\/li>\n\n\n\n<li>T\u00e9cnico em Secretaria Escolar &#8211; Polo Cabaceiras do Paragua\u00e7u: 40 vagas<\/li>\n\n\n\n<li>T\u00e9cnico em Multimeios Did\u00e1ticos &#8211; Polo Cabaceiras do Paragua\u00e7u: 40 vagas<\/li>\n\n\n\n<li>T\u00e9cnico em Inform\u00e1tica &#8211; Polo Cabaceiras do Paragua\u00e7u: 40 vagas<\/li>\n\n\n\n<li>T\u00e9cnico em Redes de Computadores &#8211; Polo Governador Mangabeira: 40 vagas<\/li>\n\n\n\n<li>T\u00e9cnico em Secretaria Escolar &#8211; Polo  Governador Mangabeira: 40 vagas<\/li>\n\n\n\n<li>T\u00e9cnico em Inform\u00e1tica &#8211; Polo Santo Est\u00eav\u00e3o: 40 vagas<\/li>\n\n\n\n<li>T\u00e9cnico em Multimeios Did\u00e1ticos &#8211; Polo Santo Est\u00eav\u00e3o: 40 vagas<\/li>\n\n\n\n<li>T\u00e9cnico em Redes de Computadores &#8211;  Polo Santo Est\u00eav\u00e3o: 40 vagas<\/li>\n\n\n\n<li>T\u00e9cnico em Secretaria Escolar -Polo Santo Est\u00eav\u00e3o: 40 vagas<\/li>\n\n\n\n<li>T\u00e9cnico em Vendas &#8211; Polo Santo Est\u00eav\u00e3o: 40 vagas<\/li>\n<\/ul>\n\n\n<figure class=\"wp-block-table is-style-stripes\">\n<table class=\"has-text-color has-background\" style=\"color: #136346;background: linear-gradient(135deg,#caf880 61%,#71ce7e 100%)\">\n<thead>\n<tr>\n<th class=\"has-text-align-left\" data-align=\"left\">EDITAL E ANEXOS<\/th>\n<\/tr>\n<\/thead>\n<\/table>\n<\/figure>\n\n\n<p><a href=\"https:\/\/www.ifbaiano.edu.br\/unidades\/gmb\/files\/2024\/09\/Edital-N\u00b0-13_Prosel-Cursos-Subsequentes-EAD_2025-1.pdf\">EDITAL N\u00ba 13 CURSOS T\u00c9CNICOS SUBSEQUENTES NA MODALIDADE EAD<\/a><\/p>\n\n\n\n<p><a href=\"https:\/\/www.ifbaiano.edu.br\/unidades\/gmb\/files\/2024\/09\/Anexo-I-Edital-No-13_2024.pdf\">ANEXO I DECLARA\u00c7\u00c3O DE ESCOLA P\u00daBLICA<\/a><\/p>\n\n\n\n<p><a href=\"https:\/\/www.ifbaiano.edu.br\/unidades\/gmb\/files\/2024\/09\/Anexo-II-Edital-No-13_2024.pdf\">ANEXO II AUTODECLARA\u00c7\u00c3O DE RENDA<\/a><\/p>\n\n\n\n<p><a href=\"https:\/\/www.ifbaiano.edu.br\/unidades\/gmb\/files\/2024\/09\/Anexo-III-Edital-No-13_2024-1.pdf\">ANEXO III FORMUL\u00c1RIO PARA RECURSO<\/a><\/p>\n\n\n\n<p><a href=\"https:\/\/www.ifbaiano.edu.br\/unidades\/gmb\/files\/2024\/09\/Anexo-IV-Edital-No-13_2024-1.pdf\">ANEXO IV DECLARA\u00c7\u00c3O DE RECONHECIMENTO DE PERTENCIMENTO E DE V\u00cdNCULO COM COMUNIDADE QUILOMBOLA<\/a><\/p>\n\n\n\n<p><a href=\"https:\/\/www.ifbaiano.edu.br\/unidades\/gmb\/files\/2024\/09\/Resultado-Impugnacao-Edital-No-13-Prosel-Cursos-Subsequentes-EaD.pdf\">RESULTADO IMPUGNA\u00c7\u00c3O EDITAL N\u00ba 13 \u2013 PROCESSO SELETIVO CURSOS SUBSEQUENTES EAD<\/a>. <\/p>\n\n\n\n<p><a href=\"https:\/\/www.ifbaiano.edu.br\/unidades\/gmb\/files\/2024\/11\/1a-Retificacao_Edital-N\u00b0-13_Prosel-Cursos-Subsequentes-EAD_2025.pdf\">1\u00aa RETIFICA\u00c7\u00c3O DO EDITAL N\u00ba 13 &#8211; PROCESSO SELETIVO CURSOS SUBSEQUENTES EAD<\/a> <\/p>\n\n\n\n<p><a href=\"https:\/\/www.ifbaiano.edu.br\/unidades\/gmb\/files\/2024\/11\/EAD.pdf\">PUBLICA\u00c7\u00c3O DA LISTA PRELIMINAR DE INSCRI\u00c7\u00d5ES HOMOLOGADAS<\/a> <\/p>\n\n\n\n<p><strong><a href=\"https:\/\/www.ifbaiano.edu.br\/unidades\/gmb\/files\/2024\/11\/Documento-2.pdf\">PUBLICA\u00c7\u00c3O DO RESULTADO DOS RECURSOS LISTA PRELIMINAR DE INSCRI\u00c7\u00d5ES HOMOLOGADAS<\/a><\/strong> <\/p>\n\n\n\n<p><a href=\"https:\/\/www.ifbaiano.edu.br\/unidades\/gmb\/files\/2024\/12\/RESULTADO-FINAL-DAS-INSCRICOES-HOMOLOGADAS-EAD.pdf\">RESULTADO FINAL DAS INSCRI\u00c7\u00d5ES HOMOLOGADAS<\/a> <\/p>\n\n\n\n<p><a href=\"https:\/\/www.ifbaiano.edu.br\/unidades\/gmb\/files\/2024\/12\/Documento-5.pdf\">CONVOCA\u00c7\u00c3O DE CANDIDATOS PARA A BANCA DE HETEROIDENTIFICA\u00c7\u00c3O<\/a> <\/p>\n\n\n\n<p><a href=\"https:\/\/www.ifbaiano.edu.br\/unidades\/gmb\/files\/2024\/12\/PUBLICACAO-DO-RESULTADO-FINAL-EaD-1.pdf\">PUBLICA\u00c7\u00c3O DO RESULTADO FINAL<\/a> <\/p>\n\n\n\n<p><a href=\"https:\/\/www.ifbaiano.edu.br\/unidades\/gmb\/files\/2024\/12\/iEdital-de-matricula-Ead.pdf\">PUBLICA\u00c7\u00c3O DO EDITAL DE MATRICULA <\/a> <\/p>\n\n\n\n<p><a href=\"https:\/\/www.ifbaiano.edu.br\/unidades\/gmb\/files\/2025\/01\/RETIFICACAO-DO-EDITAL-No-18.pdf\">RETIFICA\u00c7\u00c3O DO EDITAL DE MATR\u00cdCULA<\/a>  <\/p>\n\n\n\n<p><a href=\"https:\/\/www.ifbaiano.edu.br\/unidades\/gmb\/files\/2025\/02\/Edital-de-Vagas-Remanescentes-Cursos-Subsequentes-EAD-2025.pdf\">EDITAL DE VAGAS REMANESCENTES &#8211; CURSOS SUBSEQUENTES EAD 2025<\/a><\/p>\n\n\n\n<p><a href=\"https:\/\/www.ifbaiano.edu.br\/unidades\/gmb\/files\/2025\/03\/Documento4.pdf\">DIVULGA\u00c7\u00c3O DA LISTA DE MATRICULADOS(AS) E LISTA DE ESPERA <\/a><mark style=\"background-color:#fcb900\" class=\"has-inline-color\">(NOVO)<\/mark><\/p>\n\n\n\n<p><\/p>\n","protected":false},"excerpt":{"rendered":"<p>APRESENTA\u00c7\u00c3O O DIRETOR-GERAL DO INSTITUTO FEDERAL DE EDUCA\u00c7\u00c3O, CI\u00caNCIA E TECNOLOGIA BAIANO(IF BAIANO) CAMPUS Governador Mangabeira, no uso de suas atribui\u00e7\u00f5es delegadas pela Portaria n\u00ba 277 de 18 de mar\u00e7o de 2022 publicada no Di\u00e1rio Oficial da Uni\u00e3o do dia 21 de mar\u00e7o de 2022, Se\u00e7\u00e3o 2, p\u00e1gina 26, e de acordo com as disposi\u00e7\u00f5es [&hellip;]<\/p>\n","protected":false},"author":155,"featured_media":0,"parent":0,"menu_order":0,"comment_status":"closed","ping_status":"closed","template":"","meta":[],"_links":{"self":[{"href":"https:\/\/www.ifbaiano.edu.br\/unidades\/gmb\/wp-json\/wp\/v2\/pages\/10014"}],"collection":[{"href":"https:\/\/www.ifbaiano.edu.br\/unidades\/gmb\/wp-json\/wp\/v2\/pages"}],"about":[{"href":"https:\/\/www.ifbaiano.edu.br\/unidades\/gmb\/wp-json\/wp\/v2\/types\/page"}],"author":[{"embeddable":true,"href":"https:\/\/www.ifbaiano.edu.br\/unidades\/gmb\/wp-json\/wp\/v2\/users\/155"}],"replies":[{"embeddable":true,"href":"https:\/\/www.ifbaiano.edu.br\/unidades\/gmb\/wp-json\/wp\/v2\/comments?post=10014"}],"version-history":[{"count":35,"href":"https:\/\/www.ifbaiano.edu.br\/unidades\/gmb\/wp-json\/wp\/v2\/pages\/10014\/revisions"}],"predecessor-version":[{"id":10732,"href":"https:\/\/www.ifbaiano.edu.br\/unidades\/gmb\/wp-json\/wp\/v2\/pages\/10014\/revisions\/10732"}],"wp:attachment":[{"href":"https:\/\/www.ifbaiano.edu.br\/unidades\/gmb\/wp-json\/wp\/v2\/media?parent=10014"}],"curies":[{"name":"wp","href":"https:\/\/api.w.org\/{rel}","templated":true}]}}