{"id":10192,"date":"2024-09-26T12:37:05","date_gmt":"2024-09-26T15:37:05","guid":{"rendered":"https:\/\/www.ifbaiano.edu.br\/unidades\/gmb\/?page_id=10192"},"modified":"2024-09-26T15:41:39","modified_gmt":"2024-09-26T18:41:39","slug":"geni","status":"publish","type":"page","link":"https:\/\/www.ifbaiano.edu.br\/unidades\/gmb\/geni\/","title":{"rendered":"GENI"},"content":{"rendered":"<p>Vem a\u00ed o evento do N\u00facleo de Estudos de G\u00eanero e Sexualidade (GENI) no campus Governador Mangabeira!<\/p>\n<p>\ud83d\udcc5 Quando: 30\/09 a 04\/10\/24<\/p>\n<p>Local: Audit\u00f3rio<\/p>\n<p>\ud83d\udccd Cronograma:<\/p>\n<p>* 30\/09: Todas as turmas dos primeiros anos (9h40 \u00e0s 11h40)<br \/>\n* 01\/10: Turmas de TMSI do noturno e estudantes da p\u00f3s-gradua\u00e7\u00e3o (19h \u00e0s 21h)<br \/>\n* 02\/10: Servidores (as) e colaboradores (as) terceirizados (as)<br \/>\n* 03\/10: Todas as turmas do subsequente matutino (9h40 \u00e0s 11h40)<br \/>\n* 04\/10 Turmas do Segundo Ano de Inform\u00e1tica A e B e Segundo Ano de Agroind\u00fastria (7h20 \u00e0s 9h20)<br \/>\nTodas as turmas dos terceiros anos e 2\u00b0 Ano de Agropecu\u00e1ria (9h40 \u00e0s 11h40).<\/p>\n<p>Participem e venham debater temas importantes sobre g\u00eanero e sexualidade! \ud83d\udcac\u2764\ufe0f #GENI #Diversidade #Educa\u00e7\u00e3o<\/p>\n","protected":false},"excerpt":{"rendered":"<p>Vem a\u00ed o evento do N\u00facleo de Estudos de G\u00eanero e Sexualidade (GENI) no campus Governador Mangabeira! \ud83d\udcc5 Quando: 30\/09 a 04\/10\/24 Local: Audit\u00f3rio \ud83d\udccd Cronograma: * 30\/09: Todas as turmas dos primeiros anos (9h40 \u00e0s 11h40) * 01\/10: Turmas de TMSI do noturno e estudantes da p\u00f3s-gradua\u00e7\u00e3o (19h \u00e0s 21h) * 02\/10: Servidores (as) [&hellip;]<\/p>\n","protected":false},"author":155,"featured_media":0,"parent":0,"menu_order":0,"comment_status":"closed","ping_status":"closed","template":"","meta":[],"_links":{"self":[{"href":"https:\/\/www.ifbaiano.edu.br\/unidades\/gmb\/wp-json\/wp\/v2\/pages\/10192"}],"collection":[{"href":"https:\/\/www.ifbaiano.edu.br\/unidades\/gmb\/wp-json\/wp\/v2\/pages"}],"about":[{"href":"https:\/\/www.ifbaiano.edu.br\/unidades\/gmb\/wp-json\/wp\/v2\/types\/page"}],"author":[{"embeddable":true,"href":"https:\/\/www.ifbaiano.edu.br\/unidades\/gmb\/wp-json\/wp\/v2\/users\/155"}],"replies":[{"embeddable":true,"href":"https:\/\/www.ifbaiano.edu.br\/unidades\/gmb\/wp-json\/wp\/v2\/comments?post=10192"}],"version-history":[{"count":2,"href":"https:\/\/www.ifbaiano.edu.br\/unidades\/gmb\/wp-json\/wp\/v2\/pages\/10192\/revisions"}],"predecessor-version":[{"id":10216,"href":"https:\/\/www.ifbaiano.edu.br\/unidades\/gmb\/wp-json\/wp\/v2\/pages\/10192\/revisions\/10216"}],"wp:attachment":[{"href":"https:\/\/www.ifbaiano.edu.br\/unidades\/gmb\/wp-json\/wp\/v2\/media?parent=10192"}],"curies":[{"name":"wp","href":"https:\/\/api.w.org\/{rel}","templated":true}]}}