{"id":10301,"date":"2024-09-30T16:05:07","date_gmt":"2024-09-30T19:05:07","guid":{"rendered":"https:\/\/www.ifbaiano.edu.br\/unidades\/gmb\/?page_id=10301"},"modified":"2024-10-02T09:10:01","modified_gmt":"2024-10-02T12:10:01","slug":"biblioteca-virtual","status":"publish","type":"page","link":"https:\/\/www.ifbaiano.edu.br\/unidades\/gmb\/biblioteca-virtual\/","title":{"rendered":"\u00a0O IF Baiano disponibiliza uma biblioteca digital com um acervo de mais de 13.000 t\u00edtulos atualizados, por meio da Biblioteca Virtual Pearson"},"content":{"rendered":"\n<p>Para acessar a Biblioteca Virtual, \u00e9 necess\u00e1rio ser aluno(a) ou servidor(a) do campus e estar cadastrado(a) na biblioteca. Se voc\u00ea ainda n\u00e3o possui cadastro, clique no link abaixo e fa\u00e7a o seu registro. Link do formul\u00e1rio de cadastro: <\/p>\n\n\n\n<div class=\"wp-block-buttons is-layout-flex\">\n<div class=\"wp-block-button is-style-outline\"><a class=\"wp-block-button__link wp-element-button\" href=\"https:\/\/docs.google.com\/forms\/d\/e\/1FAIpQLSeAa002yPPmKAw0lAXrpirQM-k-LuWUGwVBKnrZ7Afl3z9TSw\/viewform\"><strong>C<\/strong>LIQUE AQUI PARA SE CADASTRAR NA BIBLIOTECA VIRTUAL<\/a><\/div>\n<\/div>\n","protected":false},"excerpt":{"rendered":"<p>Para acessar a Biblioteca Virtual, \u00e9 necess\u00e1rio ser aluno(a) ou servidor(a) do campus e estar cadastrado(a) na biblioteca. Se voc\u00ea ainda n\u00e3o possui cadastro, clique no link abaixo e fa\u00e7a o seu registro. Link do formul\u00e1rio de cadastro:<\/p>\n","protected":false},"author":155,"featured_media":0,"parent":0,"menu_order":0,"comment_status":"closed","ping_status":"closed","template":"","meta":[],"_links":{"self":[{"href":"https:\/\/www.ifbaiano.edu.br\/unidades\/gmb\/wp-json\/wp\/v2\/pages\/10301"}],"collection":[{"href":"https:\/\/www.ifbaiano.edu.br\/unidades\/gmb\/wp-json\/wp\/v2\/pages"}],"about":[{"href":"https:\/\/www.ifbaiano.edu.br\/unidades\/gmb\/wp-json\/wp\/v2\/types\/page"}],"author":[{"embeddable":true,"href":"https:\/\/www.ifbaiano.edu.br\/unidades\/gmb\/wp-json\/wp\/v2\/users\/155"}],"replies":[{"embeddable":true,"href":"https:\/\/www.ifbaiano.edu.br\/unidades\/gmb\/wp-json\/wp\/v2\/comments?post=10301"}],"version-history":[{"count":6,"href":"https:\/\/www.ifbaiano.edu.br\/unidades\/gmb\/wp-json\/wp\/v2\/pages\/10301\/revisions"}],"predecessor-version":[{"id":10335,"href":"https:\/\/www.ifbaiano.edu.br\/unidades\/gmb\/wp-json\/wp\/v2\/pages\/10301\/revisions\/10335"}],"wp:attachment":[{"href":"https:\/\/www.ifbaiano.edu.br\/unidades\/gmb\/wp-json\/wp\/v2\/media?parent=10301"}],"curies":[{"name":"wp","href":"https:\/\/api.w.org\/{rel}","templated":true}]}}