{"id":10663,"date":"2025-02-13T16:39:33","date_gmt":"2025-02-13T19:39:33","guid":{"rendered":"https:\/\/www.ifbaiano.edu.br\/unidades\/gmb\/?page_id=10663"},"modified":"2025-05-14T16:59:48","modified_gmt":"2025-05-14T19:59:48","slug":"graduacao-em-tecnologia-em-agroindustria-campus-governador-mangabeira","status":"publish","type":"page","link":"https:\/\/www.ifbaiano.edu.br\/unidades\/gmb\/graduacao-em-tecnologia-em-agroindustria-campus-governador-mangabeira\/","title":{"rendered":"Gradua\u00e7\u00e3o em Tecnologia em Agroind\u00fastria &#8211; Campus Governador Mangabeira"},"content":{"rendered":"\n<figure class=\"wp-block-image size-large\"><a href=\"https:\/\/www.ifbaiano.edu.br\/unidades\/gmb\/files\/2025\/04\/8959-WhatsApp-Image-2025-04-11-at-15.36.47.webp\"><img decoding=\"async\" loading=\"lazy\" width=\"1024\" height=\"256\" src=\"https:\/\/www.ifbaiano.edu.br\/unidades\/gmb\/files\/2025\/04\/8959-WhatsApp-Image-2025-04-11-at-15.36.47-1024x256.webp\" alt=\"\" class=\"wp-image-10794\" srcset=\"https:\/\/www.ifbaiano.edu.br\/unidades\/gmb\/files\/2025\/04\/8959-WhatsApp-Image-2025-04-11-at-15.36.47-1024x256.webp 1024w, https:\/\/www.ifbaiano.edu.br\/unidades\/gmb\/files\/2025\/04\/8959-WhatsApp-Image-2025-04-11-at-15.36.47-300x75.webp 300w, https:\/\/www.ifbaiano.edu.br\/unidades\/gmb\/files\/2025\/04\/8959-WhatsApp-Image-2025-04-11-at-15.36.47-768x192.webp 768w, https:\/\/www.ifbaiano.edu.br\/unidades\/gmb\/files\/2025\/04\/8959-WhatsApp-Image-2025-04-11-at-15.36.47-1536x383.webp 1536w, https:\/\/www.ifbaiano.edu.br\/unidades\/gmb\/files\/2025\/04\/8959-WhatsApp-Image-2025-04-11-at-15.36.47-100x25.webp 100w, https:\/\/www.ifbaiano.edu.br\/unidades\/gmb\/files\/2025\/04\/8959-WhatsApp-Image-2025-04-11-at-15.36.47.webp 1599w\" sizes=\"(max-width: 1024px) 100vw, 1024px\" \/><\/a><\/figure>\n\n\n<figure class=\"wp-block-table is-style-stripes\">\n<table class=\"has-text-color has-background\" style=\"color: #136346;background: linear-gradient(135deg,#caf880 61%,#71ce7e 100%)\">\n<thead>\n<tr>\n<th class=\"has-text-align-left\" data-align=\"left\">APRESENTA\u00c7\u00c3O<\/th>\n<\/tr>\n<\/thead>\n<\/table>\n<\/figure>\n<figure class=\"wp-block-table is-style-stripes\"><\/figure>\n\n\n<p>A DIRETORA-GERAL DO INSTITUTO FEDERAL DE EDUCA\u00c7\u00c3O, CI\u00caNCIA E TECNOLOGIA BAIANO (IFBAIANO) \u2013 CAMPUS GOVERNADOR MANGABEIRA, no uso de suas atribui\u00e7\u00f5es delegadas pela Portaria n\u00ba 277,de 18\/03\/2022, publicada no DOU de 21\/03\/2022, Se\u00e7\u00e3o 2, p\u00e1gina 26, e de acordo com as disposi\u00e7\u00f5es contidas na Lei N\u00ba11.892, de 29 de dezembro de 2008, na Lei N\u00b0 9.394, de 20 de dezembro de 1996, alterada pela Lei n\u00ba 12.796, de 04 de abril de 2013 e ainda considerando a Portaria MEC n\u00ba 18, de 11 de outubro de 2012, torna p\u00fablico o presente Edital, para preenchimento de vagas no curso de gradua\u00e7\u00e3o em Tecnologia em Agroind\u00fastria ofertado pelo IF Baiano Campus Governador Mangabeira, para ingresso em 2025.1.<\/p>\n\n\n<figure class=\"wp-block-table is-style-stripes\">\n<table class=\"has-text-color has-background\" style=\"color: #136346;background: linear-gradient(135deg,#caf880 61%,#71ce7e 100%)\">\n<thead>\n<tr>\n<th class=\"has-text-align-left\" data-align=\"left\">VAGAS OFERTADAS<\/th>\n<\/tr>\n<\/thead>\n<\/table>\n<\/figure>\n\n\n<p>CURSO SUPERIOR EM AGROIND\u00daSTRIA &#8211; 21 Vagas<\/p>\n\n\n<figure class=\"wp-block-table is-style-stripes\">\n<table class=\"has-text-color has-background\" style=\"color: #136346;background: linear-gradient(135deg,#caf880 61%,#71ce7e 100%)\">\n<thead>\n<tr>\n<th class=\"has-text-align-left\" data-align=\"left\">EDITAL E ANEXOS<\/th>\n<\/tr>\n<\/thead>\n<\/table>\n<\/figure>\n\n\n<p><strong><a href=\"https:\/\/www.ifbaiano.edu.br\/unidades\/gmb\/files\/2025\/02\/EDITAL-No-04-de-13-de-fevereiro-de-2025.pdf\">EDITAL N\u00ba 04 DE 13 DE FEVEREIRO DE 2025 <\/a><\/strong><\/p>\n\n\n\n<p><a href=\"https:\/\/www.ifbaiano.edu.br\/unidades\/gmb\/files\/2025\/03\/documento-27_250307_161858.pdf\">EDITAL N\u00ba 04 de 13 de FEVEREIRO DE 2025 &#8211; <strong>CRONOGRAMA RETIFICADO<\/strong><\/a><\/p>\n\n\n\n<p><a href=\"https:\/\/www.ifbaiano.edu.br\/unidades\/gmb\/files\/2025\/03\/RESULTADO-PRELIMINAR-HOMOLOGACAO-DAS-INSCRICOES.pdf\">RESULTADO PRELIMINAR &#8211; HOMOLOGA\u00c7\u00c3O DAS INSCRI\u00c7\u00d5ES<\/a> <\/p>\n\n\n\n<p><strong><a href=\"https:\/\/www.ifbaiano.edu.br\/unidades\/gmb\/files\/2025\/03\/RESULTADO-PRELIMINAR-CLASSIFICACAO.pdf\">RESULTADO PRELIMINAR &#8211; CLASSIFICA\u00c7\u00c3O<\/a><\/strong> <\/p>\n\n\n\n<p><a href=\"https:\/\/www.ifbaiano.edu.br\/unidades\/gmb\/files\/2025\/03\/Documento-30.pdf\">RESULTADO FINAL <\/a><\/p>\n\n\n\n<p><a href=\"https:\/\/www.ifbaiano.edu.br\/unidades\/gmb\/files\/2025\/04\/EDITAL-No-12-de-11-de-abril-de-2025-SELECAO-DE-CANDIDATOSAS-PARA-PREENCHIMENTO-DE-VAGAS-NO-CURSO-DE-GRADUACAO-EM-TECNOLOGIA-EM-AGROINDUSTRIA.pdf\">EDITAL N\u00ba 12 DE 2025 &#8211; SELE\u00c7\u00c3O DE CANDIDATOS(AS) PARA PREENCHIMENTO DE VAGAS NO CURSO DE  TECNOLOGIA EM AGROIND\u00daSTRIA<\/a><\/p>\n\n\n\n<p><a href=\"https:\/\/www.ifbaiano.edu.br\/unidades\/gmb\/files\/2025\/05\/EDITAL-No-12-de-11-de-abril-de-2025-CRONOGRAMA-RETIFICADO.pdf\">EDITAL N\u00ba 12 DE 2025 &#8211; SELE\u00c7\u00c3O DE CANDIDATOS(AS) PARA PREENCHIMENTO DE VAGAS NO CURSO DE  TECNOLOGIA EM AGROIND\u00daSTRIA &#8211; CRONOGRAMA RETIFICADO. <\/a><\/p>\n\n\n\n<p><a href=\"https:\/\/www.ifbaiano.edu.br\/unidades\/gmb\/files\/2025\/05\/SELECAO-DE-CANDIDATOSAS-PARA-PREENCHIMENTO-DE-VAGAS-NO-CURSO-DE-GRADUACAO-EM-AGROINDUSTRIA.pdf\">SELE\u00c7\u00c3O DE CANDIDATOS(AS) PARA PREENCHIMENTO DE VAGAS NO CURSO DE GRADUA\u00c7\u00c3O EM TECNOLOGIA EM AGROIND\u00daSTRIA &#8211; CAMPUS GOVERNADOR MANGABEIRA.<mark style=\"background-color:#ffffff\" class=\"has-inline-color\"> <\/mark><\/a><\/p>\n\n\n\n<p><a href=\"https:\/\/www.ifbaiano.edu.br\/unidades\/gmb\/files\/2025\/05\/RESULTADO-PRELIMINAR-CLASSIFICACAO.pdf\">EDITAL N\u00ba 11 de 12 de abril de 2025: RESULTADO PRELIMINAR &#8211; CLASSIFICA\u00c7\u00c3O<\/a> <mark style=\"background-color:#ffeb00\" class=\"has-inline-color\">(NOVO)<\/mark><\/p>\n\n\n\n<p><\/p>\n\n\n\n<p><\/p>\n\n\n<p><!-- \/wp:paragraph --><\/p>\n<p>\u00a0<\/p>\n<p><!-- wp:paragraph --><\/p>\n<p><!-- \/wp:paragraph --><\/p>\n<p><!-- wp:paragraph --><\/p>\n<p><!-- \/wp:paragraph --><\/p>\n<figure class=\"wp-block-table is-style-stripes\">\n<table class=\"has-text-color has-background\" style=\"color: #136346;background: linear-gradient(135deg,#caf880 61%,#71ce7e 100%)\">\n<thead>\n<tr>\n<th class=\"has-text-align-left\" data-align=\"left\">EDITAL DE MATR\u00cdCULA &#8211; acesse no link abaixo<\/th>\n<\/tr>\n<\/thead>\n<\/table>\n<\/figure>\n<figure class=\"wp-block-table\"><\/figure>\n<p><!-- wp:paragraph --><\/p>\n<p><!-- \/wp:paragraph --><\/p>\n<p><!-- wp:paragraph --><\/p>\n<p><!-- \/wp:paragraph --><\/p>\n<p><!-- wp:table --><\/p>\n<figure class=\"wp-block-table\">\n<p><a href=\"https:\/\/www.ifbaiano.edu.br\/unidades\/gmb\/files\/2025\/05\/Edital-No-13-de-14-de-maio-de-2025-Chamada-para-matricula-graduacao.pdf\">EDITAL DE MATR\u00cdCULA &#8211; 14 DE MAIO DE 2025<\/a> <span style=\"color: #ff0000\"><mark class=\"has-inline-color\">(NOVO)<\/mark><\/span><\/p>\n<table>\n<tbody>\n<tr>\n<td style=\"text-align: center\"><strong>ETAPAS<\/strong><\/td>\n<td style=\"text-align: center\"><strong>PER\u00cdODOS<\/strong><\/td>\n<td style=\"text-align: center\"><strong>ENDERE\u00c7O<\/strong><\/td>\n<\/tr>\n<tr>\n<td>\n<div class=\"page\" title=\"Page 1\">\n<div class=\"section\">\n<div class=\"layoutArea\">\n<div class=\"column\">\n<p style=\"text-align: center\">Matri\u0301cula Presencial<\/p>\n<\/div>\n<\/div>\n<\/div>\n<\/div>\n<\/td>\n<td>\n<div class=\"page\" title=\"Page 1\">\n<div class=\"section\">\n<div class=\"layoutArea\">\n<div class=\"column\">\n<p style=\"text-align: center\">15\/05 a 16\/05<\/p>\n<p style=\"text-align: center\">das 08:30 a\u0300s 11:30 e das 13:30 a\u0300s 16h<\/p>\n<\/div>\n<\/div>\n<\/div>\n<\/div>\n<\/td>\n<td style=\"text-align: center\"><em>Rua Waldemar Mascarenhas, s\/n, Port\u00e3o (Estrada Velha da Chesf), Governador Mangabeira, CEP 44350-000<\/em><\/td>\n<\/tr>\n<\/tbody>\n<\/table>\n<\/figure>\n<p><!-- \/wp:table --><\/p>\n<p><!-- \/wp:table --><\/p>\n<p><!-- wp:paragraph --><\/p>\n<p><!-- \/wp:paragraph --><\/p>\n<p><!-- wp:paragraph --><\/p>\n<p><!-- \/wp:paragraph --><\/p>\n<figure class=\"wp-block-table is-style-stripes\">\n<table class=\"has-text-color has-background\" style=\"color: #136346;background: linear-gradient(135deg,#caf880 61%,#71ce7e 100%)\">\n<thead>\n<tr>\n<th class=\"has-text-align-left\" data-align=\"left\">FORMUL\u00c1RIO DE INSCRI\u00c7\u00c3O &#8211; acesse no link abaixo<\/th>\n<\/tr>\n<\/thead>\n<\/table>\n<\/figure>\n<p><!-- wp:paragraph {\"fontSize\":\"medium\"} --><\/p>\n<p><del>FORMUL\u00c1RIO DE INSCRI\u00c7\u00c3O &#8211; <strong>GRADUA\u00c7\u00c3O EM TECNOLOGIA EM AGROIND\u00daSTRIA <\/strong><\/del><\/p>\n<p><!-- \/wp:list-item --><\/p>\n<p><!-- wp:list-item --><\/p>\n<p><!-- \/wp:list-item --><\/p>\n<p><!-- wp:list-item --><\/p>\n<p><!-- \/wp:list-item --><\/p>\n<p><!-- \/wp:list --><\/p>\n<p><!-- wp:paragraph --><\/p>\n<p><!-- \/wp:paragraph --><\/p>\n<figure class=\"wp-block-table is-style-stripes\">\n<table class=\"has-text-color has-background\" style=\"color: #136346;background: linear-gradient(135deg, #caf880 61%, #71ce7e 100%);height: 39px\" width=\"794\">\n<thead>\n<tr>\n<th class=\"has-text-align-left\" data-align=\"left\">BOLETIM DO ENEM\u00a0<\/th>\n<\/tr>\n<\/thead>\n<\/table>\n<\/figure>\n<p><!-- wp:paragraph --><\/p>\n<p><del>Acesse pelo link o Boletim das edi\u00e7\u00f5es do ENEM, no per\u00edodo de 2019 a 2024\u00a0<\/del><\/p>\n<p>\u00a0<\/p>\n<p><!-- \/wp:paragraph --><\/p>\n<p><!-- wp:paragraph --><\/p>\n<p><!-- \/wp:paragraph --><\/p>","protected":false},"excerpt":{"rendered":"<p>APRESENTA\u00c7\u00c3O A DIRETORA-GERAL DO INSTITUTO FEDERAL DE EDUCA\u00c7\u00c3O, CI\u00caNCIA E TECNOLOGIA BAIANO (IFBAIANO) \u2013 CAMPUS GOVERNADOR MANGABEIRA, no uso de suas atribui\u00e7\u00f5es delegadas pela Portaria n\u00ba 277,de 18\/03\/2022, publicada no DOU de 21\/03\/2022, Se\u00e7\u00e3o 2, p\u00e1gina 26, e de acordo com as disposi\u00e7\u00f5es contidas na Lei N\u00ba11.892, de 29 de dezembro de 2008, na Lei [&hellip;]<\/p>\n","protected":false},"author":155,"featured_media":0,"parent":0,"menu_order":0,"comment_status":"closed","ping_status":"closed","template":"","meta":[],"_links":{"self":[{"href":"https:\/\/www.ifbaiano.edu.br\/unidades\/gmb\/wp-json\/wp\/v2\/pages\/10663"}],"collection":[{"href":"https:\/\/www.ifbaiano.edu.br\/unidades\/gmb\/wp-json\/wp\/v2\/pages"}],"about":[{"href":"https:\/\/www.ifbaiano.edu.br\/unidades\/gmb\/wp-json\/wp\/v2\/types\/page"}],"author":[{"embeddable":true,"href":"https:\/\/www.ifbaiano.edu.br\/unidades\/gmb\/wp-json\/wp\/v2\/users\/155"}],"replies":[{"embeddable":true,"href":"https:\/\/www.ifbaiano.edu.br\/unidades\/gmb\/wp-json\/wp\/v2\/comments?post=10663"}],"version-history":[{"count":41,"href":"https:\/\/www.ifbaiano.edu.br\/unidades\/gmb\/wp-json\/wp\/v2\/pages\/10663\/revisions"}],"predecessor-version":[{"id":10826,"href":"https:\/\/www.ifbaiano.edu.br\/unidades\/gmb\/wp-json\/wp\/v2\/pages\/10663\/revisions\/10826"}],"wp:attachment":[{"href":"https:\/\/www.ifbaiano.edu.br\/unidades\/gmb\/wp-json\/wp\/v2\/media?parent=10663"}],"curies":[{"name":"wp","href":"https:\/\/api.w.org\/{rel}","templated":true}]}}