{"id":14,"date":"2012-10-02T16:34:14","date_gmt":"2012-10-02T16:34:14","guid":{"rendered":"http:\/\/www.ifbaiano.edu.br\/unidades\/gmb\/?page_id=14"},"modified":"2023-10-02T13:55:43","modified_gmt":"2023-10-02T16:55:43","slug":"manutencao-e-suporte-em-informatica","status":"publish","type":"page","link":"https:\/\/www.ifbaiano.edu.br\/unidades\/gmb\/manutencao-e-suporte-em-informatica\/","title":{"rendered":"T\u00e9cnico Subsequente em Manuten\u00e7\u00e3o e Suporte em Inform\u00e1tica"},"content":{"rendered":"<div class=\"wp-block-image\">\n<figure class=\"aligncenter is-resized\"><img decoding=\"async\" loading=\"lazy\" src=\"http:\/\/www.ifbaiano.edu.br\/unidades\/gmb\/files\/2019\/08\/806925026966131.jpg\" alt=\"\" class=\"wp-image-4699\" width=\"272\" height=\"255\" \/><\/figure><\/div>\n\n<p><strong>NOME DO CURSO<\/strong>: Curso T\u00e9cnico Subsequente em Manuten\u00e7\u00e3o e Suporte em Inform\u00e1tica<\/p>\n<p>O Curso tem como objetivo principal formar t\u00e9cnicos em inform\u00e1tica na \u00e1rea de suporte ao usu\u00e1rio e manuten\u00e7\u00e3o preventiva e corretiva de equipamentos de inform\u00e1tica.<\/p>\n<p>Realizado de forma presencial e integralizado num per\u00edodo de 02 a 04 anos.<\/p>\n<p><strong>P\u00daBLICO ALVO:<\/strong> estudantes com Ensino M\u00e9dio conclu\u00eddo em quaisquer modalidades regulamentadas e reconhecidas pelo MEC.<\/p>\n<p><strong><br \/><\/strong><strong>PERFIL PROFISSIONAL<\/strong>: o egresso do curso T\u00e9cnico em Manuten\u00e7\u00e3o e Suporte em Inform\u00e1tica do Instituto Federal de Educa\u00e7\u00e3o, Ci\u00eancia e Tecnologia Baiano &#8211; <em>Campus<\/em> Governador Mangabeira dever\u00e1 ter conhecimentos para realizar manuten\u00e7\u00e3o preventiva e corretiva de equipamentos de inform\u00e1tica, identificando os principais componentes de um computador e suas funcionalidades. Al\u00e9m do dom\u00ednio da forma\u00e7\u00e3o espec\u00edfica, o profissional de inform\u00e1tica dever\u00e1 ter uma s\u00f3lida forma\u00e7\u00e3o humana que lhe permita posicionar-se, de forma respons\u00e1vel, frente aos temas da contemporaneidade, com \u00eanfase nas quest\u00f5es nacionais e locais.<\/p>\n<p><strong>MATRIZ CURRICULAR:<\/strong><\/p>\n<p><a title=\"Grade Curricular do Curso de Manuten\u00e7\u00e3o e Suporte em Inform\u00e1tica\" href=\"https:\/\/www.ifbaiano.edu.br\/unidades\/gmb\/files\/2023\/10\/PPC-TMSI-2019-39.pdf\" target=\"_blank\" rel=\"noopener noreferrer\">Grade Curricular do Curso de Manuten\u00e7\u00e3o e Suporte em Inform\u00e1tica<\/a><\/p>\n<p><strong>PROJETO POL\u00cdTICO DO CURSO<br \/><\/strong><\/p>\n<p><a href=\"https:\/\/www.ifbaiano.edu.br\/unidades\/gmb\/files\/2023\/10\/PPC-TMSI-2019.pdf\">Projeto Pol\u00edtico do Curso de manuten\u00e7\u00e3o e Suporte em Inform\u00e1tica<\/a><\/p>\n<p>\u00a0<\/p>","protected":false},"excerpt":{"rendered":"<p>NOME DO CURSO: Curso T\u00e9cnico Subsequente em Manuten\u00e7\u00e3o e Suporte em Inform\u00e1tica O Curso tem como objetivo principal formar t\u00e9cnicos em inform\u00e1tica na \u00e1rea de suporte ao usu\u00e1rio e manuten\u00e7\u00e3o preventiva e corretiva de equipamentos de inform\u00e1tica. Realizado de forma presencial e integralizado num per\u00edodo de 02 a 04 anos. P\u00daBLICO ALVO: estudantes com Ensino [&hellip;]<\/p>\n","protected":false},"author":37,"featured_media":0,"parent":0,"menu_order":0,"comment_status":"open","ping_status":"open","template":"","meta":[],"_links":{"self":[{"href":"https:\/\/www.ifbaiano.edu.br\/unidades\/gmb\/wp-json\/wp\/v2\/pages\/14"}],"collection":[{"href":"https:\/\/www.ifbaiano.edu.br\/unidades\/gmb\/wp-json\/wp\/v2\/pages"}],"about":[{"href":"https:\/\/www.ifbaiano.edu.br\/unidades\/gmb\/wp-json\/wp\/v2\/types\/page"}],"author":[{"embeddable":true,"href":"https:\/\/www.ifbaiano.edu.br\/unidades\/gmb\/wp-json\/wp\/v2\/users\/37"}],"replies":[{"embeddable":true,"href":"https:\/\/www.ifbaiano.edu.br\/unidades\/gmb\/wp-json\/wp\/v2\/comments?post=14"}],"version-history":[{"count":12,"href":"https:\/\/www.ifbaiano.edu.br\/unidades\/gmb\/wp-json\/wp\/v2\/pages\/14\/revisions"}],"predecessor-version":[{"id":9325,"href":"https:\/\/www.ifbaiano.edu.br\/unidades\/gmb\/wp-json\/wp\/v2\/pages\/14\/revisions\/9325"}],"wp:attachment":[{"href":"https:\/\/www.ifbaiano.edu.br\/unidades\/gmb\/wp-json\/wp\/v2\/media?parent=14"}],"curies":[{"name":"wp","href":"https:\/\/api.w.org\/{rel}","templated":true}]}}