{"id":16,"date":"2012-10-02T16:34:43","date_gmt":"2012-10-02T16:34:43","guid":{"rendered":"http:\/\/www.ifbaiano.edu.br\/unidades\/gmb\/?page_id=16"},"modified":"2016-12-23T10:56:33","modified_gmt":"2016-12-23T13:56:33","slug":"servicos-publicos","status":"publish","type":"page","link":"https:\/\/www.ifbaiano.edu.br\/unidades\/gmb\/servicos-publicos\/","title":{"rendered":"T\u00e9cnico em Servi\u00e7os P\u00fablicos &#8211; EAD"},"content":{"rendered":"<p><strong>NOME DO CURSO<\/strong>: Curso T\u00e9cnico em Servi\u00e7os P\u00fablicos\u2013 Modalidade EAD<\/p>\n<p>O objetivo do curso \u00e9 formar profissionais de n\u00edvel t\u00e9cnico na \u00e1rea de Servi\u00e7os P\u00fablicos capazes de:<\/p>\n<ul>\n<li>Identificar e interpretar as diretrizes do planejamento estrat\u00e9gico, t\u00e1tico e do plano diretor aplic\u00e1veis \u00e0 gest\u00e3o p\u00fablica organizacional.<\/li>\n<\/ul>\n<ul>\n<li>Compreender as estruturas or\u00e7ament\u00e1rias e societ\u00e1rias das organiza\u00e7\u00f5es e relacion\u00e1-las com os processos de gest\u00e3o espec\u00edficos.<\/li>\n<\/ul>\n<ul>\n<li>Interpretar\u00a0 resultados\u00a0 de\u00a0 estudos\u00a0 de\u00a0 mercado,\u00a0 econ\u00f4micos\u00a0 ou\u00a0 tecnol\u00f3gicos, utilizando-os no processo de gest\u00e3o.<\/li>\n<\/ul>\n<p>A integraliza\u00e7\u00e3o do Curso dever\u00e1 ocorrer num per\u00edodo de 02 anos.<\/p>\n<p>&nbsp;<\/p>\n<p><strong>CIDADES ONDE AS AULAS S\u00c3O OFERECIDAS: <\/strong>Governador Mangabeira BA, Concei\u00e7\u00e3o da Feira BA e Santo Estev\u00e3o BA.<\/p>\n<p>&nbsp;<\/p>\n<p><strong>P\u00daBLICO ALVO:<\/strong> Alunos com Ensino M\u00e9dio conclu\u00eddo em quaisquer modalidades\u00a0 regulamentadas\u00a0 e reconhecidas pelo MEC.<\/p>\n<p>&nbsp;<\/p>\n<p><strong>MATRIZ CURRICULAR:<\/strong><\/p>\n<p><a href=\"http:\/\/www.ifbaiano.edu.br\/unidades\/gmb\/files\/2012\/10\/servi\u00e7os-publicos.pdf\">Matriz Curricular do Curso T\u00e9cnico em Servi\u00e7os P\u00fablicos<\/a><\/p>\n<p>&nbsp;<\/p>\n<p><strong>Conv\u00eanio<\/strong>: IF Baiano, IFPR e Prefeituras Municipais de Concei\u00e7\u00e3o da Feira e Santo Estev\u00e3o.<\/p>\n","protected":false},"excerpt":{"rendered":"<p>NOME DO CURSO: Curso T\u00e9cnico em Servi\u00e7os P\u00fablicos\u2013 Modalidade EAD O objetivo do curso \u00e9 formar profissionais de n\u00edvel t\u00e9cnico na \u00e1rea de Servi\u00e7os P\u00fablicos capazes de: Identificar e interpretar as diretrizes do planejamento estrat\u00e9gico, t\u00e1tico e do plano diretor aplic\u00e1veis \u00e0 gest\u00e3o p\u00fablica organizacional. Compreender as estruturas or\u00e7ament\u00e1rias e societ\u00e1rias das organiza\u00e7\u00f5es e relacion\u00e1-las [&hellip;]<\/p>\n","protected":false},"author":37,"featured_media":0,"parent":0,"menu_order":0,"comment_status":"closed","ping_status":"closed","template":"","meta":[],"_links":{"self":[{"href":"https:\/\/www.ifbaiano.edu.br\/unidades\/gmb\/wp-json\/wp\/v2\/pages\/16"}],"collection":[{"href":"https:\/\/www.ifbaiano.edu.br\/unidades\/gmb\/wp-json\/wp\/v2\/pages"}],"about":[{"href":"https:\/\/www.ifbaiano.edu.br\/unidades\/gmb\/wp-json\/wp\/v2\/types\/page"}],"author":[{"embeddable":true,"href":"https:\/\/www.ifbaiano.edu.br\/unidades\/gmb\/wp-json\/wp\/v2\/users\/37"}],"replies":[{"embeddable":true,"href":"https:\/\/www.ifbaiano.edu.br\/unidades\/gmb\/wp-json\/wp\/v2\/comments?post=16"}],"version-history":[{"count":7,"href":"https:\/\/www.ifbaiano.edu.br\/unidades\/gmb\/wp-json\/wp\/v2\/pages\/16\/revisions"}],"predecessor-version":[{"id":2826,"href":"https:\/\/www.ifbaiano.edu.br\/unidades\/gmb\/wp-json\/wp\/v2\/pages\/16\/revisions\/2826"}],"wp:attachment":[{"href":"https:\/\/www.ifbaiano.edu.br\/unidades\/gmb\/wp-json\/wp\/v2\/media?parent=16"}],"curies":[{"name":"wp","href":"https:\/\/api.w.org\/{rel}","templated":true}]}}