{"id":164,"date":"2012-11-26T13:59:08","date_gmt":"2012-11-26T13:59:08","guid":{"rendered":"http:\/\/www.ifbaiano.edu.br\/unidades\/gmb\/?page_id=164"},"modified":"2023-10-02T15:07:41","modified_gmt":"2023-10-02T18:07:41","slug":"tecnico-em-administracao","status":"publish","type":"page","link":"https:\/\/www.ifbaiano.edu.br\/unidades\/gmb\/tecnico-em-administracao\/","title":{"rendered":"T\u00e9cnico em Administra\u00e7\u00e3o &#8211; EAD"},"content":{"rendered":"<p><strong>NOME DO CURSO<\/strong>: Curso T\u00e9cnico em Administra\u00e7\u00e3o \u2013 Modalidade EAD<\/p>\n<p><strong>EIXO TECNOL\u00d3GICO:<\/strong> Gest\u00e3o e Neg\u00f3cios<a href=\"http:\/\/www.ifbaiano.edu.br\/unidades\/gmb\/tecnico-em-administracao\/\">Visualizar altera\u00e7\u00f5es<\/a><\/p>\n<p><strong>LOCAL DE REALIZA\u00c7\u00c3O\/CAMPUS: <\/strong>Polo Governador Mangabeira<\/p>\n<p><strong>N\u00cdVEL:<\/strong> T\u00e9cnico<\/p>\n<p><strong>FORMA DE ARTICULA\u00c7\u00c3O:&nbsp;<\/strong>Subsequente<\/p>\n<p><strong>MODALIDADE<\/strong>: a dist\u00e2ncia<\/p>\n<p><strong>REDE:<\/strong> E-tec Brasil<\/p>\n<p><strong>PERIODO: <\/strong>02(dois) anos.<\/p>\n<p><strong>CARGA HOR\u00c1RIA TOTAL:<\/strong> 1020h<\/p>\n<p><strong>N\u00daMER DE VAGAS: <\/strong>40<\/p>\n<p><strong>DIA DA AULA PRESENCIAL:<\/strong> Segunda-feira<\/p>\n<p><strong>CIDADES ONDE AS AULAS S\u00c3O OFERECIDAS:<\/strong> Santa Teresinha-BA e Santo Estev\u00e3o-BA<\/p>\n<p><strong>P\u00daBLICO ALVO:<\/strong> Alunos com Ensino M\u00e9dio conclu\u00eddo em quaisquer modalidades regulamentadas&nbsp; e reconhecidas pelo MEC.<\/p>\n<p><strong>INGRESSO:<\/strong> atrav\u00e9s&nbsp; de&nbsp; processo&nbsp; seletivo&nbsp; conforme edital pr\u00f3prio.<\/p>\n<p>&nbsp;<\/p>\n<p><strong>CURSO: <\/strong>O&nbsp; curso&nbsp; T\u00e9cnico&nbsp; em&nbsp; Administra\u00e7\u00e3o&nbsp; na&nbsp; modalidade&nbsp; EAD&nbsp; do&nbsp; IF Baiano em parceria com Instituto Federal Paran\u00e1 &#8211; IFPR,&nbsp; visa&nbsp; promover&nbsp; a qualifica\u00e7\u00e3o de profissionais com aptid\u00e3o as exig\u00eancias do mercado de trabalho na fun\u00e7\u00e3o de administrador, com compet\u00eancias e habilidades desenvolvidas para planejar, organizar e&nbsp; dirigir&nbsp; as&nbsp; atividades&nbsp; de&nbsp; uma&nbsp; organiza\u00e7\u00e3o, seja&nbsp; ela&nbsp; p\u00fablica,&nbsp; privada &nbsp;ou&nbsp; do&nbsp; terceiro&nbsp; setor, com&nbsp; excel\u00eancia&nbsp; em&nbsp; uma&nbsp; gest\u00e3o&nbsp; baseada&nbsp; nos&nbsp; princ\u00edpios&nbsp; de&nbsp; sustentabilidade&nbsp; e empreendedorismo.<\/p>\n<p>&nbsp;<\/p>\n<p><strong>MATRIZ CURRICULAR:<\/strong><\/p>\n<p><a href=\"http:\/\/www.ifbaiano.edu.br\/unidades\/gmb\/files\/2012\/11\/adm.pdf\">Matriz Curricular do Curso T\u00e9cnico em Administra\u00e7\u00e3o<\/a><\/p>\n<p>&nbsp;<\/p>\n<p><strong>Conv\u00eanio:<\/strong> IF Baiano, IFPR e Prefeituras Municipais de Santa Teresinha&nbsp; e Santo Estev\u00e3o.<\/p>\n","protected":false},"excerpt":{"rendered":"<p>NOME DO CURSO: Curso T\u00e9cnico em Administra\u00e7\u00e3o \u2013 Modalidade EAD EIXO TECNOL\u00d3GICO: Gest\u00e3o e Neg\u00f3ciosVisualizar altera\u00e7\u00f5es LOCAL DE REALIZA\u00c7\u00c3O\/CAMPUS: Polo Governador Mangabeira N\u00cdVEL: T\u00e9cnico FORMA DE ARTICULA\u00c7\u00c3O:&nbsp;Subsequente MODALIDADE: a dist\u00e2ncia REDE: E-tec Brasil PERIODO: 02(dois) anos. CARGA HOR\u00c1RIA TOTAL: 1020h N\u00daMER DE VAGAS: 40 DIA DA AULA PRESENCIAL: Segunda-feira CIDADES ONDE AS AULAS S\u00c3O OFERECIDAS: [&hellip;]<\/p>\n","protected":false},"author":37,"featured_media":0,"parent":0,"menu_order":0,"comment_status":"closed","ping_status":"closed","template":"","meta":[],"_links":{"self":[{"href":"https:\/\/www.ifbaiano.edu.br\/unidades\/gmb\/wp-json\/wp\/v2\/pages\/164"}],"collection":[{"href":"https:\/\/www.ifbaiano.edu.br\/unidades\/gmb\/wp-json\/wp\/v2\/pages"}],"about":[{"href":"https:\/\/www.ifbaiano.edu.br\/unidades\/gmb\/wp-json\/wp\/v2\/types\/page"}],"author":[{"embeddable":true,"href":"https:\/\/www.ifbaiano.edu.br\/unidades\/gmb\/wp-json\/wp\/v2\/users\/37"}],"replies":[{"embeddable":true,"href":"https:\/\/www.ifbaiano.edu.br\/unidades\/gmb\/wp-json\/wp\/v2\/comments?post=164"}],"version-history":[{"count":7,"href":"https:\/\/www.ifbaiano.edu.br\/unidades\/gmb\/wp-json\/wp\/v2\/pages\/164\/revisions"}],"predecessor-version":[{"id":9336,"href":"https:\/\/www.ifbaiano.edu.br\/unidades\/gmb\/wp-json\/wp\/v2\/pages\/164\/revisions\/9336"}],"wp:attachment":[{"href":"https:\/\/www.ifbaiano.edu.br\/unidades\/gmb\/wp-json\/wp\/v2\/media?parent=164"}],"curies":[{"name":"wp","href":"https:\/\/api.w.org\/{rel}","templated":true}]}}