{"id":18,"date":"2012-10-02T16:35:18","date_gmt":"2012-10-02T16:35:18","guid":{"rendered":"http:\/\/www.ifbaiano.edu.br\/unidades\/gmb\/?page_id=18"},"modified":"2016-12-23T10:48:23","modified_gmt":"2016-12-23T13:48:23","slug":"seguranca-no-trabalho","status":"publish","type":"page","link":"https:\/\/www.ifbaiano.edu.br\/unidades\/gmb\/seguranca-no-trabalho\/","title":{"rendered":"T\u00e9cnico em Seguran\u00e7a no Trabalho &#8211; EAD"},"content":{"rendered":"<p><strong>NOME DO CURSO<\/strong>: Curso T\u00e9cnico em Seguran\u00e7a do Trabalho &#8211; EaD<\/p>\n<p>O Curso T\u00e9cnico em Seguran\u00e7a do Trabalho do Instituto Federal de Educa\u00e7\u00e3o Ci\u00eancia e Tecnologia Baiano em parceria com o Instituto Federal do Paran\u00e1 articula trabalho, cultura, ci\u00eancia, tecnologia e tempo, visando o acesso ao universo de saberes e conhecimentos cient\u00edficos e tecnol\u00f3gicos, produzidos historicamente.\u00a0 Assim, este curso, possibilita\u00a0 uma\u00a0 nova\u00a0 forma\u00a0 de\u00a0 atendimento,\u00a0 onde\u00a0 o\u00a0 educando\u00a0 possa compreender o mundo, compreender-se no mundo e nele atuar na busca de melhoria qualidade de vida.<\/p>\n<p>A ser integralizado num per\u00edodo de 02 anos.<\/p>\n<p><strong>CIDADES ONDE AS AULAS S\u00c3O OFERECIDAS: <\/strong>Governador Mangabeira-BA.<\/p>\n<p><strong>P\u00daBLICO ALVO:<\/strong> Alunos com Ensino M\u00e9dio conclu\u00eddo em quaisquer modalidades regulamentadas e reconhecidas pelo MEC.<\/p>\n<p><strong>MATRIZ CURRICULAR:<\/strong><\/p>\n<p><a href=\"http:\/\/www.ifbaiano.edu.br\/unidades\/gmb\/files\/2012\/10\/seguran\u00e7a-do-trabalho.pdf\">Matriz Curricular do Custo T\u00e9cnico em Seguran\u00e7a do Trabalho<\/a><\/p>\n","protected":false},"excerpt":{"rendered":"<p>NOME DO CURSO: Curso T\u00e9cnico em Seguran\u00e7a do Trabalho &#8211; EaD O Curso T\u00e9cnico em Seguran\u00e7a do Trabalho do Instituto Federal de Educa\u00e7\u00e3o Ci\u00eancia e Tecnologia Baiano em parceria com o Instituto Federal do Paran\u00e1 articula trabalho, cultura, ci\u00eancia, tecnologia e tempo, visando o acesso ao universo de saberes e conhecimentos cient\u00edficos e tecnol\u00f3gicos, produzidos [&hellip;]<\/p>\n","protected":false},"author":37,"featured_media":0,"parent":0,"menu_order":0,"comment_status":"closed","ping_status":"closed","template":"","meta":[],"_links":{"self":[{"href":"https:\/\/www.ifbaiano.edu.br\/unidades\/gmb\/wp-json\/wp\/v2\/pages\/18"}],"collection":[{"href":"https:\/\/www.ifbaiano.edu.br\/unidades\/gmb\/wp-json\/wp\/v2\/pages"}],"about":[{"href":"https:\/\/www.ifbaiano.edu.br\/unidades\/gmb\/wp-json\/wp\/v2\/types\/page"}],"author":[{"embeddable":true,"href":"https:\/\/www.ifbaiano.edu.br\/unidades\/gmb\/wp-json\/wp\/v2\/users\/37"}],"replies":[{"embeddable":true,"href":"https:\/\/www.ifbaiano.edu.br\/unidades\/gmb\/wp-json\/wp\/v2\/comments?post=18"}],"version-history":[{"count":6,"href":"https:\/\/www.ifbaiano.edu.br\/unidades\/gmb\/wp-json\/wp\/v2\/pages\/18\/revisions"}],"predecessor-version":[{"id":2821,"href":"https:\/\/www.ifbaiano.edu.br\/unidades\/gmb\/wp-json\/wp\/v2\/pages\/18\/revisions\/2821"}],"wp:attachment":[{"href":"https:\/\/www.ifbaiano.edu.br\/unidades\/gmb\/wp-json\/wp\/v2\/media?parent=18"}],"curies":[{"name":"wp","href":"https:\/\/api.w.org\/{rel}","templated":true}]}}