{"id":1821,"date":"2015-05-22T12:14:47","date_gmt":"2015-05-22T12:14:47","guid":{"rendered":"http:\/\/www.ifbaiano.edu.br\/unidades\/gmb\/?page_id=1821"},"modified":"2024-10-01T15:36:19","modified_gmt":"2024-10-01T18:36:19","slug":"acervo","status":"publish","type":"page","link":"https:\/\/www.ifbaiano.edu.br\/unidades\/gmb\/biblioteca-mangabeira\/acervo\/","title":{"rendered":"Acervo"},"content":{"rendered":"<p>O acervo conta com 2 (dois) mil itens formados por livros, peri\u00f3dicos e multim\u00eddias (CD\u2019s e DVD\u2019s).<\/p>\n<p>Clique no link para pesquisar os itens do acervo da biblioteca: <a href=\"http:\/\/pergamum.ifbaiano.edu.br\/\" target=\"_blank\" rel=\"noopener noreferrer\">http:\/\/pergamum.ifbaiano.edu.br<\/a><\/p>\n<p><strong>2016<\/strong><\/p>\n<p>Confira a Rela\u00e7\u00e3o das nossas novas aquisi\u00e7\u00f5es Mar\u00e7o\/2016.&nbsp; <a href=\"http:\/\/www.ifbaiano.edu.br\/unidades\/gmb\/files\/2015\/05\/Novas-aquisicoes-biblioteca-marco-2016.pdf\">Clique Aqui<\/a><\/p>\n<p>Confira a Rela\u00e7\u00e3o das nossas novas aquisi\u00e7\u00f5es Agosto\/2016.&nbsp; <a href=\"http:\/\/www.ifbaiano.edu.br\/unidades\/gmb\/files\/2015\/05\/novos-titulos-agosto-de-2016.pdf\">Clique Aqui<\/a><\/p>\n<p>Confira a nossas novas aquisi\u00e7\u00f5es Setembro\/2016. <a href=\"http:\/\/www.ifbaiano.edu.br\/unidades\/gmb\/files\/2015\/05\/aquisicoes-setembro-2016.pdf\">Clique Aqui<\/a><\/p>\n<p><strong>2017<\/strong><\/p>\n<p>Confira a Rela\u00e7\u00e3o das nossas novas aquisi\u00e7\u00f5es Janeiro\/2017. <a href=\"http:\/\/www.ifbaiano.edu.br\/unidades\/gmb\/files\/2015\/05\/atualizacao-do-acervo-biblioteca-fev-2017.pdf\">Clique Aqui<\/a><\/p>\n<p>Confira a Rela\u00e7\u00e3o das nossas novas aquisi\u00e7\u00f5es Fevereiro\/2017 <a href=\"http:\/\/www.ifbaiano.edu.br\/unidades\/gmb\/files\/2015\/05\/fevereiro-de-2017-aquisicoes.pdf\">Clique Aqui<\/a><\/p>\n<p>Confira a Rela\u00e7\u00e3o das nossas novas aquisi\u00e7\u00f5es Abril\/2017 <a href=\"http:\/\/www.ifbaiano.edu.br\/unidades\/gmb\/files\/2015\/05\/NovosTitulosAbr2017.pdf\">Clique Aqui<\/a><\/p>\n<p>Confira a Rela\u00e7\u00e3o das nossas novas aquisi\u00e7\u00f5es Maio\/2017 <a href=\"http:\/\/www.ifbaiano.edu.br\/unidades\/gmb\/files\/2015\/05\/Novost\u00edtulosMaio2017.pdf\">Clique Aqui<\/a><\/p>\n<p>Confira a Rela\u00e7\u00e3o das nossas novas aquisi\u00e7\u00f5es Julho\/2017 <a href=\"http:\/\/www.ifbaiano.edu.br\/unidades\/gmb\/files\/2015\/05\/NovosT\u00edtulosJulho2017.pdf\">Clique Aqui<\/a><\/p>\n<p><a href=\"http:\/\/www.ifbaiano.edu.br\/unidades\/gmb\/files\/2019\/10\/WhatsApp-Image-2019-10-08-at-09.52.16-2.jpeg\"><img decoding=\"async\" loading=\"lazy\" class=\"alignnone size-full wp-image-4802\" src=\"http:\/\/www.ifbaiano.edu.br\/unidades\/gmb\/files\/2019\/10\/WhatsApp-Image-2019-10-08-at-09.52.16-2.jpeg\" alt=\"\" width=\"720\" height=\"540\"><\/a><\/p>\n","protected":false},"excerpt":{"rendered":"<p>O acervo conta com 2 (dois) mil itens formados por livros, peri\u00f3dicos e multim\u00eddias (CD\u2019s e DVD\u2019s). Clique no link para pesquisar os itens do acervo da biblioteca: http:\/\/pergamum.ifbaiano.edu.br 2016 Confira a Rela\u00e7\u00e3o das nossas novas aquisi\u00e7\u00f5es Mar\u00e7o\/2016.&nbsp; Clique Aqui Confira a Rela\u00e7\u00e3o das nossas novas aquisi\u00e7\u00f5es Agosto\/2016.&nbsp; Clique Aqui Confira a nossas novas aquisi\u00e7\u00f5es [&hellip;]<\/p>\n","protected":false},"author":57,"featured_media":0,"parent":1823,"menu_order":0,"comment_status":"open","ping_status":"closed","template":"","meta":[],"_links":{"self":[{"href":"https:\/\/www.ifbaiano.edu.br\/unidades\/gmb\/wp-json\/wp\/v2\/pages\/1821"}],"collection":[{"href":"https:\/\/www.ifbaiano.edu.br\/unidades\/gmb\/wp-json\/wp\/v2\/pages"}],"about":[{"href":"https:\/\/www.ifbaiano.edu.br\/unidades\/gmb\/wp-json\/wp\/v2\/types\/page"}],"author":[{"embeddable":true,"href":"https:\/\/www.ifbaiano.edu.br\/unidades\/gmb\/wp-json\/wp\/v2\/users\/57"}],"replies":[{"embeddable":true,"href":"https:\/\/www.ifbaiano.edu.br\/unidades\/gmb\/wp-json\/wp\/v2\/comments?post=1821"}],"version-history":[{"count":12,"href":"https:\/\/www.ifbaiano.edu.br\/unidades\/gmb\/wp-json\/wp\/v2\/pages\/1821\/revisions"}],"predecessor-version":[{"id":10326,"href":"https:\/\/www.ifbaiano.edu.br\/unidades\/gmb\/wp-json\/wp\/v2\/pages\/1821\/revisions\/10326"}],"up":[{"embeddable":true,"href":"https:\/\/www.ifbaiano.edu.br\/unidades\/gmb\/wp-json\/wp\/v2\/pages\/1823"}],"wp:attachment":[{"href":"https:\/\/www.ifbaiano.edu.br\/unidades\/gmb\/wp-json\/wp\/v2\/media?parent=1821"}],"curies":[{"name":"wp","href":"https:\/\/api.w.org\/{rel}","templated":true}]}}