{"id":1829,"date":"2015-05-22T12:18:37","date_gmt":"2015-05-22T12:18:37","guid":{"rendered":"http:\/\/www.ifbaiano.edu.br\/unidades\/gmb\/?page_id=1829"},"modified":"2015-05-22T12:39:21","modified_gmt":"2015-05-22T12:39:21","slug":"acesso-as-bases-de-dados","status":"publish","type":"page","link":"https:\/\/www.ifbaiano.edu.br\/unidades\/gmb\/biblioteca-mangabeira\/acesso-as-bases-de-dados\/","title":{"rendered":"Acesso \u00e0s Bases de Dados"},"content":{"rendered":"<p>&nbsp;<\/p>\n<p><strong>Acesso \u00e0s Bases de Dados<\/strong><\/p>\n<p>&nbsp;<\/p>\n<p><a href=\"http:\/\/www.dominiopublico.gov.br\/\" target=\"_blank\"><img decoding=\"async\" loading=\"lazy\" class=\"size-full wp-image-1831 alignleft\" src=\"http:\/\/www.ifbaiano.edu.br\/unidades\/gmb\/files\/2015\/05\/dominpub.png\" alt=\"\" width=\"248\" height=\"60\" \/><\/a><\/p>\n<p>&nbsp;<\/p>\n<p>&nbsp;<\/p>\n<p>&nbsp;<\/p>\n<p>&nbsp;<\/p>\n<p>Dom\u00ednio P\u00fablico Obras liter\u00e1rias, art\u00edsticas e cient\u00edficas, j\u00e1 em dom\u00ednio p\u00fablico ou que tenham a sua divulga\u00e7\u00e3o devidamente autorizada. (Acesso livre)<\/p>\n<p>&nbsp;<\/p>\n<p><a href=\"http:\/\/www-periodicos-capes-gov-br.ez356.periodicos.capes.gov.br\/index.php?option=com_phome\" target=\"_blank\"><img decoding=\"async\" loading=\"lazy\" class=\"size-medium wp-image-1837 alignnone\" src=\"http:\/\/www.ifbaiano.edu.br\/unidades\/gmb\/files\/2015\/05\/periodicos-300x76.png\" alt=\"\" width=\"300\" height=\"76\" srcset=\"https:\/\/www.ifbaiano.edu.br\/unidades\/gmb\/files\/2015\/05\/periodicos-300x76.png 300w, https:\/\/www.ifbaiano.edu.br\/unidades\/gmb\/files\/2015\/05\/periodicos-400x101.png 400w, https:\/\/www.ifbaiano.edu.br\/unidades\/gmb\/files\/2015\/05\/periodicos.png 984w\" sizes=\"(max-width: 300px) 100vw, 300px\" \/><\/a><\/p>\n<p>&nbsp;<\/p>\n<p>&nbsp;<\/p>\n<p>&nbsp;<\/p>\n<p>Portal de Peri\u00f3dicos Capes da Coordena\u00e7\u00e3o de Aperfei\u00e7oamento de Pessoal de N\u00edvel Superior (Capes), \u00e9 uma biblioteca virtual que re\u00fane e disponibiliza a institui\u00e7\u00f5es de ensino e pesquisa no Brasil o melhor da produ\u00e7\u00e3o cient\u00edfica internacional. (Acesso exclusivo na rede do IF Baiano)<\/p>\n<p>&nbsp;<\/p>\n<p><a href=\"http:\/\/www.scielo.br\/\" target=\"_blank\"><img decoding=\"async\" loading=\"lazy\" class=\"alignleft size-full wp-image-1839\" src=\"http:\/\/www.ifbaiano.edu.br\/unidades\/gmb\/files\/2015\/05\/scielo.png\" alt=\"\" width=\"104\" height=\"100\" \/><\/a><\/p>\n<p>&nbsp;<\/p>\n<p>&nbsp;<\/p>\n<p>&nbsp;<\/p>\n<p>&nbsp;<\/p>\n<p>A Scielo \u00e9 uma biblioteca eletr\u00f4nica que abrange uma cole\u00e7\u00e3o selecionada de peri\u00f3dicos cient\u00edficos do Brasil, Argentina, Chile, Col\u00f4mbia, Cuba, Portugal, Venezuela e Espanha, dando acesso a artigos em texto completo. (Acesso livre)<\/p>\n<p>&nbsp;<\/p>\n<p><a href=\"http:\/\/www.abntcolecao.com.br\/ifbaiano\/\" target=\"_blank\"><img decoding=\"async\" loading=\"lazy\" class=\"alignleft size-full wp-image-1840\" src=\"http:\/\/www.ifbaiano.edu.br\/unidades\/gmb\/files\/2015\/05\/abnt.png\" alt=\"\" width=\"237\" height=\"101\" \/><\/a><\/p>\n<p>&nbsp;<\/p>\n<p>&nbsp;<\/p>\n<p>&nbsp;<\/p>\n<p>&nbsp;<\/p>\n<p>ABNT Cole\u00e7\u00e3o \u00e9 um servi\u00e7o para a dissemina\u00e7\u00e3o do uso das normas t\u00e9cnicas. (Acesso exclusivo na rede do IF Baiano)<\/p>\n","protected":false},"excerpt":{"rendered":"<p>&nbsp; Acesso \u00e0s Bases de Dados &nbsp; &nbsp; &nbsp; &nbsp; &nbsp; Dom\u00ednio P\u00fablico Obras liter\u00e1rias, art\u00edsticas e cient\u00edficas, j\u00e1 em dom\u00ednio p\u00fablico ou que tenham a sua divulga\u00e7\u00e3o devidamente autorizada. (Acesso livre) &nbsp; &nbsp; &nbsp; &nbsp; Portal de Peri\u00f3dicos Capes da Coordena\u00e7\u00e3o de Aperfei\u00e7oamento de Pessoal de N\u00edvel Superior (Capes), \u00e9 uma biblioteca virtual que [&hellip;]<\/p>\n","protected":false},"author":57,"featured_media":1831,"parent":1823,"menu_order":0,"comment_status":"open","ping_status":"open","template":"","meta":[],"_links":{"self":[{"href":"https:\/\/www.ifbaiano.edu.br\/unidades\/gmb\/wp-json\/wp\/v2\/pages\/1829"}],"collection":[{"href":"https:\/\/www.ifbaiano.edu.br\/unidades\/gmb\/wp-json\/wp\/v2\/pages"}],"about":[{"href":"https:\/\/www.ifbaiano.edu.br\/unidades\/gmb\/wp-json\/wp\/v2\/types\/page"}],"author":[{"embeddable":true,"href":"https:\/\/www.ifbaiano.edu.br\/unidades\/gmb\/wp-json\/wp\/v2\/users\/57"}],"replies":[{"embeddable":true,"href":"https:\/\/www.ifbaiano.edu.br\/unidades\/gmb\/wp-json\/wp\/v2\/comments?post=1829"}],"version-history":[{"count":12,"href":"https:\/\/www.ifbaiano.edu.br\/unidades\/gmb\/wp-json\/wp\/v2\/pages\/1829\/revisions"}],"predecessor-version":[{"id":1851,"href":"https:\/\/www.ifbaiano.edu.br\/unidades\/gmb\/wp-json\/wp\/v2\/pages\/1829\/revisions\/1851"}],"up":[{"embeddable":true,"href":"https:\/\/www.ifbaiano.edu.br\/unidades\/gmb\/wp-json\/wp\/v2\/pages\/1823"}],"wp:featuredmedia":[{"embeddable":true,"href":"https:\/\/www.ifbaiano.edu.br\/unidades\/gmb\/wp-json\/wp\/v2\/media\/1831"}],"wp:attachment":[{"href":"https:\/\/www.ifbaiano.edu.br\/unidades\/gmb\/wp-json\/wp\/v2\/media?parent=1829"}],"curies":[{"name":"wp","href":"https:\/\/api.w.org\/{rel}","templated":true}]}}