{"id":1834,"date":"2015-05-22T12:21:37","date_gmt":"2015-05-22T12:21:37","guid":{"rendered":"http:\/\/www.ifbaiano.edu.br\/unidades\/gmb\/?page_id=1834"},"modified":"2016-10-31T10:44:06","modified_gmt":"2016-10-31T13:44:06","slug":"revistas-eletronicas","status":"publish","type":"page","link":"https:\/\/www.ifbaiano.edu.br\/unidades\/gmb\/biblioteca-mangabeira\/revistas-eletronicas\/","title":{"rendered":"Revistas Eletr\u00f4nicas"},"content":{"rendered":"<p style=\"text-align: left\" align=\"center\"><strong>PANGEA CIENT\u00cdFICA<\/strong><\/p>\n<p align=\"left\"><a href=\"http:\/\/pangeiacientifica.ifbaiano.edu.br\/\"><span style=\"color: #99cc00\">http:\/\/pangeiacientifica.ifbaiano.edu.br\/<\/span><\/a><\/p>\n<p align=\"left\">\u00c9 um peri\u00f3dico semestral do Instituto Federal de Educa\u00e7\u00e3o, Ci\u00eancia e Tecnologia Baiano (IF-BAIANO) que publica Artigos Cient\u00edficos, Notas Cient\u00edficas e Artigos de Revis\u00e3o resultantes de estudos te\u00f3ricos e pesquisas que incidem na produ\u00e7\u00e3o do conhecimento sobre as \u00e1reas de: Ci\u00eancias Exatas e da Terra, Ci\u00eancias Agr\u00e1rias, Ci\u00eancias Humanas e Sociais, Ci\u00eancias Biol\u00f3gicas, Lingu\u00edstica, Letras e Artes.<\/p>\n<p>&nbsp;<\/p>\n<p align=\"left\"><strong>QU\u00cdMICA NOVA NA ESCOLA<\/strong><\/p>\n<p><a href=\"http:\/\/qnesc.sbq.org.br\/\" target=\"_blank\">http:\/\/qnesc.sbq.org.br\/<\/a><\/p>\n<p>A Revista Qu\u00edmica Nova na Escola (QNEsc), com uma periodicidade trimestral, prop\u00f5e-se a subsidiar o trabalho, a forma\u00e7\u00e3o e a atualiza\u00e7\u00e3o da comunidade do Ensino de Qu\u00edmica brasileiro.<\/p>\n<p>&nbsp;<\/p>\n<p><strong>BOLETIM DE EDUCA\u00c7\u00c3O MATEM\u00c1TICA (BOLEMA)<\/strong><\/p>\n<p><strong><\/strong><a href=\"http:\/\/www.periodicos.rc.biblioteca.unesp.br\/index.php\/bolema\/index\" target=\"_blank\">http:\/\/www.periodicos.rc.biblioteca.unesp.br\/index.php\/bolema\/index<\/a><\/p>\n<p>BOLEMA \u00e9 uma das mais antigas e importantes publica\u00e7\u00f5es na \u00e1rea da Educa\u00e7\u00e3o Matem\u00e1tica no Brasil. O BOLEMA publica artigos, ensaios e resenhas cujo foco relaciona-se ao ensino e \u00e0 aprendizagem de Matem\u00e1tica ou ao papel da Matem\u00e1tica e da Educa\u00e7\u00e3o Matem\u00e1tica na sociedade.<\/p>\n","protected":false},"excerpt":{"rendered":"<p>PANGEA CIENT\u00cdFICA http:\/\/pangeiacientifica.ifbaiano.edu.br\/ \u00c9 um peri\u00f3dico semestral do Instituto Federal de Educa\u00e7\u00e3o, Ci\u00eancia e Tecnologia Baiano (IF-BAIANO) que publica Artigos Cient\u00edficos, Notas Cient\u00edficas e Artigos de Revis\u00e3o resultantes de estudos te\u00f3ricos e pesquisas que incidem na produ\u00e7\u00e3o do conhecimento sobre as \u00e1reas de: Ci\u00eancias Exatas e da Terra, Ci\u00eancias Agr\u00e1rias, Ci\u00eancias Humanas e Sociais, Ci\u00eancias [&hellip;]<\/p>\n","protected":false},"author":57,"featured_media":0,"parent":1823,"menu_order":0,"comment_status":"open","ping_status":"open","template":"","meta":[],"_links":{"self":[{"href":"https:\/\/www.ifbaiano.edu.br\/unidades\/gmb\/wp-json\/wp\/v2\/pages\/1834"}],"collection":[{"href":"https:\/\/www.ifbaiano.edu.br\/unidades\/gmb\/wp-json\/wp\/v2\/pages"}],"about":[{"href":"https:\/\/www.ifbaiano.edu.br\/unidades\/gmb\/wp-json\/wp\/v2\/types\/page"}],"author":[{"embeddable":true,"href":"https:\/\/www.ifbaiano.edu.br\/unidades\/gmb\/wp-json\/wp\/v2\/users\/57"}],"replies":[{"embeddable":true,"href":"https:\/\/www.ifbaiano.edu.br\/unidades\/gmb\/wp-json\/wp\/v2\/comments?post=1834"}],"version-history":[{"count":8,"href":"https:\/\/www.ifbaiano.edu.br\/unidades\/gmb\/wp-json\/wp\/v2\/pages\/1834\/revisions"}],"predecessor-version":[{"id":2636,"href":"https:\/\/www.ifbaiano.edu.br\/unidades\/gmb\/wp-json\/wp\/v2\/pages\/1834\/revisions\/2636"}],"up":[{"embeddable":true,"href":"https:\/\/www.ifbaiano.edu.br\/unidades\/gmb\/wp-json\/wp\/v2\/pages\/1823"}],"wp:attachment":[{"href":"https:\/\/www.ifbaiano.edu.br\/unidades\/gmb\/wp-json\/wp\/v2\/media?parent=1834"}],"curies":[{"name":"wp","href":"https:\/\/api.w.org\/{rel}","templated":true}]}}