{"id":1854,"date":"2015-05-22T12:43:17","date_gmt":"2015-05-22T12:43:17","guid":{"rendered":"http:\/\/www.ifbaiano.edu.br\/unidades\/gmb\/?page_id=1854"},"modified":"2017-01-23T13:22:28","modified_gmt":"2017-01-23T16:22:28","slug":"servicos","status":"publish","type":"page","link":"https:\/\/www.ifbaiano.edu.br\/unidades\/gmb\/biblioteca-mangabeira\/servicos\/","title":{"rendered":"Servi\u00e7os"},"content":{"rendered":"<p><strong>&#8211; SERVI\u00c7O DE REFER\u00caNCIA<\/strong><\/p>\n<ul>\n<li>Consiste no aux\u00edlio \u00e0 busca da informa\u00e7\u00e3o pelo usu\u00e1rio e orienta\u00e7\u00e3o quanto ao uso dos recursos informacionais e operacionais dispon\u00edveis na Biblioteca<strong>.<\/strong><\/li>\n<\/ul>\n<p><a name=\"more-198\"><\/a><\/p>\n<p><strong>&#8211; CONSULTA E PESQUISA NA INTERNET<\/strong><\/p>\n<ul>\n<li>A Biblioteca disponibiliza computadores com acesso \u00e0 internet e com recursos multim\u00eddia possibilitando ao usu\u00e1rio ampliar suas fontes e recursos de pesquisa. \u00c9 destinada a comunidade interna e externa, devendo o interessado dirigir-se ao balc\u00e3o de atendimento para solicitar autoriza\u00e7\u00e3o.<\/li>\n<\/ul>\n<p>&nbsp;<\/p>\n<p><strong>&#8211; ORIENTA\u00c7\u00c3O NA APRESENTA\u00c7\u00c3O DE TRABALHOS ACAD\u00caMICOS<\/strong><\/p>\n<ul>\n<li>A Biblioteca oferece aos seus usu\u00e1rios assist\u00eancia para normaliza\u00e7\u00e3o de trabalhos acad\u00eamico-cient\u00edficos, seguindo as recomenda\u00e7\u00f5es da ABNT (Associa\u00e7\u00e3o Brasileira de Normas T\u00e9cnicas) e normas institucionais.<\/li>\n<\/ul>\n<p><strong>\u00a0<\/strong><\/p>\n<p><strong>&#8211; REALIZA\u00c7\u00c3O DE EXPOSI\u00c7\u00d5ES<\/strong><\/p>\n<ul>\n<li>Uso do espa\u00e7o da Biblioteca para lan\u00e7amentos de livros, exposi\u00e7\u00f5es art\u00edsticas e tem\u00e1ticas que contribuam para o crescimento intelectual e cultural da comunidade usu\u00e1ria.<\/li>\n<\/ul>\n<p><strong>\u00a0<\/strong><\/p>\n<p><strong>&#8211; DISSEMINA\u00c7\u00c3O SELETIVA DA INFORMA\u00c7\u00c3O<\/strong><\/p>\n<ul>\n<li>Divulga\u00e7\u00e3o das novas aquisi\u00e7\u00f5es bibliogr\u00e1ficas, eventos de interesse da comunidade usu\u00e1ria entre outros em diversos meios de comunica\u00e7\u00e3o.<\/li>\n<\/ul>\n<p><strong>\u00a0<\/strong><\/p>\n<p><strong>&#8211; EMPR\u00c9STIMO E CONSULTA BIBLIOGR\u00c1FICA<\/strong><\/p>\n<ul>\n<li>Empr\u00e9stimo domiciliar e consulta local dos materiais bibliogr\u00e1ficos para aos usu\u00e1rios cadastrados na biblioteca<\/li>\n<\/ul>\n","protected":false},"excerpt":{"rendered":"<p>&#8211; SERVI\u00c7O DE REFER\u00caNCIA Consiste no aux\u00edlio \u00e0 busca da informa\u00e7\u00e3o pelo usu\u00e1rio e orienta\u00e7\u00e3o quanto ao uso dos recursos informacionais e operacionais dispon\u00edveis na Biblioteca. &#8211; CONSULTA E PESQUISA NA INTERNET A Biblioteca disponibiliza computadores com acesso \u00e0 internet e com recursos multim\u00eddia possibilitando ao usu\u00e1rio ampliar suas fontes e recursos de pesquisa. \u00c9 [&hellip;]<\/p>\n","protected":false},"author":57,"featured_media":0,"parent":1823,"menu_order":0,"comment_status":"open","ping_status":"open","template":"","meta":[],"_links":{"self":[{"href":"https:\/\/www.ifbaiano.edu.br\/unidades\/gmb\/wp-json\/wp\/v2\/pages\/1854"}],"collection":[{"href":"https:\/\/www.ifbaiano.edu.br\/unidades\/gmb\/wp-json\/wp\/v2\/pages"}],"about":[{"href":"https:\/\/www.ifbaiano.edu.br\/unidades\/gmb\/wp-json\/wp\/v2\/types\/page"}],"author":[{"embeddable":true,"href":"https:\/\/www.ifbaiano.edu.br\/unidades\/gmb\/wp-json\/wp\/v2\/users\/57"}],"replies":[{"embeddable":true,"href":"https:\/\/www.ifbaiano.edu.br\/unidades\/gmb\/wp-json\/wp\/v2\/comments?post=1854"}],"version-history":[{"count":3,"href":"https:\/\/www.ifbaiano.edu.br\/unidades\/gmb\/wp-json\/wp\/v2\/pages\/1854\/revisions"}],"predecessor-version":[{"id":2958,"href":"https:\/\/www.ifbaiano.edu.br\/unidades\/gmb\/wp-json\/wp\/v2\/pages\/1854\/revisions\/2958"}],"up":[{"embeddable":true,"href":"https:\/\/www.ifbaiano.edu.br\/unidades\/gmb\/wp-json\/wp\/v2\/pages\/1823"}],"wp:attachment":[{"href":"https:\/\/www.ifbaiano.edu.br\/unidades\/gmb\/wp-json\/wp\/v2\/media?parent=1854"}],"curies":[{"name":"wp","href":"https:\/\/api.w.org\/{rel}","templated":true}]}}