{"id":1866,"date":"2015-05-22T12:52:34","date_gmt":"2015-05-22T12:52:34","guid":{"rendered":"http:\/\/www.ifbaiano.edu.br\/unidades\/gmb\/?page_id=1866"},"modified":"2022-06-01T12:30:23","modified_gmt":"2022-06-01T15:30:23","slug":"outros-contatos","status":"publish","type":"page","link":"https:\/\/www.ifbaiano.edu.br\/unidades\/gmb\/outros-contatos\/","title":{"rendered":"Outros Contatos"},"content":{"rendered":"<p style=\"text-align: left\"><strong>Diretoria Geral<\/strong><\/p>\n<ul style=\"text-align: left\">\n<li><strong>Gabinete<\/strong> &#8211; gabinete@gm.ifbaiano.edu.br<\/li>\n<li><strong>N\u00facleo de Comunica\u00e7\u00e3o e Eventos<\/strong> &#8211; nce@gm.ifbaiano.edu.br<\/li>\n<li><strong>N\u00facleo de Tecnologia da Comunica\u00e7\u00e3o e Informa\u00e7\u00e3o<\/strong> &#8211; utic@gm.ifbaiano.edu.br<\/li>\n<li><strong>N\u00facleo de Gest\u00e3o de Pessoas<\/strong> &#8211; nagp@gm.ifbaiano.edu.br<\/li>\n<\/ul>\n<p style=\"text-align: left\"><strong>Diretoria Acad\u00eamica<\/strong><\/p>\n<ul style=\"text-align: left\">\n<li><strong>Diretoria Acad\u00eamica<\/strong> &#8211; dde@gm.ifbaiano.edu.br<\/li>\n<li><strong>Coordena\u00e7\u00e3o de ensino<\/strong>&#8211; cge@gm.ifbaiano.edu.br\n<ul>\n<li><strong>Coordena\u00e7\u00e3o de Assist\u00eancia ao Educando<\/strong> &#8211; cgae@gm.ifbaiano.edu.br<\/li>\n<\/ul>\n<ul>\n<li><strong>Biblioteca<\/strong> &#8211; biblioteca@gm.ifbaiano.edu.br<\/li>\n<li><strong>Secretaria<\/strong> &#8211; secretaria@gm.ifbaiano.edu.br<\/li>\n<\/ul>\n<\/li>\n<\/ul>\n<p style=\"text-align: left\"><strong>Pesquisa e Extens\u00e3o<\/strong><\/p>\n<ul style=\"text-align: left\">\n<li><strong>Coordena\u00e7\u00e3o de Pesquisa<\/strong> &#8211; pesquisa@gm.ifbaiano.edu.br<\/li>\n<\/ul>\n<p style=\"text-align: left\"><strong>Diretoria Administrativa<\/strong><\/p>\n<ul style=\"text-align: center\">\n<li style=\"text-align: left\"><strong>Diretoria Administrativa<\/strong> &#8211; dap@gm.ifbaiano.edu.br<\/li>\n<li style=\"text-align: left\"><strong>Coordena\u00e7\u00e3o de Log\u00edstica<\/strong>&#8211; logistica@gm.ifbaiano.edu.br<\/li>\n<li style=\"text-align: left\"><strong>N\u00facleo de Licita\u00e7\u00f5es e Compras<\/strong> &#8211; licitacao@gm.ifbaiano.edu.br<\/li>\n<li style=\"text-align: left\"><strong>Patrim\u00f4nio<\/strong> -patrimonio@gm.ifbaiano.edu.br<\/li>\n<\/ul>\n<p><strong> Telefone Geral do <em>Campus<\/em> &#8211;<\/strong><\/p>\n","protected":false},"excerpt":{"rendered":"<p>Diretoria Geral Gabinete &#8211; gabinete@gm.ifbaiano.edu.br N\u00facleo de Comunica\u00e7\u00e3o e Eventos &#8211; nce@gm.ifbaiano.edu.br N\u00facleo de Tecnologia da Comunica\u00e7\u00e3o e Informa\u00e7\u00e3o &#8211; utic@gm.ifbaiano.edu.br N\u00facleo de Gest\u00e3o de Pessoas &#8211; nagp@gm.ifbaiano.edu.br Diretoria Acad\u00eamica Diretoria Acad\u00eamica &#8211; dde@gm.ifbaiano.edu.br Coordena\u00e7\u00e3o de ensino&#8211; cge@gm.ifbaiano.edu.br Coordena\u00e7\u00e3o de Assist\u00eancia ao Educando &#8211; cgae@gm.ifbaiano.edu.br Biblioteca &#8211; biblioteca@gm.ifbaiano.edu.br Secretaria &#8211; secretaria@gm.ifbaiano.edu.br Pesquisa e Extens\u00e3o Coordena\u00e7\u00e3o [&hellip;]<\/p>\n","protected":false},"author":57,"featured_media":0,"parent":0,"menu_order":0,"comment_status":"open","ping_status":"open","template":"","meta":[],"_links":{"self":[{"href":"https:\/\/www.ifbaiano.edu.br\/unidades\/gmb\/wp-json\/wp\/v2\/pages\/1866"}],"collection":[{"href":"https:\/\/www.ifbaiano.edu.br\/unidades\/gmb\/wp-json\/wp\/v2\/pages"}],"about":[{"href":"https:\/\/www.ifbaiano.edu.br\/unidades\/gmb\/wp-json\/wp\/v2\/types\/page"}],"author":[{"embeddable":true,"href":"https:\/\/www.ifbaiano.edu.br\/unidades\/gmb\/wp-json\/wp\/v2\/users\/57"}],"replies":[{"embeddable":true,"href":"https:\/\/www.ifbaiano.edu.br\/unidades\/gmb\/wp-json\/wp\/v2\/comments?post=1866"}],"version-history":[{"count":15,"href":"https:\/\/www.ifbaiano.edu.br\/unidades\/gmb\/wp-json\/wp\/v2\/pages\/1866\/revisions"}],"predecessor-version":[{"id":7794,"href":"https:\/\/www.ifbaiano.edu.br\/unidades\/gmb\/wp-json\/wp\/v2\/pages\/1866\/revisions\/7794"}],"wp:attachment":[{"href":"https:\/\/www.ifbaiano.edu.br\/unidades\/gmb\/wp-json\/wp\/v2\/media?parent=1866"}],"curies":[{"name":"wp","href":"https:\/\/api.w.org\/{rel}","templated":true}]}}