{"id":1942,"date":"2015-06-08T17:12:16","date_gmt":"2015-06-08T17:12:16","guid":{"rendered":"http:\/\/www.ifbaiano.edu.br\/unidades\/gmb\/?page_id=1942"},"modified":"2022-09-13T14:41:25","modified_gmt":"2022-09-13T17:41:25","slug":"equipe","status":"publish","type":"page","link":"https:\/\/www.ifbaiano.edu.br\/unidades\/gmb\/dde\/cge\/equipe\/","title":{"rendered":"Equipe T\u00e9cnica"},"content":{"rendered":"<h4><strong>Coordena\u00e7\u00e3o <\/strong><strong>de Ensino <\/strong>&#8211; <strong>\u00a0JOCEMARA NASCIMENTO DOS SANTOS<br \/>\n<\/strong><\/h4>\n<p><span style=\"color: #000080\"><strong><span style=\"color: #000000\">Coordena\u00e7\u00e3o de Assuntos Estudantis<\/span> <\/strong><\/span>&#8211; SILVIA FERNANDA SALES DOS SANTOS<\/p>\n<p><span style=\"color: #000080\"><span style=\"color: #000000\"><strong>Secretaria de Registros Acad\u00eamico<\/strong>s<\/span> &#8211;<\/span> VALMIR SILVA SANTOS ANDRADE<\/p>\n<h2 style=\"text-align: left\"><span style=\"color: #000080\"><strong>Coordena\u00e7\u00e3o de Curso<\/strong><\/span><\/h2>\n<p><span style=\"color: #000000\"><strong>Coordena\u00e7\u00e3o Curso de Inform\u00e1tica Integrado ao Ensino M\u00e9dio<\/strong> \u2013<\/span> MARILTON MIRANDA DE CERQUEIRA<\/p>\n<p><span style=\"color: #000000\"><strong>Coordena\u00e7\u00e3o Curso de Agroind\u00fastria Integrado ao Ensino M\u00e9dio<\/strong> <\/span>\u2013 ROSANE CARDOSO DIAS<\/p>\n<p><b>Coordena\u00e7\u00e3o Curso de <\/b><b>Agropecu\u00e1ria<\/b><b> Integrado ao Ensino M\u00e9dio &#8211; <\/b>SILVANA CARDOSO<\/p>\n<p><span style=\"color: #000080\"><strong><span style=\"color: #000000\">Coordena\u00e7\u00e3o Curso de Cozinha Integrado ao Ensino M\u00e9dio Modalidade PROEJA<\/span>\u00a0<\/strong><\/span> &#8211;<\/p>\n<p><span style=\"color: #000000\"><strong>Coordena\u00e7\u00e3o Curso Subsequente em Agropecu\u00e1ria<\/strong><\/span> &#8211; CARLOS ALAN<\/p>\n<p><span style=\"color: #000000\"><strong>Coordena\u00e7\u00e3o Curso Subsequente em Manuten\u00e7\u00e3o e Suporte em Inform\u00e1tica <\/strong><\/span>&#8211; ERINALDO SILVA<\/p>\n<p><span style=\"color: #000000\"><strong>Coordena\u00e7\u00e3o Curso Subsequente em Alimentos<\/strong><\/span> &#8211; EDILZA NASCIMENTO<\/p>\n<p><span style=\"color: #000080\"><strong><span style=\"color: #000000\">Coordena\u00e7\u00e3o EAD:<\/span> <\/strong><span style=\"color: #333333\">ERICA SHIMA<\/span><\/span><\/p>\n<p>Polo EAD Santo Estev\u00e3o &#8211;\u00a0 <span id=\"OBJ_PREFIX_DWT1175_com_zimbra_email\" class=\"Object\">polo.estevao@ead.ifbaiano.edu.br<\/span><\/p>\n<p>Polo EAD Muritiba &#8211;<\/p>\n<p>Polo EAD Governador Mangabeira &#8211; polo.mangabeira@ead.ifbaiano.edu.br<\/p>\n","protected":false},"excerpt":{"rendered":"<p>Coordena\u00e7\u00e3o de Ensino &#8211; \u00a0JOCEMARA NASCIMENTO DOS SANTOS Coordena\u00e7\u00e3o de Assuntos Estudantis &#8211; SILVIA FERNANDA SALES DOS SANTOS Secretaria de Registros Acad\u00eamicos &#8211; VALMIR SILVA SANTOS ANDRADE Coordena\u00e7\u00e3o de Curso Coordena\u00e7\u00e3o Curso de Inform\u00e1tica Integrado ao Ensino M\u00e9dio \u2013 MARILTON MIRANDA DE CERQUEIRA Coordena\u00e7\u00e3o Curso de Agroind\u00fastria Integrado ao Ensino M\u00e9dio \u2013 ROSANE CARDOSO DIAS [&hellip;]<\/p>\n","protected":false},"author":57,"featured_media":0,"parent":199,"menu_order":0,"comment_status":"open","ping_status":"open","template":"","meta":[],"_links":{"self":[{"href":"https:\/\/www.ifbaiano.edu.br\/unidades\/gmb\/wp-json\/wp\/v2\/pages\/1942"}],"collection":[{"href":"https:\/\/www.ifbaiano.edu.br\/unidades\/gmb\/wp-json\/wp\/v2\/pages"}],"about":[{"href":"https:\/\/www.ifbaiano.edu.br\/unidades\/gmb\/wp-json\/wp\/v2\/types\/page"}],"author":[{"embeddable":true,"href":"https:\/\/www.ifbaiano.edu.br\/unidades\/gmb\/wp-json\/wp\/v2\/users\/57"}],"replies":[{"embeddable":true,"href":"https:\/\/www.ifbaiano.edu.br\/unidades\/gmb\/wp-json\/wp\/v2\/comments?post=1942"}],"version-history":[{"count":29,"href":"https:\/\/www.ifbaiano.edu.br\/unidades\/gmb\/wp-json\/wp\/v2\/pages\/1942\/revisions"}],"predecessor-version":[{"id":8021,"href":"https:\/\/www.ifbaiano.edu.br\/unidades\/gmb\/wp-json\/wp\/v2\/pages\/1942\/revisions\/8021"}],"up":[{"embeddable":true,"href":"https:\/\/www.ifbaiano.edu.br\/unidades\/gmb\/wp-json\/wp\/v2\/pages\/199"}],"wp:attachment":[{"href":"https:\/\/www.ifbaiano.edu.br\/unidades\/gmb\/wp-json\/wp\/v2\/media?parent=1942"}],"curies":[{"name":"wp","href":"https:\/\/api.w.org\/{rel}","templated":true}]}}