{"id":1947,"date":"2015-06-08T17:56:12","date_gmt":"2015-06-08T17:56:12","guid":{"rendered":"http:\/\/www.ifbaiano.edu.br\/unidades\/gmb\/?page_id=1947"},"modified":"2022-06-06T18:38:51","modified_gmt":"2022-06-06T21:38:51","slug":"servicos-da-secretaria","status":"publish","type":"page","link":"https:\/\/www.ifbaiano.edu.br\/unidades\/gmb\/servicos-da-secretaria\/","title":{"rendered":"Servi\u00e7os da Secretaria"},"content":{"rendered":"\n<p>N\u00famero para contato :&nbsp;<\/p>\n\n\n\n<p><strong>&nbsp;(75) 9 83018269<\/strong><\/p>\n\n\n\n<figure class=\"wp-block-image size-full\"><a href=\"https:\/\/www.ifbaiano.edu.br\/unidades\/gmb\/files\/2020\/08\/ff.png\"><img decoding=\"async\" loading=\"lazy\" width=\"1049\" height=\"36\" src=\"https:\/\/www.ifbaiano.edu.br\/unidades\/gmb\/files\/2020\/08\/ff.png\" alt=\"\" class=\"wp-image-5500\" \/><\/a><\/figure>\n\n\n\n<div class=\"wp-block-columns is-layout-flex wp-container-3\">\n<div class=\"wp-block-column is-layout-flow\">\n<p><strong>DESCRI\u00c7\u00c3O DOS SERVI\u00c7OS DA SECRETARIA<\/strong><\/p>\n\n\n\n<p>A Secretaria de Registros Acad\u00eamicos &#8211; SRA oferece diversos servi\u00e7os ao longo do semestre, de acordo com as datas previstas no calend\u00e1rio acad\u00eamico. A seguir est\u00e3o apresentados alguns servi\u00e7os e processos que podem ser requeridos na SRA e encaminhados para deferimento aos setores competentes:<\/p>\n\n\n\n<p><strong><em>Matr\u00edcula<\/em><\/strong><\/p>\n\n\n\n<p>A matr\u00edcula \u00e9 o ato formal pelo qual se inicia a vincula\u00e7\u00e3o acad\u00eamica do estudante \u00e0 Institui\u00e7\u00e3o de Ensino. Ela pode ser efetuada pelo estudante, por seu respons\u00e1vel legal ou por procurador legalmente constitu\u00eddo. Para efetiva\u00e7\u00e3o da matr\u00edcula \u00e9 necess\u00e1rio a apresenta\u00e7\u00e3o de alguns documentos (<a href=\"http:\/\/www.ifbaiano.edu.br\/unidades\/gmb\/files\/2015\/06\/matricula.odt\">Clique Aqui<\/a> e confira a lista de documentos)<strong><em>Renova\u00e7\u00e3o de matr\u00edcula<\/em><\/strong> A matr\u00edcula dever\u00e1 ser renovada a cada novo per\u00edodo letivo, sendo que a n\u00e3o renova\u00e7\u00e3o da matr\u00edcula pelo estudante, sem justificativa legal, caracterizar\u00e1 o abandono do curso e consequente desvincula\u00e7\u00e3o da institui\u00e7\u00e3o. Para efetivar a renova\u00e7\u00e3o da matr\u00edcula, o estudante ou seu respons\u00e1vel dever\u00e1 se apresentar \u00e0 SRA portando o requerimento e a carteira de identidade. <strong><em>Mudan\u00e7a de turno<\/em><\/strong> O aluno poder\u00e1 requerer mudan\u00e7a de turno, desde que sejam atendidos os seguintes requisitos:<\/p>\n\n\n\n<ol><li>Exist\u00eancia de oferta do curso no turno requerido;<\/li><li>Exist\u00eancia de vaga;<\/li><li>Impossibilidade comprovada de frequentar as aulas no turno em que esteja matriculado por problemas de sa\u00fade, por motivo de trabalho ou por quest\u00e3o disciplinar ou pedag\u00f3gica.<\/li><\/ol>\n<\/div>\n\n\n\n<div class=\"wp-block-column is-layout-flow\">\n<p><strong><em>Trancamento de matr\u00edcula<\/em><\/strong> O trancamento da matr\u00edcula poder\u00e1 ser feito a requerimento do estudante, para interrup\u00e7\u00e3o tempor\u00e1ria dos estudos, respeitados o processo legal e os prazos estabelecidos no calend\u00e1rio acad\u00eamico. <strong><em>Aproveitamento de estudos<\/em><\/strong> O aproveitamento de estudos \u00e9 o processo de reconhecimento de componentes curriculares cursados com aprova\u00e7\u00e3o em cursos de EPTNM, desde que diretamente relacionados com o perfil profissional de conclus\u00e3o da respectiva habilita\u00e7\u00e3o profissional. Para esta solicita\u00e7\u00e3o, o estudante dever\u00e1 adotar os procedimentos a seguir:<\/p>\n\n\n\n<ol><li>Preencher na SRA formul\u00e1rio pr\u00f3prio, especificando o(s) componente(s) curricular(es) pretendido(s); e<\/li><li>Anexar os seguintes documentos devidamente autenticados e assinados pela Institui\u00e7\u00e3o de origem: Hist\u00f3rico Escolar e Plano de Curso da EPTNM, no qual est\u00e1 inserida a qualifica\u00e7\u00e3o, aprovado pelos \u00f3rg\u00e3os competentes do sistema de ensino, ou programa dos componentes curriculares cursados com aprova\u00e7\u00e3o, com registro de carga hor\u00e1ria total das aulas te\u00f3ricas e pr\u00e1ticas.<\/li><\/ol>\n\n\n\n<p><strong><em>Exerc\u00edcio domiciliar<\/em><\/strong> O exerc\u00edcio domiciliar corresponde a equival\u00eancia de estudos, por aus\u00eancia \u00e0s aulas, concedida ao estudante amparado pelo Decreto Lei n\u00ba 1.044\/69 e pela Lei n\u00ba 6.202\/75. Para requerer o exerc\u00edcio domiciliar, o estudante dever\u00e1 preencher formul\u00e1rio na SRA e instru\u00ed-lo com laudo m\u00e9dico que comprove uma das situa\u00e7\u00f5es estabelecidas pelo Decreto Lei n\u00ba 1.044\/69 e na Lei n\u00ba 6.202\/75. <strong><em>Revis\u00e3o de avalia\u00e7\u00e3o<\/em><\/strong> O estudante ter\u00e1 direito \u00e0 revis\u00e3o da avalia\u00e7\u00e3o, atrav\u00e9s de requerimento \u00e0 SRA, no prazo de at\u00e9 dois dias \u00fateis, ap\u00f3s a divulga\u00e7\u00e3o do resultado. <strong><em>Segunda chamada de avalia\u00e7\u00e3o<\/em><\/strong> O estudante que faltar a qualquer das avalia\u00e7\u00f5es da aprendizagem tem direito \u00e0 segunda chamada, quando requerido \u00e0 coordena\u00e7\u00e3o de Ensino, no prazo de at\u00e9 um dia \u00fatil, ap\u00f3s o t\u00e9rmino do afastamento, desde que comprove, atrav\u00e9s de documentos o motivo do afastamento. <strong><em>Requerimento<\/em><\/strong> Todas as solicita\u00e7\u00f5es dos alunos s\u00e3o feitas atrav\u00e9s de requerimento dispon\u00edvel na SRA ou no&nbsp;<em>site<\/em>. Devem ser preenchidos os campos de dados dos estudantes e solicita\u00e7\u00e3o realizada, bem como a apresenta\u00e7\u00e3o de justificativa no verso do requerimento. O aluno deve anexar ao requerimento documentos que comprovem, justifiquem ou expliquem, quando for o caso, os motivos da solicita\u00e7\u00e3o. <a href=\"http:\/\/www.ifbaiano.edu.br\/unidades\/gmb\/files\/2015\/06\/modelo-requerimento-sra.pdf\">MODELO DE REQUERIMENTO<\/a><\/p>\n<\/div>\n<\/div>\n\n\n<div>\n<\/div>\n<div>&nbsp;<\/div>\n<div>\n<\/div>\n<div>&nbsp;<\/div>","protected":false},"excerpt":{"rendered":"<p>N\u00famero para contato :&nbsp; &nbsp;(75) 9 83018269 DESCRI\u00c7\u00c3O DOS SERVI\u00c7OS DA SECRETARIA A Secretaria de Registros Acad\u00eamicos &#8211; SRA oferece diversos servi\u00e7os ao longo do semestre, de acordo com as datas previstas no calend\u00e1rio acad\u00eamico. A seguir est\u00e3o apresentados alguns servi\u00e7os e processos que podem ser requeridos na SRA e encaminhados para deferimento aos setores [&hellip;]<\/p>\n","protected":false},"author":57,"featured_media":0,"parent":0,"menu_order":0,"comment_status":"open","ping_status":"open","template":"","meta":[],"_links":{"self":[{"href":"https:\/\/www.ifbaiano.edu.br\/unidades\/gmb\/wp-json\/wp\/v2\/pages\/1947"}],"collection":[{"href":"https:\/\/www.ifbaiano.edu.br\/unidades\/gmb\/wp-json\/wp\/v2\/pages"}],"about":[{"href":"https:\/\/www.ifbaiano.edu.br\/unidades\/gmb\/wp-json\/wp\/v2\/types\/page"}],"author":[{"embeddable":true,"href":"https:\/\/www.ifbaiano.edu.br\/unidades\/gmb\/wp-json\/wp\/v2\/users\/57"}],"replies":[{"embeddable":true,"href":"https:\/\/www.ifbaiano.edu.br\/unidades\/gmb\/wp-json\/wp\/v2\/comments?post=1947"}],"version-history":[{"count":5,"href":"https:\/\/www.ifbaiano.edu.br\/unidades\/gmb\/wp-json\/wp\/v2\/pages\/1947\/revisions"}],"predecessor-version":[{"id":7838,"href":"https:\/\/www.ifbaiano.edu.br\/unidades\/gmb\/wp-json\/wp\/v2\/pages\/1947\/revisions\/7838"}],"wp:attachment":[{"href":"https:\/\/www.ifbaiano.edu.br\/unidades\/gmb\/wp-json\/wp\/v2\/media?parent=1947"}],"curies":[{"name":"wp","href":"https:\/\/api.w.org\/{rel}","templated":true}]}}