{"id":199,"date":"2012-11-29T13:53:21","date_gmt":"2012-11-29T13:53:21","guid":{"rendered":"http:\/\/www.ifbaiano.edu.br\/unidades\/gmb\/?page_id=199"},"modified":"2016-12-23T11:20:34","modified_gmt":"2016-12-23T14:20:34","slug":"cge","status":"publish","type":"page","link":"https:\/\/www.ifbaiano.edu.br\/unidades\/gmb\/dde\/cge\/","title":{"rendered":"Coordena\u00e7\u00e3o de Ensino"},"content":{"rendered":"<p><strong>Coordena\u00e7\u00e3o de Ensino<\/strong><\/p>\n<p style=\"text-align: left\">\u00c0 Coordena\u00e7\u00e3o de Ensino compete o assessoramento na elabora\u00e7\u00e3o e execu\u00e7\u00e3o de atividades relacionadas ao processo de ensino\/aprendizagem do Instituto Federal Baiano, C<em>ampus<\/em> Governador Mangabeira, a avalia\u00e7\u00e3o e o planejamento acad\u00eamico, bem como dar apoio \u00e0s atividades docentes da Institui\u00e7\u00e3o. Atrelada as a\u00e7\u00f5es da Coordena\u00e7\u00e3o de Extens\u00e3o e de Pesquisa, esta Coordena\u00e7\u00e3o prima por uma educa\u00e7\u00e3o integral e de qualidade.<\/p>\n<p><strong>Hor\u00e1rio das Aulas dos Cursos &#8211; campus Gov. Mangabeira<\/strong><\/p>\n<p><a href=\"http:\/\/www.ifbaiano.edu.br\/unidades\/gmb\/files\/2012\/11\/Horario-das-Aulas-GM.pdf\">Hor\u00e1rios das Aulas Campus &#8211; Gov. Mangabeira<\/a><\/p>\n<p><strong>Documentos Importantes:<\/strong><\/p>\n<p><a href=\"http:\/\/www.ifbaiano.edu.br\/unidades\/gmb\/files\/2012\/11\/MINUTA-REGULAMENTO-USO-DO-LABORATORIO-DE-INFORMATICA.pdf\">MINUTA REGULAMENTO USO DO LABORAT\u00d3RIO DE INFORM\u00c1TICA<\/a><\/p>\n<p><strong>Em breve<\/strong> dispon\u00edveis aqui os Projetos Pedag\u00f3gicos dos Cursos &#8211; PPC\u00b4s, em atendimento ao Memorando Circular N\u00ba 061\/2016 PROEN.<\/p>\n","protected":false},"excerpt":{"rendered":"<p>Coordena\u00e7\u00e3o de Ensino \u00c0 Coordena\u00e7\u00e3o de Ensino compete o assessoramento na elabora\u00e7\u00e3o e execu\u00e7\u00e3o de atividades relacionadas ao processo de ensino\/aprendizagem do Instituto Federal Baiano, Campus Governador Mangabeira, a avalia\u00e7\u00e3o e o planejamento acad\u00eamico, bem como dar apoio \u00e0s atividades docentes da Institui\u00e7\u00e3o. Atrelada as a\u00e7\u00f5es da Coordena\u00e7\u00e3o de Extens\u00e3o e de Pesquisa, esta Coordena\u00e7\u00e3o [&hellip;]<\/p>\n","protected":false},"author":37,"featured_media":0,"parent":229,"menu_order":0,"comment_status":"closed","ping_status":"closed","template":"","meta":[],"_links":{"self":[{"href":"https:\/\/www.ifbaiano.edu.br\/unidades\/gmb\/wp-json\/wp\/v2\/pages\/199"}],"collection":[{"href":"https:\/\/www.ifbaiano.edu.br\/unidades\/gmb\/wp-json\/wp\/v2\/pages"}],"about":[{"href":"https:\/\/www.ifbaiano.edu.br\/unidades\/gmb\/wp-json\/wp\/v2\/types\/page"}],"author":[{"embeddable":true,"href":"https:\/\/www.ifbaiano.edu.br\/unidades\/gmb\/wp-json\/wp\/v2\/users\/37"}],"replies":[{"embeddable":true,"href":"https:\/\/www.ifbaiano.edu.br\/unidades\/gmb\/wp-json\/wp\/v2\/comments?post=199"}],"version-history":[{"count":13,"href":"https:\/\/www.ifbaiano.edu.br\/unidades\/gmb\/wp-json\/wp\/v2\/pages\/199\/revisions"}],"predecessor-version":[{"id":4723,"href":"https:\/\/www.ifbaiano.edu.br\/unidades\/gmb\/wp-json\/wp\/v2\/pages\/199\/revisions\/4723"}],"up":[{"embeddable":true,"href":"https:\/\/www.ifbaiano.edu.br\/unidades\/gmb\/wp-json\/wp\/v2\/pages\/229"}],"wp:attachment":[{"href":"https:\/\/www.ifbaiano.edu.br\/unidades\/gmb\/wp-json\/wp\/v2\/media?parent=199"}],"curies":[{"name":"wp","href":"https:\/\/api.w.org\/{rel}","templated":true}]}}