{"id":20,"date":"2012-10-02T16:35:44","date_gmt":"2012-10-02T16:35:44","guid":{"rendered":"http:\/\/www.ifbaiano.edu.br\/unidades\/gmb\/?page_id=20"},"modified":"2016-12-23T10:50:17","modified_gmt":"2016-12-23T13:50:17","slug":"meio-ambiente","status":"publish","type":"page","link":"https:\/\/www.ifbaiano.edu.br\/unidades\/gmb\/meio-ambiente\/","title":{"rendered":"T\u00e9cnico em Meio Ambiente &#8211; EAD"},"content":{"rendered":"<p><strong>NOME DO CURSO<\/strong>: Curso T\u00e9cnico em Meio Ambiente \u2013 Modalidade EAD<\/p>\n<p>O curso ofertado pelo IF Baiano em parceria com o Instituto Federal do Paran\u00e1 possibilita que o aluno, ao conclu\u00ed-lo, esteja capacitado para atuar desenvolvendo as compet\u00eancias profissionais gerais do T\u00e9cnico em Meio Ambiente do eixo tecnol\u00f3gico de Ambiente, Sa\u00fade e Seguran\u00e7a, determinadas pelas Diretrizes Curriculares Nacionais para Educa\u00e7\u00e3o Profissional de N\u00edvel M\u00e9dio.<\/p>\n<p>A ser integralizado num per\u00edodo de 02 anos.<\/p>\n<p><strong>CIDADES ONDE AS AULAS S\u00c3O OFERECIDAS: <\/strong>Governador Mangabeira-BA<\/p>\n<p><strong>P\u00daBLICO ALVO:<\/strong> Alunos com Ensino M\u00e9dio conclu\u00eddo em quaisquer modalidades regulamentadas e reconhecidas pelo MEC.<\/p>\n<p><strong>MATRIZ CURRICULAR (Confira aqui)<br \/>\n<\/strong><\/p>\n<p><a href=\"http:\/\/www.ifbaiano.edu.br\/unidades\/gmb\/files\/2012\/10\/Meio-Ambiente.pdf\">Matriz Curricular do Curso T\u00e9cnico em Meio Ambiente<\/a><\/p>\n<p>&nbsp;<\/p>\n","protected":false},"excerpt":{"rendered":"<p>NOME DO CURSO: Curso T\u00e9cnico em Meio Ambiente \u2013 Modalidade EAD O curso ofertado pelo IF Baiano em parceria com o Instituto Federal do Paran\u00e1 possibilita que o aluno, ao conclu\u00ed-lo, esteja capacitado para atuar desenvolvendo as compet\u00eancias profissionais gerais do T\u00e9cnico em Meio Ambiente do eixo tecnol\u00f3gico de Ambiente, Sa\u00fade e Seguran\u00e7a, determinadas pelas [&hellip;]<\/p>\n","protected":false},"author":37,"featured_media":0,"parent":0,"menu_order":0,"comment_status":"closed","ping_status":"closed","template":"","meta":[],"_links":{"self":[{"href":"https:\/\/www.ifbaiano.edu.br\/unidades\/gmb\/wp-json\/wp\/v2\/pages\/20"}],"collection":[{"href":"https:\/\/www.ifbaiano.edu.br\/unidades\/gmb\/wp-json\/wp\/v2\/pages"}],"about":[{"href":"https:\/\/www.ifbaiano.edu.br\/unidades\/gmb\/wp-json\/wp\/v2\/types\/page"}],"author":[{"embeddable":true,"href":"https:\/\/www.ifbaiano.edu.br\/unidades\/gmb\/wp-json\/wp\/v2\/users\/37"}],"replies":[{"embeddable":true,"href":"https:\/\/www.ifbaiano.edu.br\/unidades\/gmb\/wp-json\/wp\/v2\/comments?post=20"}],"version-history":[{"count":8,"href":"https:\/\/www.ifbaiano.edu.br\/unidades\/gmb\/wp-json\/wp\/v2\/pages\/20\/revisions"}],"predecessor-version":[{"id":2823,"href":"https:\/\/www.ifbaiano.edu.br\/unidades\/gmb\/wp-json\/wp\/v2\/pages\/20\/revisions\/2823"}],"wp:attachment":[{"href":"https:\/\/www.ifbaiano.edu.br\/unidades\/gmb\/wp-json\/wp\/v2\/media?parent=20"}],"curies":[{"name":"wp","href":"https:\/\/api.w.org\/{rel}","templated":true}]}}