{"id":201,"date":"2012-11-29T13:53:49","date_gmt":"2012-11-29T13:53:49","guid":{"rendered":"http:\/\/www.ifbaiano.edu.br\/unidades\/gmb\/?page_id=201"},"modified":"2017-01-23T11:20:14","modified_gmt":"2017-01-23T14:20:14","slug":"cgae","status":"publish","type":"page","link":"https:\/\/www.ifbaiano.edu.br\/unidades\/gmb\/dde\/cgae\/","title":{"rendered":"Apoio ao Educando"},"content":{"rendered":"<p><strong>Coordena\u00e7\u00e3o de Apoio ao Educando<\/strong><\/p>\n<p>&nbsp;<\/p>\n<p>A Coordena\u00e7\u00e3o de Apoio ao Educando \u2013 CAE \u00e9 respons\u00e1vel por planejar, orientar, implementar, acompanhar e avaliar as atividades relacionadas a perman\u00eancia dos educandos no Campus, respeitando as regras de boa conviv\u00eancia e o regimento disciplinar da institui\u00e7\u00e3o.<\/p>\n<p>A CAE est\u00e1 vinculado diretamente \u00e0 Diretoria de Ensino \u2013 DE e desenvolve a\u00e7\u00f5es referentes \u00e1:<\/p>\n<p>1. ASSIST\u00caNCIA E INCLUS\u00c3O SOCIAL DO ESTUDANTE<\/p>\n<p>Desenvolve a\u00e7\u00f5es que visam apoiar os estudantes em sua perman\u00eancia no Campus durante o tempo de sua forma\u00e7\u00e3o acad\u00eamica. Benef\u00edcios destinados ao dicentes que percebam at\u00e9 um sal\u00e1rio m\u00ednimo e meio: Auxilio Moradia\/ Auxilio Alimenta\u00e7\u00e3o\/ Auxilio Material Acad\u00eamico\/ Auxilio Transporte\/ Auxilio Uniforme e Inclus\u00e3o Social do Discente.<\/p>\n<p>2. APOIO \u00c0 DIVERSIDADE E A\u00c7\u00d5ES AFIRMATIVAS<\/p>\n<p>Desenvolve Eventos, Campanhas, Semin\u00e1rios, Palestras afim de promover um espa\u00e7o de reflex\u00e3o e a\u00e7\u00f5es afirmativas referentes a diversidade (necessidades espec\u00edficas, etnia, g\u00eanero, orienta\u00e7\u00e3o sexual, etc). NAPNE (N\u00facleo de Apoio a Pessoas com Necessidades Espec\u00edficas)<\/p>\n<p>3.ASSIST\u00caNCIA INTEGRAL \u00c0 SA\u00daDE<\/p>\n<p>Promove o Atendimento m\u00e9dico, odontol\u00f3gico, psicol\u00f3gico, enfermagem e nutri\u00e7\u00e3o (atendimento direto aos discentes, campanhas de vacina\u00e7\u00e3o, doa\u00e7\u00e3o de sangue, risco das doen\u00e7as sexualmente transmiss\u00edveis, sa\u00fade bucal, higiene corporal e orienta\u00e7\u00e3o nutricional)<\/p>\n<p>4. ACOMPANHAMENTO PSICOSSOCIAL E PEDAG\u00d3GICO<\/p>\n<p>Promove atividades interdisciplinares preventiva e interventiva que promovam bem estar biopsicossocial e \/ ou melhoria no desempenho acad\u00eamico. Desenvolve atendimentos individuais e em grupo requeridos pelo pr\u00f3prio estudante, pelos docentes e\/ou pais. (A\u00e7\u00f5es de preven\u00e7\u00e3o ao uso de subst\u00e2ncias psicoativas e viol\u00eancia).<\/p>\n<p>5. INCENTIVO A CULTURA, ESPORTE E LAZER<\/p>\n<p>Apoia e incentiva a\u00e7\u00f5es art\u00edstico-culturais e Promove eventos esportivos e culturais<\/p>\n<p>6.INCENTIVO \u00c0 PARTICIPA\u00c7\u00c3O POL\u00cdTICO-ACAD\u00caMICA<\/p>\n<p>Fomenta a cria\u00e7\u00e3o de Gr\u00eamios, centros e diret\u00f3rios acad\u00eamicos. Bem como a participa\u00e7\u00e3o de estudantes em eventos de car\u00e1ter s\u00f3cio-pol\u00edtico.<\/p>\n<p>&nbsp;<\/p>\n<p><a href=\"http:\/\/www.ifbaiano.edu.br\/unidades\/gmb\/files\/2012\/11\/Regimento-interno-GMB-APROVADO.pdf\">Regimento Disciplinar Discente &#8211; GMB APROVADO<\/a><\/p>\n<p>&nbsp;<\/p>\n<p><strong>CONTATOS: <\/strong><\/p>\n<p>Cintia de Oliveira Santana (Coordena\u00e7\u00e3o) \u2013 Ramal: 3504<\/p>\n<p>Geldimily Suzane \u00a0de Santa Anna Lopes (Enfermeira)\u00a0\u2013 Ramal: 3509<\/p>\n<p>Jacione Jesus Ara\u00fajo<em> (<\/em>Assistente de Alunos) Ramal: 3504<\/p>\n<p>Silvia Fernanda Sales dos Santos\u00a0<em>(<\/em>Assistente de Alunos) Ramal: 3504<\/p>\n<p>Maria Asenate Concei\u00e7\u00e3o Franco (Assistente Social) Ramal: 3509<\/p>\n<p>Cristiane Oliveira<em> (<\/em>Nutricionista) \u2013 Ramal: 3510<\/p>\n<p>&nbsp;<\/p>\n<p>&nbsp;<\/p>\n","protected":false},"excerpt":{"rendered":"<p>Coordena\u00e7\u00e3o de Apoio ao Educando &nbsp; A Coordena\u00e7\u00e3o de Apoio ao Educando \u2013 CAE \u00e9 respons\u00e1vel por planejar, orientar, implementar, acompanhar e avaliar as atividades relacionadas a perman\u00eancia dos educandos no Campus, respeitando as regras de boa conviv\u00eancia e o regimento disciplinar da institui\u00e7\u00e3o. A CAE est\u00e1 vinculado diretamente \u00e0 Diretoria de Ensino \u2013 DE [&hellip;]<\/p>\n","protected":false},"author":37,"featured_media":0,"parent":229,"menu_order":0,"comment_status":"open","ping_status":"closed","template":"","meta":[],"_links":{"self":[{"href":"https:\/\/www.ifbaiano.edu.br\/unidades\/gmb\/wp-json\/wp\/v2\/pages\/201"}],"collection":[{"href":"https:\/\/www.ifbaiano.edu.br\/unidades\/gmb\/wp-json\/wp\/v2\/pages"}],"about":[{"href":"https:\/\/www.ifbaiano.edu.br\/unidades\/gmb\/wp-json\/wp\/v2\/types\/page"}],"author":[{"embeddable":true,"href":"https:\/\/www.ifbaiano.edu.br\/unidades\/gmb\/wp-json\/wp\/v2\/users\/37"}],"replies":[{"embeddable":true,"href":"https:\/\/www.ifbaiano.edu.br\/unidades\/gmb\/wp-json\/wp\/v2\/comments?post=201"}],"version-history":[{"count":17,"href":"https:\/\/www.ifbaiano.edu.br\/unidades\/gmb\/wp-json\/wp\/v2\/pages\/201\/revisions"}],"predecessor-version":[{"id":2955,"href":"https:\/\/www.ifbaiano.edu.br\/unidades\/gmb\/wp-json\/wp\/v2\/pages\/201\/revisions\/2955"}],"up":[{"embeddable":true,"href":"https:\/\/www.ifbaiano.edu.br\/unidades\/gmb\/wp-json\/wp\/v2\/pages\/229"}],"wp:attachment":[{"href":"https:\/\/www.ifbaiano.edu.br\/unidades\/gmb\/wp-json\/wp\/v2\/media?parent=201"}],"curies":[{"name":"wp","href":"https:\/\/api.w.org\/{rel}","templated":true}]}}