{"id":215,"date":"2012-11-29T14:00:06","date_gmt":"2012-11-29T14:00:06","guid":{"rendered":"http:\/\/www.ifbaiano.edu.br\/unidades\/gmb\/?page_id=215"},"modified":"2021-01-18T10:09:44","modified_gmt":"2021-01-18T13:09:44","slug":"napne","status":"publish","type":"page","link":"https:\/\/www.ifbaiano.edu.br\/unidades\/gmb\/dde\/cgae\/napne\/","title":{"rendered":"Pessoas com Necessidades Espec\u00edficas"},"content":{"rendered":"<p>O N\u00facleo de Atendimento \u00e0s Pessoas com Necessidades Espec\u00edficas &#8211; NAPNE tem por objetivo contribuir na implementa\u00e7\u00e3o de pol\u00edticas de acesso, perman\u00eancia e conclus\u00e3o com \u00eaxito dos alunos com necessidades espec\u00edficas e de atender esses alunos bem como aos seus professores.<\/p>\n<p>O NAPNE corresponde aos n\u00facleos de acessibilidade previsto no Decreto 7.611\/2011, mas suas atividades v\u00e3o al\u00e9m do atendimento especializado aos discentes, a\u00a0 atua\u00e7\u00e3o do N\u00facleo pauta-se na articula\u00e7\u00e3o entre o Ensino, a Pesquisa e a Extens\u00e3o. Dessa forma, al\u00e9m do ensino e das quest\u00f5es relacionadas a acessibilidades, o NAPNE tamb\u00e9m desenvolve atividades de extens\u00e3o e de pesquisa.<\/p>\n<p>O N\u00facleo de Atendimento a Pessoas com Necessidades Espec\u00edficas do Campus Governador Mangabeira, institu\u00eddo pela Portaria n\u00b0 33 de 13 de maio de 2016, \u00e9 constitu\u00eddo pelos servidores:Neide Pinto dos Santos\u00a0 Professor de Ensino B\u00e1sico, T\u00e9cnico e Tecnol\u00f3gico; Sandra oliveira Meneses\u00a0 &#8211; Tradutor Interprete de Ling. de Sinais;\u00a0 Maria Asenate Concei\u00e7\u00e3o Franco- Assistente Social e Luciene da Silva Santos-Pedagoga.<\/p>\n\n\n<p><\/p>\n","protected":false},"excerpt":{"rendered":"<p>O N\u00facleo de Atendimento \u00e0s Pessoas com Necessidades Espec\u00edficas &#8211; NAPNE tem por objetivo contribuir na implementa\u00e7\u00e3o de pol\u00edticas de acesso, perman\u00eancia e conclus\u00e3o com \u00eaxito dos alunos com necessidades espec\u00edficas e de atender esses alunos bem como aos seus professores. O NAPNE corresponde aos n\u00facleos de acessibilidade previsto no Decreto 7.611\/2011, mas suas atividades [&hellip;]<\/p>\n","protected":false},"author":37,"featured_media":0,"parent":201,"menu_order":0,"comment_status":"open","ping_status":"closed","template":"","meta":[],"_links":{"self":[{"href":"https:\/\/www.ifbaiano.edu.br\/unidades\/gmb\/wp-json\/wp\/v2\/pages\/215"}],"collection":[{"href":"https:\/\/www.ifbaiano.edu.br\/unidades\/gmb\/wp-json\/wp\/v2\/pages"}],"about":[{"href":"https:\/\/www.ifbaiano.edu.br\/unidades\/gmb\/wp-json\/wp\/v2\/types\/page"}],"author":[{"embeddable":true,"href":"https:\/\/www.ifbaiano.edu.br\/unidades\/gmb\/wp-json\/wp\/v2\/users\/37"}],"replies":[{"embeddable":true,"href":"https:\/\/www.ifbaiano.edu.br\/unidades\/gmb\/wp-json\/wp\/v2\/comments?post=215"}],"version-history":[{"count":6,"href":"https:\/\/www.ifbaiano.edu.br\/unidades\/gmb\/wp-json\/wp\/v2\/pages\/215\/revisions"}],"predecessor-version":[{"id":6296,"href":"https:\/\/www.ifbaiano.edu.br\/unidades\/gmb\/wp-json\/wp\/v2\/pages\/215\/revisions\/6296"}],"up":[{"embeddable":true,"href":"https:\/\/www.ifbaiano.edu.br\/unidades\/gmb\/wp-json\/wp\/v2\/pages\/201"}],"wp:attachment":[{"href":"https:\/\/www.ifbaiano.edu.br\/unidades\/gmb\/wp-json\/wp\/v2\/media?parent=215"}],"curies":[{"name":"wp","href":"https:\/\/api.w.org\/{rel}","templated":true}]}}