{"id":219,"date":"2012-11-29T14:07:04","date_gmt":"2012-11-29T14:07:04","guid":{"rendered":"http:\/\/www.ifbaiano.edu.br\/unidades\/gmb\/?page_id=219"},"modified":"2024-09-30T16:23:06","modified_gmt":"2024-09-30T19:23:06","slug":"biblioteca","status":"publish","type":"page","link":"https:\/\/www.ifbaiano.edu.br\/unidades\/gmb\/biblioteca-mangabeira\/biblioteca\/","title":{"rendered":"Apresenta\u00e7\u00e3o"},"content":{"rendered":"<p><strong>Apresenta\u00e7\u00e3o<\/strong><\/p>\n<p><strong><span style=\"font-family: Calibri,sans-serif\">Hist\u00f3rico da Biblioteca do Campus Gov<\/span><\/strong><strong><span style=\"font-family: Calibri,sans-serif\">. Mangabeira<\/span><\/strong><\/p>\n<p align=\"justify\"><span style=\"font-family: Calibri,sans-serif\">A Biblioteca do Instituto Federal de Educa\u00e7\u00e3o, Ci\u00eancia e Tecnologia \u2013 Campus Governador Mangabeira, fundada em 2011, tem por objetivo reunir, organizar, preservar e divulgar o acervo bibliogr\u00e1fico, formado por livros, peri\u00f3dicos e multim\u00eddias, al\u00e9m de ofertar servi\u00e7os com qualidade para a comunidade, disponibilizando acesso, consulta e recupera\u00e7\u00e3o da informa\u00e7\u00e3o. <\/span><\/p>\n<p><strong><span style=\"font-family: Calibri,sans-serif\">Miss\u00e3o da Biblioteca<\/span><\/strong><\/p>\n<p align=\"justify\"><span style=\"font-family: Calibri,sans-serif\">Promover o acesso \u00e0 informa\u00e7\u00e3o para toda a comunidade acad\u00eamica, de forma atualizada, oferecendo servi\u00e7os e produtos necess\u00e1rios ao desenvolvimento das atividades de ensino, pesquisa e extens\u00e3o.<\/span><\/p>\n<p align=\"left\"><strong><span style=\"font-family: Calibri,sans-serif\">Hor\u00e1rio de funcionamento<\/span><\/strong><\/p>\n<p align=\"left\"><span style=\"font-family: Calibri,sans-serif\">De <span id=\"OBJ_PREFIX_DWT135_com_zimbra_date\" class=\"Object\" role=\"link\">segunda<\/span>\u00a0a\u00a0<span id=\"OBJ_PREFIX_DWT136_com_zimbra_date\" class=\"Object\" role=\"link\">sexta<\/span>:<br \/>\n&#8211; Das 08h \u00e0s 12h;<br \/>\n&#8211; Das 13h \u00e0s 17h;<br \/>\n&#8211; Das 18h \u00e0s 20h30min<\/span><\/p>\n<p align=\"left\">\n","protected":false},"excerpt":{"rendered":"<p>Apresenta\u00e7\u00e3o Hist\u00f3rico da Biblioteca do Campus Gov. Mangabeira A Biblioteca do Instituto Federal de Educa\u00e7\u00e3o, Ci\u00eancia e Tecnologia \u2013 Campus Governador Mangabeira, fundada em 2011, tem por objetivo reunir, organizar, preservar e divulgar o acervo bibliogr\u00e1fico, formado por livros, peri\u00f3dicos e multim\u00eddias, al\u00e9m de ofertar servi\u00e7os com qualidade para a comunidade, disponibilizando acesso, consulta e [&hellip;]<\/p>\n","protected":false},"author":37,"featured_media":0,"parent":1823,"menu_order":0,"comment_status":"open","ping_status":"closed","template":"","meta":[],"_links":{"self":[{"href":"https:\/\/www.ifbaiano.edu.br\/unidades\/gmb\/wp-json\/wp\/v2\/pages\/219"}],"collection":[{"href":"https:\/\/www.ifbaiano.edu.br\/unidades\/gmb\/wp-json\/wp\/v2\/pages"}],"about":[{"href":"https:\/\/www.ifbaiano.edu.br\/unidades\/gmb\/wp-json\/wp\/v2\/types\/page"}],"author":[{"embeddable":true,"href":"https:\/\/www.ifbaiano.edu.br\/unidades\/gmb\/wp-json\/wp\/v2\/users\/37"}],"replies":[{"embeddable":true,"href":"https:\/\/www.ifbaiano.edu.br\/unidades\/gmb\/wp-json\/wp\/v2\/comments?post=219"}],"version-history":[{"count":10,"href":"https:\/\/www.ifbaiano.edu.br\/unidades\/gmb\/wp-json\/wp\/v2\/pages\/219\/revisions"}],"predecessor-version":[{"id":10307,"href":"https:\/\/www.ifbaiano.edu.br\/unidades\/gmb\/wp-json\/wp\/v2\/pages\/219\/revisions\/10307"}],"up":[{"embeddable":true,"href":"https:\/\/www.ifbaiano.edu.br\/unidades\/gmb\/wp-json\/wp\/v2\/pages\/1823"}],"wp:attachment":[{"href":"https:\/\/www.ifbaiano.edu.br\/unidades\/gmb\/wp-json\/wp\/v2\/media?parent=219"}],"curies":[{"name":"wp","href":"https:\/\/api.w.org\/{rel}","templated":true}]}}