{"id":226,"date":"2012-11-29T14:09:42","date_gmt":"2012-11-29T14:09:42","guid":{"rendered":"http:\/\/www.ifbaiano.edu.br\/unidades\/gmb\/?page_id=226"},"modified":"2020-08-06T17:29:39","modified_gmt":"2020-08-06T20:29:39","slug":"dap","status":"publish","type":"page","link":"https:\/\/www.ifbaiano.edu.br\/unidades\/gmb\/dap\/","title":{"rendered":"Dire\u00e7\u00e3o  Administrativa"},"content":{"rendered":"\n<figure class=\"wp-block-image size-large is-resized\"><img decoding=\"async\" loading=\"lazy\" src=\"https:\/\/www.ifbaiano.edu.br\/unidades\/gmb\/files\/2020\/08\/Sem-t\u00edtulo.png\" alt=\"\" class=\"wp-image-5431\" width=\"598\" height=\"178\" \/><\/figure>\n\n\n<p>Respons\u00e1vel por coordenar as atividades de Administra\u00e7\u00e3o e Planejamento do <em>Campus<\/em>, coordenando os setores de Licita\u00e7\u00f5es e Contratos, Financeiro, Cont\u00e1bil e Servi\u00e7o de Apoio; al\u00e9m de assessorar a Dire\u00e7\u00e3o Geral junto aos setores de Inform\u00e1tica, N\u00facleo de Apoio a Gest\u00e3o de Pessoas, Assessoria de Comunica\u00e7\u00e3o e demais setores da \u00e1rea Pedag\u00f3gica.<\/p>\n<p>Diretora Administrativa:<br \/><strong>Daiana Silva Mamona<\/strong><br \/>E-mail: daiana.mamona@ifbaiano.edu.br<\/p>\n<p><strong>Contato: <\/strong>(75) 9853-2847<\/p>\n<p><em>Fixo geral do Campus<\/em>: (75) 3638-3500 &#8211; ramal em instala\u00e7\u00e3o<\/p>","protected":false},"excerpt":{"rendered":"<p>Respons\u00e1vel por coordenar as atividades de Administra\u00e7\u00e3o e Planejamento do Campus, coordenando os setores de Licita\u00e7\u00f5es e Contratos, Financeiro, Cont\u00e1bil e Servi\u00e7o de Apoio; al\u00e9m de assessorar a Dire\u00e7\u00e3o Geral junto aos setores de Inform\u00e1tica, N\u00facleo de Apoio a Gest\u00e3o de Pessoas, Assessoria de Comunica\u00e7\u00e3o e demais setores da \u00e1rea Pedag\u00f3gica. Diretora Administrativa:Daiana Silva MamonaE-mail: [&hellip;]<\/p>\n","protected":false},"author":37,"featured_media":0,"parent":0,"menu_order":0,"comment_status":"open","ping_status":"closed","template":"","meta":[],"_links":{"self":[{"href":"https:\/\/www.ifbaiano.edu.br\/unidades\/gmb\/wp-json\/wp\/v2\/pages\/226"}],"collection":[{"href":"https:\/\/www.ifbaiano.edu.br\/unidades\/gmb\/wp-json\/wp\/v2\/pages"}],"about":[{"href":"https:\/\/www.ifbaiano.edu.br\/unidades\/gmb\/wp-json\/wp\/v2\/types\/page"}],"author":[{"embeddable":true,"href":"https:\/\/www.ifbaiano.edu.br\/unidades\/gmb\/wp-json\/wp\/v2\/users\/37"}],"replies":[{"embeddable":true,"href":"https:\/\/www.ifbaiano.edu.br\/unidades\/gmb\/wp-json\/wp\/v2\/comments?post=226"}],"version-history":[{"count":5,"href":"https:\/\/www.ifbaiano.edu.br\/unidades\/gmb\/wp-json\/wp\/v2\/pages\/226\/revisions"}],"predecessor-version":[{"id":5433,"href":"https:\/\/www.ifbaiano.edu.br\/unidades\/gmb\/wp-json\/wp\/v2\/pages\/226\/revisions\/5433"}],"wp:attachment":[{"href":"https:\/\/www.ifbaiano.edu.br\/unidades\/gmb\/wp-json\/wp\/v2\/media?parent=226"}],"curies":[{"name":"wp","href":"https:\/\/api.w.org\/{rel}","templated":true}]}}