{"id":273,"date":"2012-11-30T18:31:18","date_gmt":"2012-11-30T18:31:18","guid":{"rendered":"http:\/\/www.ifbaiano.edu.br\/unidades\/gmb\/?page_id=273"},"modified":"2015-06-08T18:00:50","modified_gmt":"2015-06-08T18:00:50","slug":"secretaria","status":"publish","type":"page","link":"https:\/\/www.ifbaiano.edu.br\/unidades\/gmb\/dde\/cge\/secretaria\/","title":{"rendered":"Secretaria"},"content":{"rendered":"<p>A Secretaria de Registros Acad\u00eamicos (SRA) \u00e9 um setor vinculado \u00e0 Diretoria de Desenvolvimento Educacional, respons\u00e1vel pelo registro, arquivamento e controle dos diversos documentos que integram a vida acad\u00eamica dos estudantes, desde o ingresso na institui\u00e7\u00e3o at\u00e9 a conclus\u00e3o do curso. Al\u00e9m disso, a SRA realiza atendimentos a professores e alunos, fornecendo informa\u00e7\u00f5es e encaminhando solicita\u00e7\u00f5es.<\/p>\n<p>&nbsp;<\/p>\n<p><strong>Hor\u00e1rio de funcionamento<\/strong><\/p>\n<p>Segunda-feira \u00e0 Sexta-feira:<\/p>\n<p>07h45min \u00a0\u00e0s 11h45min;<\/p>\n<p>13h00min; \u00e0s 17h00min;<\/p>\n<p>18h00min \u00e0s 22h00min.<\/p>\n<p>Aos s\u00e1bados: 08h00min \u00e0s 12h00min.<\/p>\n<p>&nbsp;<\/p>\n","protected":false},"excerpt":{"rendered":"<p>A Secretaria de Registros Acad\u00eamicos (SRA) \u00e9 um setor vinculado \u00e0 Diretoria de Desenvolvimento Educacional, respons\u00e1vel pelo registro, arquivamento e controle dos diversos documentos que integram a vida acad\u00eamica dos estudantes, desde o ingresso na institui\u00e7\u00e3o at\u00e9 a conclus\u00e3o do curso. Al\u00e9m disso, a SRA realiza atendimentos a professores e alunos, fornecendo informa\u00e7\u00f5es e encaminhando [&hellip;]<\/p>\n","protected":false},"author":37,"featured_media":0,"parent":199,"menu_order":0,"comment_status":"open","ping_status":"open","template":"","meta":[],"_links":{"self":[{"href":"https:\/\/www.ifbaiano.edu.br\/unidades\/gmb\/wp-json\/wp\/v2\/pages\/273"}],"collection":[{"href":"https:\/\/www.ifbaiano.edu.br\/unidades\/gmb\/wp-json\/wp\/v2\/pages"}],"about":[{"href":"https:\/\/www.ifbaiano.edu.br\/unidades\/gmb\/wp-json\/wp\/v2\/types\/page"}],"author":[{"embeddable":true,"href":"https:\/\/www.ifbaiano.edu.br\/unidades\/gmb\/wp-json\/wp\/v2\/users\/37"}],"replies":[{"embeddable":true,"href":"https:\/\/www.ifbaiano.edu.br\/unidades\/gmb\/wp-json\/wp\/v2\/comments?post=273"}],"version-history":[{"count":7,"href":"https:\/\/www.ifbaiano.edu.br\/unidades\/gmb\/wp-json\/wp\/v2\/pages\/273\/revisions"}],"predecessor-version":[{"id":1953,"href":"https:\/\/www.ifbaiano.edu.br\/unidades\/gmb\/wp-json\/wp\/v2\/pages\/273\/revisions\/1953"}],"up":[{"embeddable":true,"href":"https:\/\/www.ifbaiano.edu.br\/unidades\/gmb\/wp-json\/wp\/v2\/pages\/199"}],"wp:attachment":[{"href":"https:\/\/www.ifbaiano.edu.br\/unidades\/gmb\/wp-json\/wp\/v2\/media?parent=273"}],"curies":[{"name":"wp","href":"https:\/\/api.w.org\/{rel}","templated":true}]}}