{"id":2802,"date":"2016-12-23T10:14:51","date_gmt":"2016-12-23T13:14:51","guid":{"rendered":"http:\/\/www.ifbaiano.edu.br\/unidades\/gmb\/?page_id=2802"},"modified":"2019-08-28T16:33:47","modified_gmt":"2019-08-28T19:33:47","slug":"tecnico-integrado-em-informatica","status":"publish","type":"page","link":"https:\/\/www.ifbaiano.edu.br\/unidades\/gmb\/tecnico-integrado-em-informatica\/","title":{"rendered":"T\u00e9cnico Integrado em Inform\u00e1tica"},"content":{"rendered":"\n<div class=\"wp-block-image\"><figure class=\"aligncenter is-resized\"><img decoding=\"async\" loading=\"lazy\" src=\"http:\/\/www.ifbaiano.edu.br\/unidades\/gmb\/files\/2019\/08\/MO.png\" alt=\"\" class=\"wp-image-4706\" width=\"304\" height=\"305\" \/><\/figure><\/div>\n\n\n<p><strong>NOME DO CURSO<\/strong>: Curso T\u00e9cnico Integrado em Inform\u00e1tica\n<\/p>\n<p align=\"justify\">O Curso T\u00e9cnico Integrado em Inform\u00e1tica oferecido pelo IF Baiano \u2013 Campus Governador Mangabeira objetiva a forma\u00e7\u00e3o de profissionais em N\u00edvel M\u00e9dio para atuar no mundo do trabalho nas diversas \u00e1reas de inform\u00e1tica, com especificidade no desenvolvimento de programas computacionais, e o prosseguimento de estudos posteriores<\/p>\n<p align=\"justify\">Realizado de forma presencial, a ser integralizado num per\u00edodo de 03 a 05 anos.<\/p>\n<p>&nbsp;<\/p>\n<p><strong>P\u00daBLICO ALVO:<\/strong> estudantes que conclu\u00edram o Ensino Fundamental (9\u00ba ano).<\/p>\n<p>&nbsp;<\/p>\n<p><strong>PERFIL PROFISSIONAL<\/strong>:\n<\/p>\n<p align=\"justify\">O Curso T\u00e9cnico em Inform\u00e1tica tem como meta educacional formar profissionais \u00e9ticos, capazes de compreender a diversidade humana e ambiental, considerando o contexto social, econ\u00f4mico, cultural e os arranjos produtivos. Al\u00e9m disso, o Curso visa habilidades e compet\u00eancias para o desenvolvimento de programas de computador, seguindo as especifica\u00e7\u00f5es e paradigmas da l\u00f3gica de programa\u00e7\u00e3o e das linguagens de programa\u00e7\u00e3o, bem como utilizar ambiente de desenvolvimento de sistema, sistema operacionais e banco de dados, realiza\u00e7\u00e3o de testes de programas de computador, mantendo registros que possibilitem an\u00e1lise, refinamento dos resultados e manuten\u00e7\u00e3o de programas de computadores implantados.<\/p>\n<p>&nbsp;<\/p>\n<p><strong>PROJETO POL\u00cdTICO DO CURSO<\/strong><\/p>\n<p><a href=\"http:\/\/www.ifbaiano.edu.br\/unidades\/gmb\/files\/2016\/12\/MINUTA-PPC-Curso-Tecnico-Integrado-em-Informatica-APROVADO-COSUPE-RESOLUCAO-N-05-2016.pdf\">PPPC T\u00e9cnico Integrado em Inform\u00e1tica.<\/a><\/p>","protected":false},"excerpt":{"rendered":"<p>NOME DO CURSO: Curso T\u00e9cnico Integrado em Inform\u00e1tica O Curso T\u00e9cnico Integrado em Inform\u00e1tica oferecido pelo IF Baiano \u2013 Campus Governador Mangabeira objetiva a forma\u00e7\u00e3o de profissionais em N\u00edvel M\u00e9dio para atuar no mundo do trabalho nas diversas \u00e1reas de inform\u00e1tica, com especificidade no desenvolvimento de programas computacionais, e o prosseguimento de estudos posteriores Realizado [&hellip;]<\/p>\n","protected":false},"author":57,"featured_media":0,"parent":0,"menu_order":0,"comment_status":"closed","ping_status":"closed","template":"","meta":[],"_links":{"self":[{"href":"https:\/\/www.ifbaiano.edu.br\/unidades\/gmb\/wp-json\/wp\/v2\/pages\/2802"}],"collection":[{"href":"https:\/\/www.ifbaiano.edu.br\/unidades\/gmb\/wp-json\/wp\/v2\/pages"}],"about":[{"href":"https:\/\/www.ifbaiano.edu.br\/unidades\/gmb\/wp-json\/wp\/v2\/types\/page"}],"author":[{"embeddable":true,"href":"https:\/\/www.ifbaiano.edu.br\/unidades\/gmb\/wp-json\/wp\/v2\/users\/57"}],"replies":[{"embeddable":true,"href":"https:\/\/www.ifbaiano.edu.br\/unidades\/gmb\/wp-json\/wp\/v2\/comments?post=2802"}],"version-history":[{"count":6,"href":"https:\/\/www.ifbaiano.edu.br\/unidades\/gmb\/wp-json\/wp\/v2\/pages\/2802\/revisions"}],"predecessor-version":[{"id":4707,"href":"https:\/\/www.ifbaiano.edu.br\/unidades\/gmb\/wp-json\/wp\/v2\/pages\/2802\/revisions\/4707"}],"wp:attachment":[{"href":"https:\/\/www.ifbaiano.edu.br\/unidades\/gmb\/wp-json\/wp\/v2\/media?parent=2802"}],"curies":[{"name":"wp","href":"https:\/\/api.w.org\/{rel}","templated":true}]}}