{"id":2824,"date":"2016-12-23T11:08:51","date_gmt":"2016-12-23T14:08:51","guid":{"rendered":"http:\/\/www.ifbaiano.edu.br\/unidades\/gmb\/?page_id=2824"},"modified":"2016-12-23T11:16:00","modified_gmt":"2016-12-23T14:16:00","slug":"tecnico-em-secretaria-escolar-profuncionario","status":"publish","type":"page","link":"https:\/\/www.ifbaiano.edu.br\/unidades\/gmb\/tecnico-em-secretaria-escolar-profuncionario\/","title":{"rendered":"T\u00e9cnico em Secretaria Escolar \u2013 Profuncion\u00e1rio\/EaD"},"content":{"rendered":"<p><strong>NOME DO CURSO<\/strong>: T\u00e9cnico em Secretaria Escolar \u2013 Profuncion\u00e1rio\/EaD<\/p>\n<p align=\"justify\">Promover forma\u00e7\u00e3o profissional t\u00e9cnica para profissionais da educa\u00e7\u00e3o, que atuam em \u00e1reas de apoio \u00e0s atividades pedag\u00f3gicas e administrativas nas escolas p\u00fablicas de educa\u00e7\u00e3o b\u00e1sica, dando-lhes condi\u00e7\u00f5es para um entendimento da educa\u00e7\u00e3o e da escola como espa\u00e7os coletivos de forma\u00e7\u00e3o humana, de diversidade \u00e9tnica cultural, bem como de desenvolvimento de compet\u00eancias para atuar numa habilita\u00e7\u00e3o espec\u00edfica, sem perder a no\u00e7\u00e3o da totalidade da fun\u00e7\u00e3o social da educa\u00e7\u00e3o.<\/p>\n<p align=\"justify\">Realizado na modalidade \u00e0 dist\u00e2ncia, o curso deve ser integralizado em at\u00e9 02 anos.<\/p>\n<p><strong>P\u00daBLICO ALVO:<\/strong> Ter conclu\u00eddo o ensino m\u00e9dio.<\/p>\n<p><strong>PERFIL PROFISSIONAL<\/strong>:<\/p>\n<p align=\"justify\">Dever\u00e1 o egresso ser capaz, como cidad\u00e3o e como funcion\u00e1rio, de atender \u00e0s demandas da sociedade e do mercado de trabalho, atento \u00e0 humaniza\u00e7\u00e3o da sua identidade profissional. Credenciado como educador e gestor escolar, dever\u00e1 demonstrar, dentre outras, as capacidades de:<\/p>\n<p align=\"justify\">\u2022 Colaborar com a gest\u00e3o escolar, atuando na organiza\u00e7\u00e3o de registros escolares;<\/p>\n<p align=\"justify\">\u2022 Operacionalizar processos de matr\u00edcula e transfer\u00eancia de estudantes, de organiza\u00e7\u00e3o de turmas e de registro do hist\u00f3rico escolar dos estudantes;<\/p>\n<p align=\"justify\">\u2022 Controlar e organizar os arquivos com o registro da vida acad\u00eamica, processos de registros de conclus\u00e3o de cursos e cola\u00e7\u00e3o de grau;<\/p>\n<p align=\"justify\">\u2022Conhecer os principais elementos, fundamentos e princ\u00edpios de sua profiss\u00e3o;<\/p>\n<p align=\"justify\">\u2022Compreender as principais concep\u00e7\u00f5es de administra\u00e7\u00e3o e como essas ressoam no planejamento educacional escolar;<\/p>\n<p align=\"justify\">\u2022Conhecer e vivenciar a \u00e9tica e a transpar\u00eancia na educa\u00e7\u00e3o p\u00fablica;<\/p>\n<p align=\"justify\">\u2022Compreender a unidade escolar como parte de um complexo educacional ligada a redes e sistemas de ensino;<\/p>\n<p align=\"justify\">\u2022 Dominar os fundamentos da gest\u00e3o curricular, gest\u00e3o administrativa e gest\u00e3o financeira da unidade escolar;<\/p>\n<p align=\"justify\">\u2022 Compreender os princ\u00edpios da gest\u00e3o democr\u00e1tica;<\/p>\n<p align=\"justify\">\u2022Compreender, analisar, participar na elabora\u00e7\u00e3o, refletir e vivenciar o projeto pol\u00edtico-pedag\u00f3gico da escola;<\/p>\n<p align=\"justify\">\u2022Dominar, analisar, fazendo rela\u00e7\u00f5es e media\u00e7\u00f5es entre as normas emanadas dos Conselhos de Educa\u00e7\u00e3o e o regimento escolar;<\/p>\n<p align=\"justify\">\u2022 Conhecer os fundamentos da contabilidade p\u00fablica nos aspectos relacionados com o financiamento da educa\u00e7\u00e3o, contabilidade da escola e da rede escolar;<\/p>\n<p align=\"justify\">\u2022Compreender e fazer rela\u00e7\u00f5es entre estat\u00edstica e planejamento, estat\u00edstica e avalia\u00e7\u00e3o, estat\u00edstica e gest\u00e3o, estat\u00edstica e financiamento da educa\u00e7\u00e3o;<\/p>\n<p align=\"justify\">\u2022 Compreender a sociedade, sua g\u00eanese e transforma\u00e7\u00e3o e os m\u00faltiplos fatores que nela interv\u00eam como produtos da a\u00e7\u00e3o humana e do seu papel como agente social;<\/p>\n<p align=\"justify\">\u2022Conhecer e aplicar normas de sustentabilidade ambiental, respeitando o meio ambiente e entendendo a sociedade como uma constru\u00e7\u00e3o humana dotada de tempo, espa\u00e7o e hist\u00f3ria;<\/p>\n<p align=\"justify\">\u2022Ter atitude \u00e9tica no trabalho e no conv\u00edvio social, compreender os processos de socializa\u00e7\u00e3o humana em \u00e2mbito coletivo e perceber-se como agente social que interv\u00e9m na realidade;<\/p>\n<p align=\"justify\">\u2022 Ter iniciativa, criatividade, autonomia, responsabilidade, saber trabalhar em equipe, exercer lideran\u00e7a e ter capacidade empreendedora;<\/p>\n<p align=\"justify\">\u2022Posicionar-se, \u00e9tica e criticamente, frente \u00e0s inova\u00e7\u00f5es tecnol\u00f3gicas, avaliando seu impacto no desenvolvimento e na constru\u00e7\u00e3o da sociedade.<\/p>\n<p><strong>PROJETO POL\u00cdTICO DO CURSO (Veja a Minuta aqui)<br \/>\n<\/strong><\/p>\n<p><a href=\"http:\/\/www.ifbaiano.edu.br\/unidades\/gmb\/files\/2016\/12\/PPPC-secretaria-escolar-profuncionario-ead.pdf\">PPPC T\u00e9cnico em Secretaria Escolar &#8211; PROFUNCIO\u00c1RIO\/EaD<\/a><\/p>\n<p>&nbsp;<\/p>\n","protected":false},"excerpt":{"rendered":"<p>NOME DO CURSO: T\u00e9cnico em Secretaria Escolar \u2013 Profuncion\u00e1rio\/EaD Promover forma\u00e7\u00e3o profissional t\u00e9cnica para profissionais da educa\u00e7\u00e3o, que atuam em \u00e1reas de apoio \u00e0s atividades pedag\u00f3gicas e administrativas nas escolas p\u00fablicas de educa\u00e7\u00e3o b\u00e1sica, dando-lhes condi\u00e7\u00f5es para um entendimento da educa\u00e7\u00e3o e da escola como espa\u00e7os coletivos de forma\u00e7\u00e3o humana, de diversidade \u00e9tnica cultural, bem [&hellip;]<\/p>\n","protected":false},"author":57,"featured_media":0,"parent":0,"menu_order":0,"comment_status":"closed","ping_status":"closed","template":"","meta":[],"_links":{"self":[{"href":"https:\/\/www.ifbaiano.edu.br\/unidades\/gmb\/wp-json\/wp\/v2\/pages\/2824"}],"collection":[{"href":"https:\/\/www.ifbaiano.edu.br\/unidades\/gmb\/wp-json\/wp\/v2\/pages"}],"about":[{"href":"https:\/\/www.ifbaiano.edu.br\/unidades\/gmb\/wp-json\/wp\/v2\/types\/page"}],"author":[{"embeddable":true,"href":"https:\/\/www.ifbaiano.edu.br\/unidades\/gmb\/wp-json\/wp\/v2\/users\/57"}],"replies":[{"embeddable":true,"href":"https:\/\/www.ifbaiano.edu.br\/unidades\/gmb\/wp-json\/wp\/v2\/comments?post=2824"}],"version-history":[{"count":2,"href":"https:\/\/www.ifbaiano.edu.br\/unidades\/gmb\/wp-json\/wp\/v2\/pages\/2824\/revisions"}],"predecessor-version":[{"id":2833,"href":"https:\/\/www.ifbaiano.edu.br\/unidades\/gmb\/wp-json\/wp\/v2\/pages\/2824\/revisions\/2833"}],"wp:attachment":[{"href":"https:\/\/www.ifbaiano.edu.br\/unidades\/gmb\/wp-json\/wp\/v2\/media?parent=2824"}],"curies":[{"name":"wp","href":"https:\/\/api.w.org\/{rel}","templated":true}]}}