{"id":289,"date":"2012-12-06T16:20:20","date_gmt":"2012-12-06T16:20:20","guid":{"rendered":"http:\/\/www.ifbaiano.edu.br\/unidades\/gmb\/?page_id=289"},"modified":"2017-01-20T08:27:17","modified_gmt":"2017-01-20T11:27:17","slug":"assistencia-estudantil","status":"publish","type":"page","link":"https:\/\/www.ifbaiano.edu.br\/unidades\/gmb\/dde\/cgae\/assistencia-estudantil\/","title":{"rendered":"Assist\u00eancia Estudantil"},"content":{"rendered":"<ul>\n<li>\n<p align=\"JUSTIFY\"><span style=\"font-family: Arial, sans-serif\"><span style=\"font-size: small\"><strong>O que \u00e9?<\/strong><\/span><\/span><\/p>\n<p align=\"JUSTIFY\"><span style=\"font-family: Arial, sans-serif\"><span style=\"font-size: small\">Conjunto de princ\u00edpios norteadores para o desenvolvimento de programas e linhas de a\u00e7\u00f5es que favore\u00e7am a democratiza\u00e7\u00e3o do acesso, perman\u00eancia e \u00eaxito no processo formativo, bem como a inser\u00e7\u00e3o socioprofissional do estudante em situa\u00e7\u00e3o de vulnerabilidade socioecon\u00f4mica,<\/span><\/span><span style=\"font-family: Arial, sans-serif\"><span style=\"font-size: small\">ao fortalecimento da cidadania, \u00e0 otimiza\u00e7\u00e3o do desempenho acad\u00eamico e ao bem estar biopsicossocial.<\/span><\/span><\/p>\n<\/li>\n<\/ul>\n<ul>\n<li>\n<p align=\"JUSTIFY\"><span style=\"font-family: Arial, sans-serif\"><span style=\"font-size: small\"><strong>Amparo Legal:<\/strong><\/span><\/span><\/p>\n<p align=\"JUSTIFY\"><span style=\"font-family: Arial, sans-serif\"><span style=\"font-size: small\">Decreto 7.234, de 19 de julho de 2010, no qual foram estabelecidos os princ\u00edpios e objetivos que atendem aos sujeitos assistidos, expressos em seu artigo 1\u00ba que: \u201ctem como finalidade ampliar as condi\u00e7\u00f5es de perman\u00eancia dos jovens na educa\u00e7\u00e3o superior p\u00fablica federal\u201d, <\/span><\/span><span style=\"font-family: Arial, sans-serif\"><span style=\"font-size: small\"><em><strong>incluindo os IF.<\/strong><\/em><\/span><\/span><\/p>\n<p align=\"JUSTIFY\"><span style=\"font-family: Arial, sans-serif\"><span style=\"font-size: small\"><em><strong><br \/>\n<\/strong><\/em><\/span><\/span><\/p>\n<\/li>\n<\/ul>\n<p align=\"JUSTIFY\"><span style=\"font-family: Arial, sans-serif\"><span style=\"font-size: small\"><strong>PROGRAMA DE ASSIST\u00caNCIA E INCLUS\u00c3O SOCIAL DO ESTUDANTE- PAISE<\/strong><\/span><\/span><\/p>\n<p align=\"JUSTIFY\"><span style=\"font-family: Arial, sans-serif\"><span style=\"font-size: small\">Este Programa vem sendo implementado no Campus Governador Mangabeira desde agosto de 2011. \u00c9 destinado aos discentes regularmente matriculados e que atenda aos crit\u00e9rios previamente estabelecidos no Edital que estabelece normas e crit\u00e9rios para sele\u00e7\u00e3o de estudantes devidamente inscritos nos aux\u00edlios oferecidos. Tem como objetivo propiciar mecanismos que auxiliem na garantia a perman\u00eancia dos contemplados de estudantes durante os anos da forma\u00e7\u00e3o acad\u00eamica no <\/span><\/span><span style=\"font-family: Arial, sans-serif\"><span style=\"font-size: small\"><em>campus<\/em><\/span><\/span><span style=\"font-family: Arial, sans-serif\"><span style=\"font-size: small\">.<\/span><\/span><\/p>\n<p align=\"JUSTIFY\"><span style=\"font-family: Arial, sans-serif\"><span style=\"font-size: small\"><strong>Aux\u00edlios disponibilizados pelo PAISE deste CAMPUS:<\/strong><\/span><\/span><\/p>\n<ul>\n<li>\n<p align=\"JUSTIFY\"><span style=\"font-family: Arial, sans-serif\"><span style=\"font-size: small\">Aux\u00edlio perman\u00eancia<\/span><\/span><\/p>\n<\/li>\n<li>\n<p align=\"JUSTIFY\"><span style=\"font-family: Arial, sans-serif\"><span style=\"font-size: small\">Aux\u00edlio transporte<\/span><\/span><\/p>\n<\/li>\n<li>\n<p align=\"JUSTIFY\"><span style=\"font-family: Arial, sans-serif\"><span style=\"font-size: small\">Aux\u00edlio uniforme<\/span><\/span><\/p>\n<\/li>\n<\/ul>\n<p align=\"JUSTIFY\"><span style=\"font-family: Arial, sans-serif\"><span style=\"font-size: small\"><strong>CONDICIONALIDADES\/PERMAN\u00caNCIA<\/strong><\/span><\/span><span style=\"font-family: Arial, sans-serif\"><span style=\"font-size: small\"><strong> NO PROGRAMA<\/strong><\/span><\/span><\/p>\n<ul>\n<li>\n<p align=\"JUSTIFY\"><span style=\"font-family: Arial, sans-serif\"><span style=\"font-size: small\">Matr\u00edcula regular;<\/span><\/span><\/p>\n<\/li>\n<li>\n<p align=\"JUSTIFY\"><span style=\"font-family: Arial, sans-serif\"><span style=\"font-size: small\">Possuir renda familiar per capita de at\u00e9 um sal\u00e1rio m\u00ednimo e meio vigente;<br \/>\n<\/span><\/span><\/p>\n<\/li>\n<li>\n<p align=\"JUSTIFY\"><span style=\"font-family: Arial, sans-serif\"><span style=\"font-size: small\">Frequ\u00eancia de 75% em cada componente curricular;<\/span><\/span><\/p>\n<\/li>\n<li>\n<p align=\"JUSTIFY\"><span style=\"font-family: Arial, sans-serif\"><span style=\"font-size: small\">Situa\u00e7\u00e3o de risco e vulnerabilidade social. <\/span><\/span><\/p>\n<\/li>\n<\/ul>\n<p align=\"JUSTIFY\"><span style=\"font-family: Arial, sans-serif\"><span style=\"font-size: small\"><strong>SETOR RESPONS\u00c1VEL PELA IMPLANTA\u00c7\u00c3O E MONITORAMENTO DA POL\u00cdTICA ESTUDANTIL:<\/strong><\/span><\/span><\/p>\n<p align=\"JUSTIFY\"><span style=\"font-family: Arial, sans-serif\"><span style=\"font-size: small\">CAE- Coordena\u00e7\u00e3o de Assuntos Estudantis<\/span><\/span><\/p>\n<p>&nbsp;<\/p>\n<p><strong>Confiram mais informa\u00e7\u00f5es e os documentos necess\u00e1rios abaixo:<\/strong><\/p>\n<p><a href=\"http:\/\/www.ifbaiano.edu.br\/unidades\/gmb\/files\/2012\/12\/politicaassistenciaestudantil.pdf\">Pol\u00edtica de Assist\u00eancia Estudantil<\/a><\/p>\n<p><a href=\"http:\/\/www.ifbaiano.edu.br\/unidades\/gmb\/files\/2012\/12\/Questionariosocioeconomico2013.pdf\">Question\u00e1rio Socioecon\u00f4mico 2013<\/a><\/p>\n<p><a href=\"http:\/\/www.ifbaiano.edu.br\/unidades\/gmb\/files\/2012\/12\/requerimentoeventual.pdf\">Requerimento Aux\u00edlio Eventual<\/a><\/p>\n","protected":false},"excerpt":{"rendered":"<p>O que \u00e9? Conjunto de princ\u00edpios norteadores para o desenvolvimento de programas e linhas de a\u00e7\u00f5es que favore\u00e7am a democratiza\u00e7\u00e3o do acesso, perman\u00eancia e \u00eaxito no processo formativo, bem como a inser\u00e7\u00e3o socioprofissional do estudante em situa\u00e7\u00e3o de vulnerabilidade socioecon\u00f4mica,ao fortalecimento da cidadania, \u00e0 otimiza\u00e7\u00e3o do desempenho acad\u00eamico e ao bem estar biopsicossocial. Amparo Legal: [&hellip;]<\/p>\n","protected":false},"author":37,"featured_media":0,"parent":201,"menu_order":0,"comment_status":"open","ping_status":"open","template":"","meta":[],"_links":{"self":[{"href":"https:\/\/www.ifbaiano.edu.br\/unidades\/gmb\/wp-json\/wp\/v2\/pages\/289"}],"collection":[{"href":"https:\/\/www.ifbaiano.edu.br\/unidades\/gmb\/wp-json\/wp\/v2\/pages"}],"about":[{"href":"https:\/\/www.ifbaiano.edu.br\/unidades\/gmb\/wp-json\/wp\/v2\/types\/page"}],"author":[{"embeddable":true,"href":"https:\/\/www.ifbaiano.edu.br\/unidades\/gmb\/wp-json\/wp\/v2\/users\/37"}],"replies":[{"embeddable":true,"href":"https:\/\/www.ifbaiano.edu.br\/unidades\/gmb\/wp-json\/wp\/v2\/comments?post=289"}],"version-history":[{"count":9,"href":"https:\/\/www.ifbaiano.edu.br\/unidades\/gmb\/wp-json\/wp\/v2\/pages\/289\/revisions"}],"predecessor-version":[{"id":2940,"href":"https:\/\/www.ifbaiano.edu.br\/unidades\/gmb\/wp-json\/wp\/v2\/pages\/289\/revisions\/2940"}],"up":[{"embeddable":true,"href":"https:\/\/www.ifbaiano.edu.br\/unidades\/gmb\/wp-json\/wp\/v2\/pages\/201"}],"wp:attachment":[{"href":"https:\/\/www.ifbaiano.edu.br\/unidades\/gmb\/wp-json\/wp\/v2\/media?parent=289"}],"curies":[{"name":"wp","href":"https:\/\/api.w.org\/{rel}","templated":true}]}}