{"id":2901,"date":"2017-01-18T15:36:55","date_gmt":"2017-01-18T18:36:55","guid":{"rendered":"http:\/\/www.ifbaiano.edu.br\/unidades\/gmb\/?page_id=2901"},"modified":"2019-10-08T10:58:55","modified_gmt":"2019-10-08T13:58:55","slug":"tecnico-subsequente-em-agropecuaria","status":"publish","type":"page","link":"https:\/\/www.ifbaiano.edu.br\/unidades\/gmb\/tecnico-subsequente-em-agropecuaria\/","title":{"rendered":"T\u00e9cnico em Agropecu\u00e1ria"},"content":{"rendered":"\n<div class=\"wp-block-image\"><figure class=\"aligncenter is-resized\"><img decoding=\"async\" loading=\"lazy\" src=\"http:\/\/www.ifbaiano.edu.br\/unidades\/gmb\/files\/2019\/08\/tecnico_em_agropecuaria-1.jpg__1000x0_q85_crop_subsampling-2-1.jpg\" alt=\"\" class=\"wp-image-4685\" width=\"245\" height=\"255\" \/><\/figure><\/div>\n\n\n<p><span style=\"font-family: Times New Roman,serif\"><span style=\"font-size: medium\">NOME DO CURSO: T\u00e9cnico de N\u00edvel M\u00e9dio em Agropecu\u00e1ria<\/span><\/span><\/p>\n<p align=\"justify\"><span style=\"font-family: Times New Roman,serif\"><span style=\"font-size: medium\">O curso T\u00e9cnico em Agropecu\u00e1ria busca promover o ensino t\u00e9cnico em Agropecu\u00e1ria de n\u00edvel m\u00e9dio com qualidade, alinhado aos avan\u00e7os tecnol\u00f3gicos, \u00e0 din\u00e2mica do mercado, capazes de atuar em diversos sistemas de produ\u00e7\u00e3o e de manejo local e regional, com vi\u00e9s agroecol\u00f3gico, comprometidos com o desenvolvimento econ\u00f4mico, social e ambiental.<\/span><\/span><\/p>\n<p><span style=\"font-family: Times New Roman,serif\"><span style=\"font-size: medium\">Realizado de forma presencial, a ser integralizado num per\u00edodo de 01 ano e seis meses a 03 anos.<\/span><\/span><\/p>\n<p align=\"justify\"><span style=\"font-family: Times New Roman,serif\"><span style=\"font-size: medium\">P\u00daBLICO ALVO: O p\u00fablico alvo para o Curso T\u00e9cnico de N\u00edvel M\u00e9dio em Agropecu\u00e1ria na modalidade subsequente, \u00e9 constitu\u00eddo por portadores de certificado de conclus\u00e3o do Ensino M\u00e9dio, conclu\u00eddo em quaisquer modalidades regulamentadas e reconhecidas pelo MEC. Al\u00e9m disso, o curso destina-se prioritariamente aos filhos de agricultores familiares que residem na zona rural.<\/span><\/span><\/p>\n<p align=\"justify\"><span style=\"font-family: Times New Roman,serif\"><span style=\"font-size: medium\">PERFIL PROFISSIONAL: os egressos do curso T\u00e9cnico em Agropecu\u00e1ria do Instituto Federal de Educa\u00e7\u00e3o, Ci\u00eancia e Tecnologia Baiano \u2013Campus Governador Mangabeira al\u00e9m de ser um profissional comprometido com o desenvolvimento social e econ\u00f4mico da regi\u00e3o, respeitando valores \u00e9ticos, morais, culturais, sociais e ecol\u00f3gicos; dever\u00e1 tamb\u00e9m desenvolver as seguintes compet\u00eancias:<\/span><\/span><\/p>\n<p align=\"justify\">\u2022 <span style=\"font-family: Times New Roman,serif\"><span style=\"font-size: medium\">Manejar de forma sustent\u00e1vel a fertilidade do solo e os recursos naturais;<\/span><\/span><\/p>\n<p align=\"justify\">\u2022 A<span style=\"font-family: Times New Roman,serif\"><span style=\"font-size: medium\">tuar como empreendedor e fomentador do associativismo e cooperativismo, contribuindo, dessa forma, para a melhoria da qualidade de vida dos agricultores familiares.<\/span><\/span><\/p>\n<p align=\"justify\">\u2022 <span style=\"font-family: Times New Roman,serif\"><span style=\"font-size: medium\">Planejar e executar projetos ligados a sistemas de irriga\u00e7\u00e3o e uso da \u00e1gua;<\/span><\/span><\/p>\n<p align=\"justify\">\u2022 <span style=\"font-family: Times New Roman,serif\"><span style=\"font-size: medium\">Selecionar, produzir e aplicar insumos (sementes, fertilizantes, defensivos, pastagens, concentrados, sal mineral, medicamentos e vacinas);<\/span><\/span><\/p>\n<p align=\"justify\">\u2022 <span style=\"font-family: Times New Roman,serif\"><span style=\"font-size: medium\">Desenvolver estrat\u00e9gias para reserva de alimenta\u00e7\u00e3o animal e \u00e1gua;<\/span><\/span><\/p>\n<p align=\"justify\">\u2022 <span style=\"font-family: Times New Roman,serif\"><span style=\"font-size: medium\">Realizar atividades de produ\u00e7\u00e3o de sementes e mudas, transplantio e plantio; colheita e p\u00f3s-colheita; trabalhos na \u00e1rea agroindustrial; <\/span><\/span><\/p>\n<p align=\"justify\">\u2022 <span style=\"font-family: Times New Roman,serif\"><span style=\"font-size: medium\">Operar m\u00e1quinas e equipamentos; <\/span><\/span><\/p>\n<p align=\"justify\">\u2022 <span style=\"font-family: Times New Roman,serif\"><span style=\"font-size: medium\">Manejar animais por categoria e finalidade (cria\u00e7\u00e3o, reprodu\u00e7\u00e3o, alimenta\u00e7\u00e3o e sanidade);<\/span><\/span><\/p>\n<p align=\"justify\">\u2022 <span style=\"font-family: Times New Roman,serif\"><span style=\"font-size: medium\">Realizar manejo integrado de pragas, doen\u00e7as e plantas espont\u00e2neas;<\/span><\/span><\/p>\n<p><span style=\"font-family: Times New Roman,serif\"><span style=\"font-size: medium\">MATRIZ CURRICULAR: (Ver p\u00e1gina 35-39 do PPC, abaixo)<\/span><\/span><\/p>\n<p><span style=\"font-family: Times New Roman,serif\"><span style=\"font-size: medium\">PROJETO POL\u00cdTICO DO CURSO (clique no link abaixo)<br \/><\/span><\/span><\/p>\n<p><span style=\"font-family: Times New Roman,serif\"><span style=\"font-size: medium\"><a href=\"http:\/\/www.ifbaiano.edu.br\/unidades\/gmb\/files\/2017\/01\/PPPC-tecnico-em-agropecuaria-subsequente.pdf\">PPC \u2013 Curso de Agropecu\u00e1ria<\/a><\/span><\/span><\/p>","protected":false},"excerpt":{"rendered":"<p>NOME DO CURSO: T\u00e9cnico de N\u00edvel M\u00e9dio em Agropecu\u00e1ria O curso T\u00e9cnico em Agropecu\u00e1ria busca promover o ensino t\u00e9cnico em Agropecu\u00e1ria de n\u00edvel m\u00e9dio com qualidade, alinhado aos avan\u00e7os tecnol\u00f3gicos, \u00e0 din\u00e2mica do mercado, capazes de atuar em diversos sistemas de produ\u00e7\u00e3o e de manejo local e regional, com vi\u00e9s agroecol\u00f3gico, comprometidos com o desenvolvimento [&hellip;]<\/p>\n","protected":false},"author":57,"featured_media":0,"parent":0,"menu_order":0,"comment_status":"closed","ping_status":"closed","template":"","meta":[],"_links":{"self":[{"href":"https:\/\/www.ifbaiano.edu.br\/unidades\/gmb\/wp-json\/wp\/v2\/pages\/2901"}],"collection":[{"href":"https:\/\/www.ifbaiano.edu.br\/unidades\/gmb\/wp-json\/wp\/v2\/pages"}],"about":[{"href":"https:\/\/www.ifbaiano.edu.br\/unidades\/gmb\/wp-json\/wp\/v2\/types\/page"}],"author":[{"embeddable":true,"href":"https:\/\/www.ifbaiano.edu.br\/unidades\/gmb\/wp-json\/wp\/v2\/users\/57"}],"replies":[{"embeddable":true,"href":"https:\/\/www.ifbaiano.edu.br\/unidades\/gmb\/wp-json\/wp\/v2\/comments?post=2901"}],"version-history":[{"count":6,"href":"https:\/\/www.ifbaiano.edu.br\/unidades\/gmb\/wp-json\/wp\/v2\/pages\/2901\/revisions"}],"predecessor-version":[{"id":4811,"href":"https:\/\/www.ifbaiano.edu.br\/unidades\/gmb\/wp-json\/wp\/v2\/pages\/2901\/revisions\/4811"}],"wp:attachment":[{"href":"https:\/\/www.ifbaiano.edu.br\/unidades\/gmb\/wp-json\/wp\/v2\/media?parent=2901"}],"curies":[{"name":"wp","href":"https:\/\/api.w.org\/{rel}","templated":true}]}}