{"id":2959,"date":"2017-01-24T14:24:10","date_gmt":"2017-01-24T17:24:10","guid":{"rendered":"http:\/\/www.ifbaiano.edu.br\/unidades\/gmb\/?page_id=2959"},"modified":"2022-04-12T10:27:44","modified_gmt":"2022-04-12T13:27:44","slug":"projetos-de-extensao","status":"publish","type":"page","link":"https:\/\/www.ifbaiano.edu.br\/unidades\/gmb\/projetos-de-extensao\/","title":{"rendered":"Projetos de Extens\u00e3o"},"content":{"rendered":"<h2>HOMOLOGA\u00c7\u00c3O DAS INSCRI\u00c7\u00d5ES \u2013 PROJETOS DE EXTENS\u00c3O, PESQUISA E INOVA\u00c7\u00c3O<\/h2>\n<p><a href=\"https:\/\/www.ifbaiano.edu.br\/unidades\/gmb\/files\/2022\/04\/HOMOLOGACAO-DAS-INSCRICOES-EDITAL-No-03-DE-2022-INTERNO.pdf\">Clique e conhe\u00e7a\u00a0<\/a><\/p>\n<p>____________________________________________________________<\/p>\n<p>\u00a0<\/p>\n<p>Conhe\u00e7a e participe dos Projetos de Extens\u00e3o do <em>Campus.<br \/><\/em><\/p>\n<p>Em andamento<a href=\"https:\/\/www.ifbaiano.edu.br\/unidades\/gmb\/files\/2020\/09\/Projetos-de-Extens\u00e3o-2020.pdf\"> Clique aqui e conhe\u00e7a<\/a><\/p>\n\n\n<figure class=\"wp-block-image is-resized\"><a href=\"https:\/\/www.ifbaiano.edu.br\/unidades\/gmb\/files\/2020\/09\/Sem-t\u00edtulogg.png\"><img decoding=\"async\" loading=\"lazy\" src=\"https:\/\/www.ifbaiano.edu.br\/unidades\/gmb\/files\/2020\/09\/Sem-t\u00edtulogg.png\" alt=\"\" class=\"wp-image-5607\" width=\"646\" height=\"398\" \/><\/a><\/figure>\n","protected":false},"excerpt":{"rendered":"<p>HOMOLOGA\u00c7\u00c3O DAS INSCRI\u00c7\u00d5ES \u2013 PROJETOS DE EXTENS\u00c3O, PESQUISA E INOVA\u00c7\u00c3O Clique e conhe\u00e7a\u00a0 ____________________________________________________________ \u00a0 Conhe\u00e7a e participe dos Projetos de Extens\u00e3o do Campus. Em andamento Clique aqui e conhe\u00e7a<\/p>\n","protected":false},"author":57,"featured_media":0,"parent":0,"menu_order":0,"comment_status":"closed","ping_status":"closed","template":"","meta":[],"_links":{"self":[{"href":"https:\/\/www.ifbaiano.edu.br\/unidades\/gmb\/wp-json\/wp\/v2\/pages\/2959"}],"collection":[{"href":"https:\/\/www.ifbaiano.edu.br\/unidades\/gmb\/wp-json\/wp\/v2\/pages"}],"about":[{"href":"https:\/\/www.ifbaiano.edu.br\/unidades\/gmb\/wp-json\/wp\/v2\/types\/page"}],"author":[{"embeddable":true,"href":"https:\/\/www.ifbaiano.edu.br\/unidades\/gmb\/wp-json\/wp\/v2\/users\/57"}],"replies":[{"embeddable":true,"href":"https:\/\/www.ifbaiano.edu.br\/unidades\/gmb\/wp-json\/wp\/v2\/comments?post=2959"}],"version-history":[{"count":9,"href":"https:\/\/www.ifbaiano.edu.br\/unidades\/gmb\/wp-json\/wp\/v2\/pages\/2959\/revisions"}],"predecessor-version":[{"id":7641,"href":"https:\/\/www.ifbaiano.edu.br\/unidades\/gmb\/wp-json\/wp\/v2\/pages\/2959\/revisions\/7641"}],"wp:attachment":[{"href":"https:\/\/www.ifbaiano.edu.br\/unidades\/gmb\/wp-json\/wp\/v2\/media?parent=2959"}],"curies":[{"name":"wp","href":"https:\/\/api.w.org\/{rel}","templated":true}]}}