{"id":2962,"date":"2017-01-24T14:25:12","date_gmt":"2017-01-24T17:25:12","guid":{"rendered":"http:\/\/www.ifbaiano.edu.br\/unidades\/gmb\/?page_id=2962"},"modified":"2022-04-12T10:17:00","modified_gmt":"2022-04-12T13:17:00","slug":"projetos-de-pesquisa","status":"publish","type":"page","link":"https:\/\/www.ifbaiano.edu.br\/unidades\/gmb\/projetos-de-pesquisa\/","title":{"rendered":"Projetos de Pesquisa"},"content":{"rendered":"\n<div class=\"wp-block-columns is-layout-flex wp-container-2\">\n<div class=\"wp-block-column is-layout-flow\">\n<h2 class=\"wp-block-heading\">HOMOLOGA\u00c7\u00c3O DAS INSCRI\u00c7\u00d5ES &#8211;  PROJETOS DE EXTENS\u00c3O, PESQUISA E INOVA\u00c7\u00c3O<\/h2>\n\n\n\n<p><a href=\"https:\/\/www.ifbaiano.edu.br\/unidades\/gmb\/files\/2022\/04\/HOMOLOGACAO-DAS-INSCRICOES-EDITAL-No-03-DE-2022-INTERNO.pdf\">Clique e conhe\u00e7a\u00a0<\/a><\/p>\n\n\n\n<p><\/p>\n\n\n\n<p>_______________________________________________________________________________________________<\/p>\n<\/div>\n<\/div>\n\n\n<p><\/p>\n<p>Conhe\u00e7a e participe dos Projetos de Pesquisa do <em>Campus.<\/em><\/p>\n<p> <\/p>\n<p>Projetos em andamento &#8211; <a href=\"https:\/\/www.ifbaiano.edu.br\/unidades\/gmb\/files\/2020\/09\/PROJETOS-DE-PESQUISA-2019-E-2020-ASCOM-RETRATO-PDF.pdf\">Clique e conhe\u00e7a\u00a0<\/a><\/p>\n<p><\/p>\n\n\n<figure class=\"wp-block-image size-large\"><img decoding=\"async\" loading=\"lazy\" width=\"744\" height=\"412\" src=\"https:\/\/www.ifbaiano.edu.br\/unidades\/gmb\/files\/2020\/09\/HV-1.png\" alt=\"\" class=\"wp-image-5617\" \/><\/figure>\n\n\n\n<div class=\"wp-block-columns is-layout-flex wp-container-3\"><\/div>\n","protected":false},"excerpt":{"rendered":"<p>HOMOLOGA\u00c7\u00c3O DAS INSCRI\u00c7\u00d5ES &#8211; PROJETOS DE EXTENS\u00c3O, PESQUISA E INOVA\u00c7\u00c3O Clique e conhe\u00e7a\u00a0 _______________________________________________________________________________________________ Conhe\u00e7a e participe dos Projetos de Pesquisa do Campus. Projetos em andamento &#8211; Clique e conhe\u00e7a\u00a0<\/p>\n","protected":false},"author":57,"featured_media":0,"parent":0,"menu_order":0,"comment_status":"closed","ping_status":"closed","template":"","meta":[],"_links":{"self":[{"href":"https:\/\/www.ifbaiano.edu.br\/unidades\/gmb\/wp-json\/wp\/v2\/pages\/2962"}],"collection":[{"href":"https:\/\/www.ifbaiano.edu.br\/unidades\/gmb\/wp-json\/wp\/v2\/pages"}],"about":[{"href":"https:\/\/www.ifbaiano.edu.br\/unidades\/gmb\/wp-json\/wp\/v2\/types\/page"}],"author":[{"embeddable":true,"href":"https:\/\/www.ifbaiano.edu.br\/unidades\/gmb\/wp-json\/wp\/v2\/users\/57"}],"replies":[{"embeddable":true,"href":"https:\/\/www.ifbaiano.edu.br\/unidades\/gmb\/wp-json\/wp\/v2\/comments?post=2962"}],"version-history":[{"count":12,"href":"https:\/\/www.ifbaiano.edu.br\/unidades\/gmb\/wp-json\/wp\/v2\/pages\/2962\/revisions"}],"predecessor-version":[{"id":7637,"href":"https:\/\/www.ifbaiano.edu.br\/unidades\/gmb\/wp-json\/wp\/v2\/pages\/2962\/revisions\/7637"}],"wp:attachment":[{"href":"https:\/\/www.ifbaiano.edu.br\/unidades\/gmb\/wp-json\/wp\/v2\/media?parent=2962"}],"curies":[{"name":"wp","href":"https:\/\/api.w.org\/{rel}","templated":true}]}}