{"id":3148,"date":"2017-04-18T08:07:44","date_gmt":"2017-04-18T11:07:44","guid":{"rendered":"http:\/\/www.ifbaiano.edu.br\/unidades\/gmb\/?page_id=3148"},"modified":"2017-04-18T08:28:04","modified_gmt":"2017-04-18T11:28:04","slug":"doacao-de-livros","status":"publish","type":"page","link":"https:\/\/www.ifbaiano.edu.br\/unidades\/gmb\/doacao-de-livros\/","title":{"rendered":"Doa\u00e7\u00e3o de Livros"},"content":{"rendered":"<p>Em caso de doa\u00e7\u00e3o, favor entregar os livros na biblioteca juntamente com formul\u00e1rio preenchido (<a href=\"http:\/\/www.ifbaiano.edu.br\/unidades\/gmb\/files\/2017\/04\/termo_doacao1.pdf\">Clique aqui para obter o formul\u00e1rio<\/a>)<\/p>\n","protected":false},"excerpt":{"rendered":"<p>Em caso de doa\u00e7\u00e3o, favor entregar os livros na biblioteca juntamente com formul\u00e1rio preenchido (Clique aqui para obter o formul\u00e1rio)<\/p>\n","protected":false},"author":57,"featured_media":0,"parent":0,"menu_order":0,"comment_status":"closed","ping_status":"closed","template":"","meta":[],"_links":{"self":[{"href":"https:\/\/www.ifbaiano.edu.br\/unidades\/gmb\/wp-json\/wp\/v2\/pages\/3148"}],"collection":[{"href":"https:\/\/www.ifbaiano.edu.br\/unidades\/gmb\/wp-json\/wp\/v2\/pages"}],"about":[{"href":"https:\/\/www.ifbaiano.edu.br\/unidades\/gmb\/wp-json\/wp\/v2\/types\/page"}],"author":[{"embeddable":true,"href":"https:\/\/www.ifbaiano.edu.br\/unidades\/gmb\/wp-json\/wp\/v2\/users\/57"}],"replies":[{"embeddable":true,"href":"https:\/\/www.ifbaiano.edu.br\/unidades\/gmb\/wp-json\/wp\/v2\/comments?post=3148"}],"version-history":[{"count":3,"href":"https:\/\/www.ifbaiano.edu.br\/unidades\/gmb\/wp-json\/wp\/v2\/pages\/3148\/revisions"}],"predecessor-version":[{"id":3154,"href":"https:\/\/www.ifbaiano.edu.br\/unidades\/gmb\/wp-json\/wp\/v2\/pages\/3148\/revisions\/3154"}],"wp:attachment":[{"href":"https:\/\/www.ifbaiano.edu.br\/unidades\/gmb\/wp-json\/wp\/v2\/media?parent=3148"}],"curies":[{"name":"wp","href":"https:\/\/api.w.org\/{rel}","templated":true}]}}