{"id":5,"date":"2012-10-02T16:20:28","date_gmt":"2012-10-02T16:20:28","guid":{"rendered":"http:\/\/www.ifbaiano.edu.br\/unidades\/gmb\/?page_id=5"},"modified":"2020-11-09T14:33:26","modified_gmt":"2020-11-09T17:33:26","slug":"historico-do-campus-governador-mangabeira","status":"publish","type":"page","link":"https:\/\/www.ifbaiano.edu.br\/unidades\/gmb\/historico-do-campus-governador-mangabeira\/","title":{"rendered":"Hist\u00f3rico"},"content":{"rendered":"<p><span style=\"font-size: large;color: #000000\">O Instituto Federal de Educa\u00e7\u00e3o, Ci\u00eancia e Tecnologia Baiano &#8211; Campus Governador Mangabeira foi criado em 01 de agosto de 2011 e est\u00e1 localizado na Regi\u00e3o do Rec\u00f4ncavo Sul da Bahia, a 119Km da capital da Bahia.<\/span><\/p>\n<p><span style=\"font-size: large;color: #000000\">A proposta Pol\u00edtico Pedag\u00f3gica do IF Baiano, Campus Governador Mangabeira, abrange a constru\u00e7\u00e3o do conhecimento, de modo a atender tanto \u00e0s demandas da sociedade, quanto \u00e0s especificidades da microrregi\u00e3o onde o Campus est\u00e1 inserido, composto pelos munic\u00edpios de Cabaceiras do Paraguassu, Cachoeira, Concei\u00e7\u00e3o da Feira, Cruz das Almas, Governador Mangabeira, Maragogipe, Muritiba, S\u00e3o F\u00e9lix, Sapea\u00e7u.<\/span><\/p>\n<p><span style=\"font-size: large;color: #000000\">NOSSA MISS\u00c3O \u00e9 oferecer educa\u00e7\u00e3o profissional de qualidade, p\u00fablica e gratuita; gradativamente em todos os n\u00edveis e modalidades, preparando pessoas para o pleno exerc\u00edcio da cidadania; contribuindo para o desenvolvimento social e econ\u00f4mico do munic\u00edpio, da regi\u00e3o e do pa\u00eds, atrav\u00e9s de a\u00e7\u00f5es de ensino, pesquisa e extens\u00e3o.<\/span><\/p>\n<p>\u00a0<\/p>\n\n\n<div class=\"wp-block-buttons is-layout-flex\">\n<div class=\"wp-block-button\"><a class=\"wp-block-button__link\" href=\"http:\/\/www.ifbaiano.edu.br\/unidades\/gmb\/files\/2012\/10\/PPP-Campus-Gov-mangabeira-RESOLUCAO-77-DE-14-DE-DEZEMBRO-DE-2016.pdf\">CONHE\u00c7A NOSSO PROJETO POL\u00cdTICO PEDAG\u00d3GICO<\/a><\/div>\n<\/div>\n\n\n\n<p><br><\/p>\n\n\n\n<p><\/p>\n\n\n\n<figure class=\"wp-block-image size-large is-style-rounded\"><img decoding=\"async\" loading=\"lazy\" width=\"599\" height=\"595\" src=\"https:\/\/www.ifbaiano.edu.br\/unidades\/gmb\/files\/2019\/01\/Campus-aerea.png\" alt=\"\" class=\"wp-image-3960\" \/><\/figure>\n","protected":false},"excerpt":{"rendered":"<p>O Instituto Federal de Educa\u00e7\u00e3o, Ci\u00eancia e Tecnologia Baiano &#8211; Campus Governador Mangabeira foi criado em 01 de agosto de 2011 e est\u00e1 localizado na Regi\u00e3o do Rec\u00f4ncavo Sul da Bahia, a 119Km da capital da Bahia. A proposta Pol\u00edtico Pedag\u00f3gica do IF Baiano, Campus Governador Mangabeira, abrange a constru\u00e7\u00e3o do conhecimento, de modo a [&hellip;]<\/p>\n","protected":false},"author":37,"featured_media":0,"parent":0,"menu_order":0,"comment_status":"open","ping_status":"open","template":"","meta":[],"_links":{"self":[{"href":"https:\/\/www.ifbaiano.edu.br\/unidades\/gmb\/wp-json\/wp\/v2\/pages\/5"}],"collection":[{"href":"https:\/\/www.ifbaiano.edu.br\/unidades\/gmb\/wp-json\/wp\/v2\/pages"}],"about":[{"href":"https:\/\/www.ifbaiano.edu.br\/unidades\/gmb\/wp-json\/wp\/v2\/types\/page"}],"author":[{"embeddable":true,"href":"https:\/\/www.ifbaiano.edu.br\/unidades\/gmb\/wp-json\/wp\/v2\/users\/37"}],"replies":[{"embeddable":true,"href":"https:\/\/www.ifbaiano.edu.br\/unidades\/gmb\/wp-json\/wp\/v2\/comments?post=5"}],"version-history":[{"count":20,"href":"https:\/\/www.ifbaiano.edu.br\/unidades\/gmb\/wp-json\/wp\/v2\/pages\/5\/revisions"}],"predecessor-version":[{"id":6073,"href":"https:\/\/www.ifbaiano.edu.br\/unidades\/gmb\/wp-json\/wp\/v2\/pages\/5\/revisions\/6073"}],"wp:attachment":[{"href":"https:\/\/www.ifbaiano.edu.br\/unidades\/gmb\/wp-json\/wp\/v2\/media?parent=5"}],"curies":[{"name":"wp","href":"https:\/\/api.w.org\/{rel}","templated":true}]}}