{"id":5658,"date":"2020-09-18T16:43:17","date_gmt":"2020-09-18T19:43:17","guid":{"rendered":"https:\/\/www.ifbaiano.edu.br\/unidades\/gmb\/?page_id=5658"},"modified":"2024-10-01T15:44:41","modified_gmt":"2024-10-01T18:44:41","slug":"documentos-institucionais","status":"publish","type":"page","link":"https:\/\/www.ifbaiano.edu.br\/unidades\/gmb\/documentos-institucionais\/","title":{"rendered":"ACERVO"},"content":{"rendered":"\n<p>Nosso acervo \u00e9 gerenciado pelo Sistema Pergamum. Clique no link abaixo para acessar nosso cat\u00e1logo online e pesquisar os t\u00edtulos dispon\u00edveis na biblioteca. Link do cat\u00e1logo online:\u00a0<a rel=\"noreferrer noopener\" href=\"https:\/\/pergamum.ifbaiano.edu.br\/\" target=\"_blank\">https:\/\/pergamum.ifbaiano.edu.br<\/a><\/p>\n","protected":false},"excerpt":{"rendered":"<p>Nosso acervo \u00e9 gerenciado pelo Sistema Pergamum. Clique no link abaixo para acessar nosso cat\u00e1logo online e pesquisar os t\u00edtulos dispon\u00edveis na biblioteca. Link do cat\u00e1logo online:\u00a0https:\/\/pergamum.ifbaiano.edu.br<\/p>\n","protected":false},"author":122,"featured_media":0,"parent":0,"menu_order":0,"comment_status":"closed","ping_status":"closed","template":"","meta":[],"_links":{"self":[{"href":"https:\/\/www.ifbaiano.edu.br\/unidades\/gmb\/wp-json\/wp\/v2\/pages\/5658"}],"collection":[{"href":"https:\/\/www.ifbaiano.edu.br\/unidades\/gmb\/wp-json\/wp\/v2\/pages"}],"about":[{"href":"https:\/\/www.ifbaiano.edu.br\/unidades\/gmb\/wp-json\/wp\/v2\/types\/page"}],"author":[{"embeddable":true,"href":"https:\/\/www.ifbaiano.edu.br\/unidades\/gmb\/wp-json\/wp\/v2\/users\/122"}],"replies":[{"embeddable":true,"href":"https:\/\/www.ifbaiano.edu.br\/unidades\/gmb\/wp-json\/wp\/v2\/comments?post=5658"}],"version-history":[{"count":4,"href":"https:\/\/www.ifbaiano.edu.br\/unidades\/gmb\/wp-json\/wp\/v2\/pages\/5658\/revisions"}],"predecessor-version":[{"id":10329,"href":"https:\/\/www.ifbaiano.edu.br\/unidades\/gmb\/wp-json\/wp\/v2\/pages\/5658\/revisions\/10329"}],"wp:attachment":[{"href":"https:\/\/www.ifbaiano.edu.br\/unidades\/gmb\/wp-json\/wp\/v2\/media?parent=5658"}],"curies":[{"name":"wp","href":"https:\/\/api.w.org\/{rel}","templated":true}]}}