{"id":5955,"date":"2020-10-29T16:23:41","date_gmt":"2020-10-29T19:23:41","guid":{"rendered":"https:\/\/www.ifbaiano.edu.br\/unidades\/gmb\/?page_id=5955"},"modified":"2021-04-14T19:09:56","modified_gmt":"2021-04-14T22:09:56","slug":"agenda-da-diretora","status":"publish","type":"page","link":"https:\/\/www.ifbaiano.edu.br\/unidades\/gmb\/agenda-da-diretora\/","title":{"rendered":"AGENDA DA DIRETORA"},"content":{"rendered":"\n<p><br><\/p>\n\n\n\n<div class=\"wp-block-media-text alignwide has-media-on-the-right is-stacked-on-mobile\" style=\"grid-template-columns:auto 27%\"><figure class=\"wp-block-media-text__media\"><img decoding=\"async\" src=\"https:\/\/www.gov.br\/abcd\/pt-br\/acesso-a-informacao\/agenda-de-autoridades-1\/calendario-antidopagem\/@@images\/image\" alt=\"Agenda de Autoridades \u2014 Portugu\u00eas (Brasil)\" \/><\/figure><div class=\"wp-block-media-text__content\">\n<p class=\"has-large-font-size\"><\/p>\n\n\n\n<div class=\"wp-block-buttons is-layout-flex\">\n<div class=\"wp-block-button\"><a class=\"wp-block-button__link\" href=\"https:\/\/www.ifbaiano.edu.br\/unidades\/gmb\/files\/2021\/04\/AGENDA-ABRIL.pdf\">ABRIL\/2021<\/a><\/div>\n<\/div>\n<\/div><\/div>\n\n\n\n<div class=\"wp-block-buttons is-layout-flex\">\n<div class=\"wp-block-button\"><a class=\"wp-block-button__link\"><\/a><\/div>\n<\/div>\n\n\n\n<p><\/p>\n\n\n\n<p><\/p>\n\n\n\n<p><\/p>\n\n\n\n<p><\/p>\n\n\n\n<p><\/p>\n\n\n\n<p><\/p>\n\n\n\n<p>Consulte as&nbsp;<a rel=\"noreferrer noopener\" href=\"https:\/\/ifbaiano.edu.br\/portal\/wp-content\/uploads\/2020\/10\/orientacoes-agenda-de-compromissos-publicos-if-baiano.pdf\" target=\"_blank\">orienta\u00e7\u00f5es sobre a Agenda de Compromissos P\u00fablicos<\/a>.<\/p>\n","protected":false},"excerpt":{"rendered":"<p>Consulte as&nbsp;orienta\u00e7\u00f5es sobre a Agenda de Compromissos P\u00fablicos.<\/p>\n","protected":false},"author":74,"featured_media":0,"parent":0,"menu_order":0,"comment_status":"closed","ping_status":"closed","template":"","meta":[],"_links":{"self":[{"href":"https:\/\/www.ifbaiano.edu.br\/unidades\/gmb\/wp-json\/wp\/v2\/pages\/5955"}],"collection":[{"href":"https:\/\/www.ifbaiano.edu.br\/unidades\/gmb\/wp-json\/wp\/v2\/pages"}],"about":[{"href":"https:\/\/www.ifbaiano.edu.br\/unidades\/gmb\/wp-json\/wp\/v2\/types\/page"}],"author":[{"embeddable":true,"href":"https:\/\/www.ifbaiano.edu.br\/unidades\/gmb\/wp-json\/wp\/v2\/users\/74"}],"replies":[{"embeddable":true,"href":"https:\/\/www.ifbaiano.edu.br\/unidades\/gmb\/wp-json\/wp\/v2\/comments?post=5955"}],"version-history":[{"count":13,"href":"https:\/\/www.ifbaiano.edu.br\/unidades\/gmb\/wp-json\/wp\/v2\/pages\/5955\/revisions"}],"predecessor-version":[{"id":6416,"href":"https:\/\/www.ifbaiano.edu.br\/unidades\/gmb\/wp-json\/wp\/v2\/pages\/5955\/revisions\/6416"}],"wp:attachment":[{"href":"https:\/\/www.ifbaiano.edu.br\/unidades\/gmb\/wp-json\/wp\/v2\/media?parent=5955"}],"curies":[{"name":"wp","href":"https:\/\/api.w.org\/{rel}","templated":true}]}}