{"id":6045,"date":"2020-11-09T13:21:57","date_gmt":"2020-11-09T16:21:57","guid":{"rendered":"https:\/\/www.ifbaiano.edu.br\/unidades\/gmb\/?page_id=6045"},"modified":"2020-11-09T13:31:12","modified_gmt":"2020-11-09T16:31:12","slug":"projetos-de-pesquisa-e-extensao-2019","status":"publish","type":"page","link":"https:\/\/www.ifbaiano.edu.br\/unidades\/gmb\/projetos-de-pesquisa-e-extensao-2019\/","title":{"rendered":"PROJETOS DE PESQUISA E EXTENS\u00c3O &#8211; 2019"},"content":{"rendered":"\n<p> <\/p>\n\n\n\n<p class=\"has-text-align-left\"><strong>Programa Institucional de Bolsas de Inicia\u00e7\u00e3o Cient\u00edfica e de Extens\u00e3o\/IF BAIANO \u2013 Modalidade Ensino M\u00e9dio \u2013 Outubro de 2019. <\/strong><br><br>A Dire\u00e7\u00e3o Geral e as Coordena\u00e7\u00f5es de Pesquisa e Extens\u00e3o do Instituto Federal de Educa\u00e7\u00e3o, Ci\u00eancia e Tecnologia Baiano \u2013 Campus Governador Mangabeira, no uso de suas atribui\u00e7\u00f5es legais e baseada no Programa Institucional de Bolsas de Inicia\u00e7\u00e3o em Inicia\u00e7\u00e3o Cient\u00edfica do IF Baiano, &nbsp;torna p\u00fablica a presente Chamada e convida os interessados a apresentarem projetos de pesquisa e de extens\u00e3o, no \u00e2mbito do Programa Institucional de Bolsas de Inicia\u00e7\u00e3o Cient\u00edfica\/IF BAIANO \u2013 Modalidade Ensino M\u00e9dio, atrav\u00e9s da concess\u00e3o de cotas institucionais de bolsas de Inicia\u00e7\u00e3o Cient\u00edfica e de Extens\u00e3o.<\/p>\n\n\n\n<p><strong>DOCUMENTA\u00c7\u00c3O:<\/strong><br><br><a href=\"http:\/\/www.ifbaiano.edu.br\/unidades\/gmb\/files\/2019\/10\/minuta_final.pdf\">Chamada Interna de Pesquisa_Extens\u00e3o do Campus Governador Mangabeira n\u00b0130\/2019<\/a><br><a href=\"http:\/\/www.ifbaiano.edu.br\/unidades\/gmb\/files\/2019\/10\/Anexos_Pesquisa.odt\">Anexos_Pesquisa<\/a><br><a href=\"http:\/\/www.ifbaiano.edu.br\/unidades\/gmb\/files\/2019\/10\/Anexos-Extens%C3%A3o.doc\">Anexos_Extens\u00e3o<\/a><br><a href=\"http:\/\/www.ifbaiano.edu.br\/unidades\/gmb\/files\/2019\/10\/Formul%C3%A1rio_Relar%C3%B3rio_T%C3%A9cnicoParcial_Pesquisa.doc\">Formul\u00e1rio_Relar\u00f3rio_T\u00e9cnico Parcial_Pesquisa<\/a><br><a href=\"http:\/\/www.ifbaiano.edu.br\/unidades\/gmb\/files\/2019\/10\/Formul%C3%A1rio_Relat%C3%B3rioFinal_Pesquisa.doc\">Formul\u00e1rio_Relat\u00f3rio Final_Pesquisa<\/a><br><a href=\"http:\/\/www.ifbaiano.edu.br\/unidades\/gmb\/files\/2019\/10\/ANEXOS-\u00c1REAS-TEM\u00c1TICAS-DA-EXTENS\u00c3O.pdf\">\u00c1reas Tem\u00e1ticas da Extens\u00e3o<\/a><br><a href=\"http:\/\/www.ifbaiano.edu.br\/unidades\/gmb\/files\/2019\/10\/ANEXOS-LINHAS-DE-EXTENS\u00c3O.pdf\">Linhas de Extens\u00e3o<\/a><br><\/p>\n\n\n\n<p> <\/p>\n\n\n\n<p><a href=\"http:\/\/www.ifbaiano.edu.br\/unidades\/gmb\/files\/2019\/11\/resultado-final-130-2019-1.pdf\">RESULTADO FINAL<\/a><\/p>\n","protected":false},"excerpt":{"rendered":"<p>Programa Institucional de Bolsas de Inicia\u00e7\u00e3o Cient\u00edfica e de Extens\u00e3o\/IF BAIANO \u2013 Modalidade Ensino M\u00e9dio \u2013 Outubro de 2019. A Dire\u00e7\u00e3o Geral e as Coordena\u00e7\u00f5es de Pesquisa e Extens\u00e3o do Instituto Federal de Educa\u00e7\u00e3o, Ci\u00eancia e Tecnologia Baiano \u2013 Campus Governador Mangabeira, no uso de suas atribui\u00e7\u00f5es legais e baseada no Programa Institucional de Bolsas [&hellip;]<\/p>\n","protected":false},"author":122,"featured_media":0,"parent":0,"menu_order":0,"comment_status":"closed","ping_status":"closed","template":"","meta":[],"_links":{"self":[{"href":"https:\/\/www.ifbaiano.edu.br\/unidades\/gmb\/wp-json\/wp\/v2\/pages\/6045"}],"collection":[{"href":"https:\/\/www.ifbaiano.edu.br\/unidades\/gmb\/wp-json\/wp\/v2\/pages"}],"about":[{"href":"https:\/\/www.ifbaiano.edu.br\/unidades\/gmb\/wp-json\/wp\/v2\/types\/page"}],"author":[{"embeddable":true,"href":"https:\/\/www.ifbaiano.edu.br\/unidades\/gmb\/wp-json\/wp\/v2\/users\/122"}],"replies":[{"embeddable":true,"href":"https:\/\/www.ifbaiano.edu.br\/unidades\/gmb\/wp-json\/wp\/v2\/comments?post=6045"}],"version-history":[{"count":6,"href":"https:\/\/www.ifbaiano.edu.br\/unidades\/gmb\/wp-json\/wp\/v2\/pages\/6045\/revisions"}],"predecessor-version":[{"id":6051,"href":"https:\/\/www.ifbaiano.edu.br\/unidades\/gmb\/wp-json\/wp\/v2\/pages\/6045\/revisions\/6051"}],"wp:attachment":[{"href":"https:\/\/www.ifbaiano.edu.br\/unidades\/gmb\/wp-json\/wp\/v2\/media?parent=6045"}],"curies":[{"name":"wp","href":"https:\/\/api.w.org\/{rel}","templated":true}]}}