{"id":6362,"date":"2021-03-22T11:16:08","date_gmt":"2021-03-22T14:16:08","guid":{"rendered":"https:\/\/www.ifbaiano.edu.br\/unidades\/gmb\/?page_id=6362"},"modified":"2021-03-22T11:22:57","modified_gmt":"2021-03-22T14:22:57","slug":"curso-de-pos-graduacao-em-latu-sensu-em-linguagens-producao-textual-e-estudos-culturais-lptec","status":"publish","type":"page","link":"https:\/\/www.ifbaiano.edu.br\/unidades\/gmb\/curso-de-pos-graduacao-em-latu-sensu-em-linguagens-producao-textual-e-estudos-culturais-lptec\/","title":{"rendered":"Linguagens, Produ\u00e7\u00e3o Textual e Estudos Culturais \u2013 LPTEC"},"content":{"rendered":"\n<div class=\"wp-block-image\"><figure class=\"alignleft size-large\"><a href=\"https:\/\/www.ifbaiano.edu.br\/unidades\/gmb\/files\/2021\/03\/Sem-titulo.png\"><img decoding=\"async\" loading=\"lazy\" width=\"300\" height=\"250\" src=\"https:\/\/www.ifbaiano.edu.br\/unidades\/gmb\/files\/2021\/03\/Sem-titulo.png\" alt=\"\" class=\"wp-image-6363\" \/><\/a><\/figure><\/div>\n\n\n\n<h3 class=\"wp-block-heading\">O curso de p\u00f3s-gradua\u00e7\u00e3o Lato Sensu em Linguagens, Produ\u00e7\u00e3o Textual e Estudos Culturais do IFBAIANO Campus Governador Mangabeira tem buscado investir na amplia\u00e7\u00e3o do desenvolvimento da pesquisa na \u00e1rea de estudos da linguagem considerando a abrang\u00eancia das quest\u00f5es culturais e identit\u00e1rias que permeiam o nosso Rec\u00f4ncavo Baiano. O curso prop\u00f5e a articula\u00e7\u00e3o dos Estudos Culturais com os conhecimentos adquiridos nas \u00e1reas de forma\u00e7\u00e3o do docente, incentivando a pesquisa e o desenvolvimento de a\u00e7\u00f5es e pr\u00e1ticas sociais que engendram as atividades de leitura, escrita e interpreta\u00e7\u00e3o textual. Buscamos, dessa forma, proporcionar a forma\u00e7\u00e3o continuada de professores do Ensino Fundamental e M\u00e9dio na \u00e1rea da Linguagem e Cultura, de acordo com as especifica\u00e7\u00f5es da P\u00f3s-gradua\u00e7\u00e3o Lato-Sensu do IFBAIANO. Com a abertura de mais uma turma em 2019, estamos investindo nos resultados significativos apontados pelos nossos estudantes, no que tange \u00e0 melhoria do exerc\u00edcio das atividades profissionais de ensino e pesquisa na \u00e1rea, a progress\u00e3o docente na carreira acad\u00eamica e de pesquisador, uma vez que muitos dos nossos egressos encontram-se hoje aprovados e matriculados em programas de cursos Stricto sensu (mestrado e doutorado) de Institui\u00e7\u00f5es p\u00fablicas conceituadas no Estado da Bahia. O relato dos egressos tem possibilitado a verifica\u00e7\u00e3o da relev\u00e2ncia da exist\u00eancia do Curso Lato Sensu em Linguagens, Produ\u00e7\u00e3o Textual e Estudos Culturais para o p\u00fablico docente da regi\u00e3o, cumprindo a miss\u00e3o institucional de promover a capacita\u00e7\u00e3o de recursos humanos no Estado da Bahia para atua\u00e7\u00e3o nos espa\u00e7os formais e n\u00e3o-formais de educa\u00e7\u00e3o, assim como o favorecimento e fortalecimento da pesquisa no lFBAIANO, a partir da produ\u00e7\u00e3o cient\u00edfica, tecnol\u00f3gica e cultural, oriunda dos Trabalhos de Conclus\u00e3o de Cursos desenvolvidos em harmonia com os arranjos e contextos produtivos, sociais, econ\u00f4micos, culturais e educacionais das regi\u00f5es nas quais os discentes residem e\/ou laboram.<\/h3>\n","protected":false},"excerpt":{"rendered":"<p>O curso de p\u00f3s-gradua\u00e7\u00e3o Lato Sensu em Linguagens, Produ\u00e7\u00e3o Textual e Estudos Culturais do IFBAIANO Campus Governador Mangabeira tem buscado investir na amplia\u00e7\u00e3o do desenvolvimento da pesquisa na \u00e1rea de estudos da linguagem considerando a abrang\u00eancia das quest\u00f5es culturais e identit\u00e1rias que permeiam o nosso Rec\u00f4ncavo Baiano. O curso prop\u00f5e a articula\u00e7\u00e3o dos Estudos Culturais [&hellip;]<\/p>\n","protected":false},"author":122,"featured_media":0,"parent":0,"menu_order":0,"comment_status":"closed","ping_status":"closed","template":"","meta":[],"_links":{"self":[{"href":"https:\/\/www.ifbaiano.edu.br\/unidades\/gmb\/wp-json\/wp\/v2\/pages\/6362"}],"collection":[{"href":"https:\/\/www.ifbaiano.edu.br\/unidades\/gmb\/wp-json\/wp\/v2\/pages"}],"about":[{"href":"https:\/\/www.ifbaiano.edu.br\/unidades\/gmb\/wp-json\/wp\/v2\/types\/page"}],"author":[{"embeddable":true,"href":"https:\/\/www.ifbaiano.edu.br\/unidades\/gmb\/wp-json\/wp\/v2\/users\/122"}],"replies":[{"embeddable":true,"href":"https:\/\/www.ifbaiano.edu.br\/unidades\/gmb\/wp-json\/wp\/v2\/comments?post=6362"}],"version-history":[{"count":6,"href":"https:\/\/www.ifbaiano.edu.br\/unidades\/gmb\/wp-json\/wp\/v2\/pages\/6362\/revisions"}],"predecessor-version":[{"id":6371,"href":"https:\/\/www.ifbaiano.edu.br\/unidades\/gmb\/wp-json\/wp\/v2\/pages\/6362\/revisions\/6371"}],"wp:attachment":[{"href":"https:\/\/www.ifbaiano.edu.br\/unidades\/gmb\/wp-json\/wp\/v2\/media?parent=6362"}],"curies":[{"name":"wp","href":"https:\/\/api.w.org\/{rel}","templated":true}]}}