{"id":75,"date":"2012-10-04T18:52:32","date_gmt":"2012-10-04T18:52:32","guid":{"rendered":"http:\/\/www.ifbaiano.edu.br\/unidades\/gmb\/?page_id=75"},"modified":"2020-09-18T09:23:14","modified_gmt":"2020-09-18T12:23:14","slug":"funcionamento","status":"publish","type":"page","link":"https:\/\/www.ifbaiano.edu.br\/unidades\/gmb\/funcionamento\/","title":{"rendered":"Funcionamento"},"content":{"rendered":"<p><span style=\"font-size: large\">O IF Baiano \u2013 Campus Governador Mangabeira funciona de segunda-feira \u00e0 sexta-feira das 07:00 \u00e0s 22:00h.<\/span><\/p>\n<p><strong>Administrativo:<\/strong><\/p>\n<p>Manh\u00e3 \u2013 8 \u00e0s 12 horas;<\/p>\n<p>Tarde\u00a0\u2013 13 \u00e0s 17 horas.<\/p>\n<p><strong>Aulas:<br \/>\n<\/strong><\/p>\n<p>Manh\u00e3 \u2013 7:30h \u00e0s 11h40;<\/p>\n<p>Tarde \u2013 12h50 \u00e0s 17h00;<\/p>\n<p>Noite \u2013 18h30 \u00e0s 22h40.<\/p>\n<p><strong>Secretaria\u00a0<\/strong><\/p>\n<p>Das 7:30 \u00e0s 22 horas.<\/p>\n<p><strong>Biblioteca:<\/strong><\/p>\n<p>Das 8:00 \u00e0s 21:30 horas.<\/p>\n<p><span style=\"font-size: large\">O funcionamento aos s\u00e1bados, como dia letivo, \u00e9 divulgado atrav\u00e9s do Calend\u00e1rio Acad\u00eamico, Coordena\u00e7\u00e3o de Ensino ou diretamente aos alunos nas salas de aula.<\/span><\/p>\n","protected":false},"excerpt":{"rendered":"<p>O IF Baiano \u2013 Campus Governador Mangabeira funciona de segunda-feira \u00e0 sexta-feira das 07:00 \u00e0s 22:00h. Administrativo: Manh\u00e3 \u2013 8 \u00e0s 12 horas; Tarde\u00a0\u2013 13 \u00e0s 17 horas. Aulas: Manh\u00e3 \u2013 7:30h \u00e0s 11h40; Tarde \u2013 12h50 \u00e0s 17h00; Noite \u2013 18h30 \u00e0s 22h40. Secretaria\u00a0 Das 7:30 \u00e0s 22 horas. Biblioteca: Das 8:00 \u00e0s 21:30 [&hellip;]<\/p>\n","protected":false},"author":37,"featured_media":0,"parent":0,"menu_order":0,"comment_status":"open","ping_status":"open","template":"","meta":[],"_links":{"self":[{"href":"https:\/\/www.ifbaiano.edu.br\/unidades\/gmb\/wp-json\/wp\/v2\/pages\/75"}],"collection":[{"href":"https:\/\/www.ifbaiano.edu.br\/unidades\/gmb\/wp-json\/wp\/v2\/pages"}],"about":[{"href":"https:\/\/www.ifbaiano.edu.br\/unidades\/gmb\/wp-json\/wp\/v2\/types\/page"}],"author":[{"embeddable":true,"href":"https:\/\/www.ifbaiano.edu.br\/unidades\/gmb\/wp-json\/wp\/v2\/users\/37"}],"replies":[{"embeddable":true,"href":"https:\/\/www.ifbaiano.edu.br\/unidades\/gmb\/wp-json\/wp\/v2\/comments?post=75"}],"version-history":[{"count":7,"href":"https:\/\/www.ifbaiano.edu.br\/unidades\/gmb\/wp-json\/wp\/v2\/pages\/75\/revisions"}],"predecessor-version":[{"id":5656,"href":"https:\/\/www.ifbaiano.edu.br\/unidades\/gmb\/wp-json\/wp\/v2\/pages\/75\/revisions\/5656"}],"wp:attachment":[{"href":"https:\/\/www.ifbaiano.edu.br\/unidades\/gmb\/wp-json\/wp\/v2\/media?parent=75"}],"curies":[{"name":"wp","href":"https:\/\/api.w.org\/{rel}","templated":true}]}}