{"id":7638,"date":"2022-04-12T10:21:54","date_gmt":"2022-04-12T13:21:54","guid":{"rendered":"https:\/\/www.ifbaiano.edu.br\/unidades\/gmb\/?page_id=7638"},"modified":"2022-04-25T17:58:28","modified_gmt":"2022-04-25T20:58:28","slug":"projetos-de-extensao-pesquisa-e-inovacao","status":"publish","type":"page","link":"https:\/\/www.ifbaiano.edu.br\/unidades\/gmb\/projetos-de-extensao-pesquisa-e-inovacao\/","title":{"rendered":"PROJETOS DE EXTENS\u00c3O, PESQUISA E INOVA\u00c7\u00c3O"},"content":{"rendered":"\n<p>RESULTADO PARCIAL &#8211; SELE\u00c7\u00c3O DE PROJETOS <\/p>\n\n\n\n<p><a href=\"https:\/\/www.ifbaiano.edu.br\/unidades\/gmb\/files\/2022\/04\/RESULTADO-PARCIAL-EDITAL-No-03-DE-07.02.2022-INTERNO.pdf\">RESULTADO PARCIAL EDITAL-N\u00b0 03<\/a><\/p>\n\n\n\n<p>___________________________________________________________________________________________<\/p>\n\n\n\n<p>Homologa\u00e7\u00e3o das Inscri\u00e7\u00f5es de novos projetos &#8211; 2022<\/p>\n\n\n\n<p><a href=\"https:\/\/www.ifbaiano.edu.br\/unidades\/gmb\/files\/2022\/04\/HOMOLOGACAO-DAS-INSCRICOES-EDITAL-No-03-DE-2022-INTERNO.pdf\">Clique e conhe\u00e7a&nbsp;<\/a><\/p>\n","protected":false},"excerpt":{"rendered":"<p>RESULTADO PARCIAL &#8211; SELE\u00c7\u00c3O DE PROJETOS RESULTADO PARCIAL EDITAL-N\u00b0 03 ___________________________________________________________________________________________ Homologa\u00e7\u00e3o das Inscri\u00e7\u00f5es de novos projetos &#8211; 2022 Clique e conhe\u00e7a&nbsp;<\/p>\n","protected":false},"author":122,"featured_media":0,"parent":0,"menu_order":0,"comment_status":"closed","ping_status":"closed","template":"","meta":[],"_links":{"self":[{"href":"https:\/\/www.ifbaiano.edu.br\/unidades\/gmb\/wp-json\/wp\/v2\/pages\/7638"}],"collection":[{"href":"https:\/\/www.ifbaiano.edu.br\/unidades\/gmb\/wp-json\/wp\/v2\/pages"}],"about":[{"href":"https:\/\/www.ifbaiano.edu.br\/unidades\/gmb\/wp-json\/wp\/v2\/types\/page"}],"author":[{"embeddable":true,"href":"https:\/\/www.ifbaiano.edu.br\/unidades\/gmb\/wp-json\/wp\/v2\/users\/122"}],"replies":[{"embeddable":true,"href":"https:\/\/www.ifbaiano.edu.br\/unidades\/gmb\/wp-json\/wp\/v2\/comments?post=7638"}],"version-history":[{"count":2,"href":"https:\/\/www.ifbaiano.edu.br\/unidades\/gmb\/wp-json\/wp\/v2\/pages\/7638\/revisions"}],"predecessor-version":[{"id":7688,"href":"https:\/\/www.ifbaiano.edu.br\/unidades\/gmb\/wp-json\/wp\/v2\/pages\/7638\/revisions\/7688"}],"wp:attachment":[{"href":"https:\/\/www.ifbaiano.edu.br\/unidades\/gmb\/wp-json\/wp\/v2\/media?parent=7638"}],"curies":[{"name":"wp","href":"https:\/\/api.w.org\/{rel}","templated":true}]}}