{"id":8013,"date":"2022-09-13T13:42:53","date_gmt":"2022-09-13T16:42:53","guid":{"rendered":"https:\/\/www.ifbaiano.edu.br\/unidades\/gmb\/?page_id=8013"},"modified":"2023-10-02T14:37:20","modified_gmt":"2023-10-02T17:37:20","slug":"tecnico-em-agropecuaria","status":"publish","type":"page","link":"https:\/\/www.ifbaiano.edu.br\/unidades\/gmb\/tecnico-em-agropecuaria\/","title":{"rendered":"T\u00e9cnico em Agropecu\u00e1ria"},"content":{"rendered":"\n<p><strong>NOME DO CURSO<\/strong>: Curso T\u00e9cnico Integrado em Agropecu\u00e1ria <\/p>\n\n\n\n<p><\/p>\n\n\n\n<p>Ofertar a Educa\u00e7\u00e3o Profissional T\u00e9cnica em Agropecu\u00e1ria integrada ao N\u00edvel M\u00e9dio da<\/p>\n\n\n\n<p>Educa\u00e7\u00e3o B\u00e1sica, visando garantir aos educandos o desenvolvimento pessoal e a aquisi\u00e7\u00e3o de<\/p>\n\n\n\n<p>habilidades profissionais que os tornem aptos a executarem atividades agropecu\u00e1rias, al\u00e9m de<\/p>\n\n\n\n<p>assegurar-lhes a forma\u00e7\u00e3o comum indispens\u00e1vel para o exerc\u00edcio da cidadania.<\/p>\n\n\n\n<p><\/p>\n\n\n\n<p>Realizado de forma presencial, a ser integralizado num per\u00edodo de 03 a 05 anos.<\/p>\n\n\n\n<p><strong>P\u00daBLICO ALVO:<\/strong>&nbsp;estudantes que conclu\u00edram o Ensino Fundamental (9\u00ba ano).<\/p>\n\n\n\n<p><strong>PERFIL PROFISSIONAL<\/strong>:<\/p>\n\n\n\n<p>Espera-se, que a oferta do Curso T\u00e9cnico em Agropecu\u00e1ria Integrado ao Ensino M\u00e9dio,<br>seja capaz de desenvolver plenamente o educando, preparando-o para o exerc\u00edcio da cidadania<br>e qualificando-o para exercer diversas atividades agropecu\u00e1rias espec\u00edficas, caracterizadas pelo<br>perfil do curso e associadas as necessidades espec\u00edficas do Rec\u00f4ncavo Baiano, como por<br>exemplo:<\/p>\n\n\n\n<p>(i) manejar, de forma sustent\u00e1vel, os recursos naturais e os agroecossistemas;<br>(ii) saber identificar oportunidades de neg\u00f3cio e trabalhar de forma cooperada e<br>associada.<br>(iii) orientar e coordenar a execu\u00e7\u00e3o dos servi\u00e7os de compra, venda, manuten\u00e7\u00e3o e<br>utiliza\u00e7\u00e3o de produtos, equipamentos e instala\u00e7\u00f5es agropecu\u00e1rias;<br>(iv) responsabilizar-se a prestar assist\u00eancia t\u00e9cnica na elabora\u00e7\u00e3o e execu\u00e7\u00e3o de projetos<br>e pesquisas agropecu\u00e1rias;<\/p>\n\n\n\n<p>O profissional formado poder\u00e1 atuar em propriedades rurais, empresas comerciais<br>agropecu\u00e1rias, estabelecimentos agroindustriais, empresas de assist\u00eancia t\u00e9cnica, extens\u00e3o<br>rural e pesquisa, parques e reservas naturais, cooperativas e associa\u00e7\u00f5es rurais.<br>Espera-se que o egresso do curso apresente perfil profissional compat\u00edvel com o<br>referencial presente no Cat\u00e1logo Nacional de Cursos T\u00e9cnicos (CNCT), em sua 3\u00aa edi\u00e7\u00e3o,<br>associado \u00e0s demandas sociais, econ\u00f4micas e culturais do Rec\u00f4ncavo Baiano.<\/p>\n\n\n\n<p><strong>MATRIZ CURRICULAR<\/strong><\/p>\n\n\n\n<p><a href=\"https:\/\/www.ifbaiano.edu.br\/unidades\/gmb\/files\/2023\/10\/PPC-AGROPECUARIA-INTEGRADO-16.pdf\"><a rel=\"noreferrer noopener\" href=\"https:\/\/www.ifbaiano.edu.br\/unidades\/gmb\/files\/2023\/10\/PPC-TMSI-2019-39.pdf\" target=\"_blank\">Grade Curricular do Curso <a href=\"https:\/\/www.ifbaiano.edu.br\/unidades\/gmb\/files\/2022\/09\/PPC-AGROPECUARIA-INTEGRADO.pdf\">T\u00e9cnico Integrado em Agropecu\u00e1ria <\/a><\/a><\/a> <\/p>\n\n\n\n<p><strong>PROJETO POL\u00cdTICO DO CURSO<\/strong><\/p>\n\n\n\n<p><a href=\"https:\/\/www.ifbaiano.edu.br\/unidades\/gmb\/files\/2022\/09\/PPC-Texto-AGROINDUSTRIA-INTEGRADO-Gov.-Mangabeira-Reformulado.pdf\">PP<\/a><a href=\"https:\/\/www.ifbaiano.edu.br\/unidades\/gmb\/files\/2023\/10\/PPC-AGROPECUARIA-INTEGRADO.pdf\">PC do Curso T\u00e9cnico Integrado em Agropecu\u00e1ria <\/a><\/p>\n","protected":false},"excerpt":{"rendered":"<p>NOME DO CURSO: Curso T\u00e9cnico Integrado em Agropecu\u00e1ria Ofertar a Educa\u00e7\u00e3o Profissional T\u00e9cnica em Agropecu\u00e1ria integrada ao N\u00edvel M\u00e9dio da Educa\u00e7\u00e3o B\u00e1sica, visando garantir aos educandos o desenvolvimento pessoal e a aquisi\u00e7\u00e3o de habilidades profissionais que os tornem aptos a executarem atividades agropecu\u00e1rias, al\u00e9m de assegurar-lhes a forma\u00e7\u00e3o comum indispens\u00e1vel para o exerc\u00edcio da cidadania. [&hellip;]<\/p>\n","protected":false},"author":155,"featured_media":0,"parent":0,"menu_order":0,"comment_status":"closed","ping_status":"closed","template":"","meta":[],"_links":{"self":[{"href":"https:\/\/www.ifbaiano.edu.br\/unidades\/gmb\/wp-json\/wp\/v2\/pages\/8013"}],"collection":[{"href":"https:\/\/www.ifbaiano.edu.br\/unidades\/gmb\/wp-json\/wp\/v2\/pages"}],"about":[{"href":"https:\/\/www.ifbaiano.edu.br\/unidades\/gmb\/wp-json\/wp\/v2\/types\/page"}],"author":[{"embeddable":true,"href":"https:\/\/www.ifbaiano.edu.br\/unidades\/gmb\/wp-json\/wp\/v2\/users\/155"}],"replies":[{"embeddable":true,"href":"https:\/\/www.ifbaiano.edu.br\/unidades\/gmb\/wp-json\/wp\/v2\/comments?post=8013"}],"version-history":[{"count":4,"href":"https:\/\/www.ifbaiano.edu.br\/unidades\/gmb\/wp-json\/wp\/v2\/pages\/8013\/revisions"}],"predecessor-version":[{"id":9335,"href":"https:\/\/www.ifbaiano.edu.br\/unidades\/gmb\/wp-json\/wp\/v2\/pages\/8013\/revisions\/9335"}],"wp:attachment":[{"href":"https:\/\/www.ifbaiano.edu.br\/unidades\/gmb\/wp-json\/wp\/v2\/media?parent=8013"}],"curies":[{"name":"wp","href":"https:\/\/api.w.org\/{rel}","templated":true}]}}