{"id":8132,"date":"2022-10-20T14:25:02","date_gmt":"2022-10-20T17:25:02","guid":{"rendered":"https:\/\/www.ifbaiano.edu.br\/unidades\/gmb\/?page_id=8132"},"modified":"2023-02-14T14:38:11","modified_gmt":"2023-02-14T17:38:11","slug":"cursos-tecnicos-na-modalidade-integradas","status":"publish","type":"page","link":"https:\/\/www.ifbaiano.edu.br\/unidades\/gmb\/cursos-tecnicos-na-modalidade-integradas\/","title":{"rendered":"CURSOS T\u00c9CNICOS NA MODALIDADE INTEGRADA AO ENSINO M\u00c9DIO"},"content":{"rendered":"<div class=\"wp-block-columns\">\n<div class=\"wp-block-column is-vertically-aligned-center\">\n<h3><strong>Ingresso de Estudantes no Campus Governador Mangabeira em 2023<\/strong><\/h3>\n<\/div>\n<div class=\"wp-block-column is-vertically-aligned-center\">\n<div class=\"wp-block-buttons\">\n<div>\u00a0<\/div>\n<\/div>\n<\/div>\n<\/div>\n\n\n<p><strong>ACESSE EDITAL E ANEXOS:<\/strong><\/p>\n\n\n\n<p><a href=\"https:\/\/www.ifbaiano.edu.br\/unidades\/gmb\/files\/2022\/10\/NIVEL-MEDIO-NA-FORMA-INTEGRADA-AO-ENSINO-MEDIO-MODALIDADE-PRESENCIAL.pdf\"><strong>Edital N\u00ba 23&nbsp;<\/strong> &#8211; 21\/10\/2022<\/a>.  <\/p>\n\n\n\n<p><a href=\"https:\/\/www.ifbaiano.edu.br\/unidades\/gmb\/files\/2022\/10\/Anexo-II-Consolidacao-de-renda-familiar.pdf\">ANEXO II<\/a> &#8211; 21\/10\/2022<\/p>\n\n\n\n<p><a href=\"https:\/\/www.ifbaiano.edu.br\/unidades\/gmb\/files\/2022\/10\/Anexo-lll-Auto-declaracao-etnico-racial.pdf\">ANEXO III<\/a> &#8211;  21\/10\/2022 <\/p>\n\n\n\n<p><a href=\"https:\/\/www.ifbaiano.edu.br\/unidades\/gmb\/files\/2022\/10\/Anexo-lV-Declaracao-de-pessoa-com-deficiencia.pdf\">ANEXO IV<\/a> &#8211;  21\/10\/2022 <\/p>\n\n\n\n<p><a href=\"https:\/\/www.ifbaiano.edu.br\/unidades\/gmb\/files\/2022\/10\/Anexo-V-Declaracao-de-historico-escolar-do-ensino-fudamental-ll.pdf\">ANEXO V<\/a> &#8211;  21\/10\/2022 <\/p>\n\n\n\n<p><a href=\"https:\/\/www.ifbaiano.edu.br\/unidades\/gmb\/files\/2022\/10\/ANEXO-VI-Declaracao-de-escola-publica.pdf\">ANEXO VI<\/a> &#8211;  21\/10\/2022 <\/p>\n\n\n\n<p><a href=\"https:\/\/www.ifbaiano.edu.br\/unidades\/gmb\/files\/2022\/10\/ANEXO-VII-Autodeclaracao-de-renda.pdf\">ANEXO VII<\/a> &#8211;  21\/10\/2022 <\/p>\n\n\n\n<p><a href=\"https:\/\/www.ifbaiano.edu.br\/unidades\/gmb\/files\/2022\/10\/Anexo-VIII-Formulario-de-recurso.pdf\">ANEXO VIII<\/a> &#8211;  21\/10\/2022 <\/p>\n\n\n\n<p>______________________________________________________________________________________________________________________________<\/p>\n\n\n\n<h2 class=\"wp-block-heading\"><strong>RESULTADO PRELIMINAR DAS INSCRI\u00c7\u00d5ES HOMOLOGADAS<\/strong><\/h2>\n\n\n\n<p><a href=\"https:\/\/www.ifbaiano.edu.br\/unidades\/gmb\/files\/2022\/12\/Inscricoes-homologadas-InformaticaRETIFICACAO.pdf\">Inscri\u00e7\u00f5es homologadas do curso Informatica &#8211; RETIFICA\u00c7\u00c3O<\/a><\/p>\n\n\n\n<p><a href=\"https:\/\/www.ifbaiano.edu.br\/unidades\/gmb\/files\/2022\/12\/Informatica.pdf\">Inform\u00e1tica<\/a><br><a href=\"https:\/\/www.ifbaiano.edu.br\/unidades\/gmb\/files\/2022\/12\/Agropecuaria.pdf\">Agropecuaria<\/a><br><a href=\"https:\/\/www.ifbaiano.edu.br\/unidades\/gmb\/files\/2022\/12\/Agroindustria.pdf\">Agroindustria<\/a><\/p>\n\n\n\n<p><\/p>\n","protected":false},"excerpt":{"rendered":"<p>Ingresso de Estudantes no Campus Governador Mangabeira em 2023 \u00a0 ACESSE EDITAL E ANEXOS: Edital N\u00ba 23&nbsp; &#8211; 21\/10\/2022. ANEXO II &#8211; 21\/10\/2022 ANEXO III &#8211; 21\/10\/2022 ANEXO IV &#8211; 21\/10\/2022 ANEXO V &#8211; 21\/10\/2022 ANEXO VI &#8211; 21\/10\/2022 ANEXO VII &#8211; 21\/10\/2022 ANEXO VIII &#8211; 21\/10\/2022 ______________________________________________________________________________________________________________________________ RESULTADO PRELIMINAR DAS INSCRI\u00c7\u00d5ES HOMOLOGADAS Inscri\u00e7\u00f5es homologadas [&hellip;]<\/p>\n","protected":false},"author":155,"featured_media":0,"parent":0,"menu_order":0,"comment_status":"closed","ping_status":"closed","template":"","meta":[],"_links":{"self":[{"href":"https:\/\/www.ifbaiano.edu.br\/unidades\/gmb\/wp-json\/wp\/v2\/pages\/8132"}],"collection":[{"href":"https:\/\/www.ifbaiano.edu.br\/unidades\/gmb\/wp-json\/wp\/v2\/pages"}],"about":[{"href":"https:\/\/www.ifbaiano.edu.br\/unidades\/gmb\/wp-json\/wp\/v2\/types\/page"}],"author":[{"embeddable":true,"href":"https:\/\/www.ifbaiano.edu.br\/unidades\/gmb\/wp-json\/wp\/v2\/users\/155"}],"replies":[{"embeddable":true,"href":"https:\/\/www.ifbaiano.edu.br\/unidades\/gmb\/wp-json\/wp\/v2\/comments?post=8132"}],"version-history":[{"count":15,"href":"https:\/\/www.ifbaiano.edu.br\/unidades\/gmb\/wp-json\/wp\/v2\/pages\/8132\/revisions"}],"predecessor-version":[{"id":8393,"href":"https:\/\/www.ifbaiano.edu.br\/unidades\/gmb\/wp-json\/wp\/v2\/pages\/8132\/revisions\/8393"}],"wp:attachment":[{"href":"https:\/\/www.ifbaiano.edu.br\/unidades\/gmb\/wp-json\/wp\/v2\/media?parent=8132"}],"curies":[{"name":"wp","href":"https:\/\/api.w.org\/{rel}","templated":true}]}}